{"id":12293,"date":"2025-05-12T14:27:10","date_gmt":"2025-05-12T12:27:10","guid":{"rendered":"https:\/\/www.livresentre2actions.fr\/?post_type=product&#038;p=12293"},"modified":"2025-08-28T18:43:57","modified_gmt":"2025-08-28T16:43:57","slug":"le-livre-de-bijouterie-de-rene-boyvin-dangers","status":"publish","type":"product","link":"https:\/\/www.livresentre2actions.fr\/en\/product\/le-livre-de-bijouterie-de-rene-boyvin-dangers\/","title":{"rendered":"Le livre de bijouterie de Ren\u00e9 Boyvin, d\u2019Angers"},"content":{"rendered":"<p>Le livre de bijouterie de Ren\u00e9 Boyvin, d\u2019Angers. Reproduit en fac-simil\u00e9 par M. Amand-Durand.<\/p>\n<p>G. Duplessis (Notice) &#8211; Rapilly, libraire et marchand d\u2019estampes<\/p>\n<p>Broch\u00e9 oblong, 182 x 236, 8p. Suivi de 20 planches grav\u00e9es sur fond l\u00e9g\u00e8rement teint\u00e9 (dont un titre), puis de leur description laquelle est pagin\u00e9e 9-16. 1876.Notice de par Georges Duplessis. Int\u00e9rieur tr\u00e8s bon, propre et int\u00e8gre ; une petite d\u00e9chirure sans manque en t\u00eate de quatri\u00e8me r\u00e9par\u00e9e tr\u00e8s discr\u00e8tement. Reproduction en h\u00e9liogravure par A.-Durand d&rsquo;une suite de bijoux, r\u00e9alis\u00e9e par Ren\u00e9 Boyvin et Paul de la Houve, et recherch\u00e9e mais dont peu d&rsquo;exemplaires complets subsistent La Bnf ne poss\u00e8de \u00e9galement que cette \u00e9dition. Aucun exemplaire de l&rsquo;\u00e9dition originale (1600) au Catalogue collectif de France. Graveur et dessinateur angevin Ren\u00e9 Boyvin (1525 &#8211; 1598 ou 1625) \u00e9tait \u00e9galement m\u00e9dailleur et dessinateur, ayant suivi son apprentissage \u00e0 Fontainebleau. Paul de la Houve \u00e9tait graveur et \u00e9diteur et a offici\u00e9 ici en tant qu\u2019\u00e9diteur. Vingt estampes, toutes repr\u00e9sentant des mod\u00e8les pour orf\u00e8vres et joailliers. Grav\u00e9es par Ren\u00e9 Boyvin, les estampes ici reproduites l\u2019ont \u00e9t\u00e9 d&rsquo;apr\u00e8s des mod\u00e8les de Rosso Fiorentino ou, plus probablement, de son assistant L\u00e9onard Thiry. Georhes Duplessis dit Gratet-Duplessis (1834-1899) \u00e9tait un historien de l\u2019art et un conservateur fran\u00e7ais, dirigeant la Biblioth\u00e8que nationale de 1885 \u00e0 sa mort. (source : wikip. et collections.vam.ac.uk).<\/p>","protected":false},"excerpt":{"rendered":"<p>Le livre de bijouterie de Ren\u00e9 Boyvin, d\u2019Angers. Reproduit en fac-simil\u00e9 par M. Amand-Durand. G. Duplessis (Notice) &#8211; Rapilly, libraire et marchand d\u2019estampes Broch\u00e9 oblong, 182 x 236, 8p. Suivi de 20 planches grav\u00e9es sur fond l\u00e9g\u00e8rement teint\u00e9 (dont un titre), puis de leur description laquelle est pagin\u00e9e 9-16. 1876.Notice de par Georges Duplessis. Int\u00e9rieur &#8230; <a title=\"Le livre de bijouterie de Ren\u00e9 Boyvin, d\u2019Angers\" class=\"read-more\" href=\"https:\/\/www.livresentre2actions.fr\/en\/product\/le-livre-de-bijouterie-de-rene-boyvin-dangers\/\" aria-label=\"Read more about Le livre de bijouterie de Ren\u00e9 Boyvin, d\u2019Angers\">Read more<\/a><\/p>","protected":false},"featured_media":12294,"template":"","meta":{"_eb_attr":""},"product_brand":[],"product_cat":[36,75,72,71,69],"product_tag":[86],"class_list":{"0":"post-12293","1":"product","2":"type-product","3":"status-publish","4":"has-post-thumbnail","6":"product_cat-entre-le-xviiieme-et-le-xixeme-siecle","7":"product_cat-art","8":"product_cat-divers","9":"product_cat-illustres-modernes-editions-originales-signees-numerotees","10":"product_cat-sciences-et-techniques","11":"product_tag-illustre","12":"sales-flash-overlay","13":"woocommerce-text-align-center","14":"woocommerce-image-align-center","15":"wc-has-gallery","17":"first","18":"instock","19":"taxable","20":"shipping-taxable","21":"purchasable","22":"product-type-simple"},"aioseo_notices":[],"_links":{"self":[{"href":"https:\/\/www.livresentre2actions.fr\/en\/wp-json\/wp\/v2\/product\/12293","targetHints":{"allow":["GET"]}}],"collection":[{"href":"https:\/\/www.livresentre2actions.fr\/en\/wp-json\/wp\/v2\/product"}],"about":[{"href":"https:\/\/www.livresentre2actions.fr\/en\/wp-json\/wp\/v2\/types\/product"}],"wp:featuredmedia":[{"embeddable":true,"href":"https:\/\/www.livresentre2actions.fr\/en\/wp-json\/wp\/v2\/media\/12294"}],"wp:attachment":[{"href":"https:\/\/www.livresentre2actions.fr\/en\/wp-json\/wp\/v2\/media?parent=12293"}],"wp:term":[{"taxonomy":"product_brand","embeddable":true,"href":"https:\/\/www.livresentre2actions.fr\/en\/wp-json\/wp\/v2\/product_brand?post=12293"},{"taxonomy":"product_cat","embeddable":true,"href":"https:\/\/www.livresentre2actions.fr\/en\/wp-json\/wp\/v2\/product_cat?post=12293"},{"taxonomy":"product_tag","embeddable":true,"href":"https:\/\/www.livresentre2actions.fr\/en\/wp-json\/wp\/v2\/product_tag?post=12293"}],"curies":[{"name":"wp","href":"https:\/\/api.w.org\/{rel}","templated":true}]}}