{"id":12252,"date":"2025-05-12T14:03:23","date_gmt":"2025-05-12T12:03:23","guid":{"rendered":"https:\/\/www.livresentre2actions.fr\/?post_type=product&#038;p=12252"},"modified":"2025-08-27T12:00:04","modified_gmt":"2025-08-27T10:00:04","slug":"the-lives-of-the-english-poets-2-vols-complet","status":"publish","type":"product","link":"https:\/\/www.livresentre2actions.fr\/en\/product\/the-lives-of-the-english-poets-2-vols-complet\/","title":{"rendered":"The Lives of the english Poets, 2 vols. Complet"},"content":{"rendered":"<p>Samuel Johnson &#8211; London, for F.C. and T. Revington, and the other Proprietors<\/p>\n<p>Tr\u00e8s jolie reliure plein chagrin noir \u00e0 petit grains, dos long orn\u00e9 d\u2019un beau motif sym\u00e9trique, des titre, auteur, date, toutes tranches dor\u00e9es, signet, guirlande dor\u00e9e en bord de contreplat, 132 x 75, 528 et 543p. 1829. Frontispice \u00e0 chaque volume : Milton dessin\u00e9 par T. Uwins et grav\u00e9 par W. au T1, Finden \/ Dean Swift et Miss [Esther] Van Homrigh, par les m\u00eames. Vignette au titre de chaque volume, par les m\u00eames. Jolie provenance : ex-libris en contreplat sup\u00e9rieur \u00ab Jo\u00ebl Dupont, \u00bb ancien conservateur du mus\u00e9e Barbey d&rsquo;Aurevilly. \u00e0 Saint-Sauveur-le-Vicomte. Int\u00e9rieurs tr\u00e8s frais, propres, int\u00e8gres ; de m\u00eame que les reliures en tr\u00e8s bel \u00e9tat.<\/p>","protected":false},"excerpt":{"rendered":"<p>Samuel Johnson &#8211; London, for F.C. and T. Revington, and the other Proprietors Tr\u00e8s jolie reliure plein chagrin noir \u00e0 petit grains, dos long orn\u00e9 d\u2019un beau motif sym\u00e9trique, des titre, auteur, date, toutes tranches dor\u00e9es, signet, guirlande dor\u00e9e en bord de contreplat, 132 x 75, 528 et 543p. 1829. Frontispice \u00e0 chaque volume : &#8230; <a title=\"The Lives of the english Poets, 2 vols. Complet\" class=\"read-more\" href=\"https:\/\/www.livresentre2actions.fr\/en\/product\/the-lives-of-the-english-poets-2-vols-complet\/\" aria-label=\"Read more about The Lives of the english Poets, 2 vols. Complet\">Read more<\/a><\/p>","protected":false},"featured_media":12253,"template":"","meta":{"_eb_attr":""},"product_brand":[],"product_cat":[36,71,76],"product_tag":[94],"class_list":{"0":"post-12252","1":"product","2":"type-product","3":"status-publish","4":"has-post-thumbnail","6":"product_cat-entre-le-xviiieme-et-le-xixeme-siecle","7":"product_cat-illustres-modernes-editions-originales-signees-numerotees","8":"product_cat-poesie-theatre-prose","9":"product_tag-provenance","10":"sales-flash-overlay","11":"woocommerce-text-align-center","12":"woocommerce-image-align-center","13":"wc-has-gallery","15":"first","16":"instock","17":"taxable","18":"shipping-taxable","19":"purchasable","20":"product-type-simple"},"aioseo_notices":[],"_links":{"self":[{"href":"https:\/\/www.livresentre2actions.fr\/en\/wp-json\/wp\/v2\/product\/12252","targetHints":{"allow":["GET"]}}],"collection":[{"href":"https:\/\/www.livresentre2actions.fr\/en\/wp-json\/wp\/v2\/product"}],"about":[{"href":"https:\/\/www.livresentre2actions.fr\/en\/wp-json\/wp\/v2\/types\/product"}],"wp:featuredmedia":[{"embeddable":true,"href":"https:\/\/www.livresentre2actions.fr\/en\/wp-json\/wp\/v2\/media\/12253"}],"wp:attachment":[{"href":"https:\/\/www.livresentre2actions.fr\/en\/wp-json\/wp\/v2\/media?parent=12252"}],"wp:term":[{"taxonomy":"product_brand","embeddable":true,"href":"https:\/\/www.livresentre2actions.fr\/en\/wp-json\/wp\/v2\/product_brand?post=12252"},{"taxonomy":"product_cat","embeddable":true,"href":"https:\/\/www.livresentre2actions.fr\/en\/wp-json\/wp\/v2\/product_cat?post=12252"},{"taxonomy":"product_tag","embeddable":true,"href":"https:\/\/www.livresentre2actions.fr\/en\/wp-json\/wp\/v2\/product_tag?post=12252"}],"curies":[{"name":"wp","href":"https:\/\/api.w.org\/{rel}","templated":true}]}}