{"id":12210,"date":"2025-05-12T13:54:35","date_gmt":"2025-05-12T11:54:35","guid":{"rendered":"https:\/\/www.livresentre2actions.fr\/?post_type=product&#038;p=12210"},"modified":"2025-08-25T14:22:28","modified_gmt":"2025-08-25T12:22:28","slug":"tokyo-ville-ancienne-capitale-moderne-cinquante-croquis-old-city-modern-capital-fifty-sketches","status":"publish","type":"product","link":"https:\/\/www.livresentre2actions.fr\/en\/product\/tokyo-ville-ancienne-capitale-moderne-cinquante-croquis-old-city-modern-capital-fifty-sketches\/","title":{"rendered":"Tokyo, ville ancienne, capitale moderne, cinquante croquis &#8211; Old City, modern capital, fifty sketches"},"content":{"rendered":"<p>No\u00ebl Nou\u00ebt &#8211;\u00a0La Maison Franco-Japonaise<\/p>\n<p>Broch\u00e9 \u00e0 la japonaise, cordon apparent en couverture, 262 x 188, Tokyo, sans date (1936). . Texte trilingue (fran\u00e7ais, anglais, japonais) accompagn\u00e9 de 50 compositions en hors-texte de No\u00ebl Nou\u00ebt. Vignette reproduction photographique de l\u2019auteur au titre. Pr\u00e9face [trilingue] du Vicomte S. Soga. 5p. Puis Dans Tokyo, que reste-t-il d\u2019Edo\u00a0? [trilingue, 21p.]\u00a0; Table des gravures [trilingue, 3p.] Suivis des 24 planches sous serpente imprim\u00e9es de la l\u00e9gende trilingue. Int\u00e9rieur propre et int\u00e8gre, avec pages tr\u00e8s l\u00e9g\u00e8rement corn\u00e9es en t\u00eate. Couvertures et dos tr\u00e8s l\u00e9g\u00e8rement insol\u00e9s, mais propres et int\u00e8gres, une petite tache pr\u00e8s du dos. Brochage cord\u00e9 en tr\u00e8s bel \u00e9tat, bien ferme.<\/p>","protected":false},"excerpt":{"rendered":"<p>No\u00ebl Nou\u00ebt &#8211;\u00a0La Maison Franco-Japonaise Broch\u00e9 \u00e0 la japonaise, cordon apparent en couverture, 262 x 188, Tokyo, sans date (1936). . Texte trilingue (fran\u00e7ais, anglais, japonais) accompagn\u00e9 de 50 compositions en hors-texte de No\u00ebl Nou\u00ebt. Vignette reproduction photographique de l\u2019auteur au titre. Pr\u00e9face [trilingue] du Vicomte S. Soga. 5p. Puis Dans Tokyo, que reste-t-il d\u2019Edo\u00a0? &#8230; <a title=\"Tokyo, ville ancienne, capitale moderne, cinquante croquis &#8211; Old City, modern capital, fifty sketches\" class=\"read-more\" href=\"https:\/\/www.livresentre2actions.fr\/en\/product\/tokyo-ville-ancienne-capitale-moderne-cinquante-croquis-old-city-modern-capital-fifty-sketches\/\" aria-label=\"Read more about Tokyo, ville ancienne, capitale moderne, cinquante croquis &#8211; Old City, modern capital, fifty sketches\">Read more<\/a><\/p>","protected":false},"featured_media":12211,"template":"","meta":{"_eb_attr":""},"product_brand":[],"product_cat":[37,75,71,73],"product_tag":[],"class_list":{"0":"post-12210","1":"product","2":"type-product","3":"status-publish","4":"has-post-thumbnail","6":"product_cat-a-partir-du-xxeme-siecle","7":"product_cat-art","8":"product_cat-illustres-modernes-editions-originales-signees-numerotees","9":"product_cat-histoires-et-recits-de-voyage","10":"sales-flash-overlay","11":"woocommerce-text-align-center","12":"woocommerce-image-align-center","13":"wc-has-gallery","15":"first","16":"instock","17":"taxable","18":"shipping-taxable","19":"purchasable","20":"product-type-simple"},"aioseo_notices":[],"_links":{"self":[{"href":"https:\/\/www.livresentre2actions.fr\/en\/wp-json\/wp\/v2\/product\/12210","targetHints":{"allow":["GET"]}}],"collection":[{"href":"https:\/\/www.livresentre2actions.fr\/en\/wp-json\/wp\/v2\/product"}],"about":[{"href":"https:\/\/www.livresentre2actions.fr\/en\/wp-json\/wp\/v2\/types\/product"}],"wp:featuredmedia":[{"embeddable":true,"href":"https:\/\/www.livresentre2actions.fr\/en\/wp-json\/wp\/v2\/media\/12211"}],"wp:attachment":[{"href":"https:\/\/www.livresentre2actions.fr\/en\/wp-json\/wp\/v2\/media?parent=12210"}],"wp:term":[{"taxonomy":"product_brand","embeddable":true,"href":"https:\/\/www.livresentre2actions.fr\/en\/wp-json\/wp\/v2\/product_brand?post=12210"},{"taxonomy":"product_cat","embeddable":true,"href":"https:\/\/www.livresentre2actions.fr\/en\/wp-json\/wp\/v2\/product_cat?post=12210"},{"taxonomy":"product_tag","embeddable":true,"href":"https:\/\/www.livresentre2actions.fr\/en\/wp-json\/wp\/v2\/product_tag?post=12210"}],"curies":[{"name":"wp","href":"https:\/\/api.w.org\/{rel}","templated":true}]}}