{"id":12145,"date":"2025-04-30T16:21:21","date_gmt":"2025-04-30T14:21:21","guid":{"rendered":"https:\/\/www.livresentre2actions.fr\/?post_type=product&#038;p=12145"},"modified":"2025-04-30T16:21:22","modified_gmt":"2025-04-30T14:21:22","slug":"zblizenia-wyobcowane-jan-suberlak","status":"publish","type":"product","link":"https:\/\/www.livresentre2actions.fr\/en\/product\/zblizenia-wyobcowane-jan-suberlak\/","title":{"rendered":"Zblizenia wyobcowane &#8211; Jan Suberlak"},"content":{"rendered":"<p>Oficyna Poetow i Malarzy<\/p>\n<p>Broch\u00e9, 214 x 137, 38 p. Londres, 1975. Recueil de 47 po\u00e8mes en langue polonaise. Int\u00e9rieur jauni avec quelques rousseurs, mais tr\u00e8s bon, et qui comprend une petite feuille volante sur laquelle est inscrite l&rsquo;adresse de Jan et Josepha Suberlak \u00e0 Cracovie. Les couvertures sont un jaunies et comportent quelques taches et\/rousseurs. Exemplaire qui semble avoir \u00e9t\u00e9 cogn\u00e9 en t\u00eate au niveau du dos. Pas de manque. Bon exemplaire.<\/p>","protected":false},"excerpt":{"rendered":"<p>Oficyna Poetow i Malarzy Broch\u00e9, 214 x 137, 38 p. Londres, 1975. Recueil de 47 po\u00e8mes en langue polonaise. Int\u00e9rieur jauni avec quelques rousseurs, mais tr\u00e8s bon, et qui comprend une petite feuille volante sur laquelle est inscrite l&rsquo;adresse de Jan et Josepha Suberlak \u00e0 Cracovie. Les couvertures sont un jaunies et comportent quelques taches &#8230; <a title=\"Zblizenia wyobcowane &#8211; Jan Suberlak\" class=\"read-more\" href=\"https:\/\/www.livresentre2actions.fr\/en\/product\/zblizenia-wyobcowane-jan-suberlak\/\" aria-label=\"Read more about Zblizenia wyobcowane &#8211; Jan Suberlak\">Read more<\/a><\/p>","protected":false},"featured_media":12146,"template":"","meta":{"_eb_attr":""},"product_brand":[],"product_cat":[37,76],"product_tag":[],"class_list":{"0":"post-12145","1":"product","2":"type-product","3":"status-publish","4":"has-post-thumbnail","6":"product_cat-a-partir-du-xxeme-siecle","7":"product_cat-poesie-theatre-prose","8":"sales-flash-overlay","9":"woocommerce-text-align-center","10":"woocommerce-image-align-center","11":"wc-has-gallery","13":"first","14":"instock","15":"taxable","16":"shipping-taxable","17":"purchasable","18":"product-type-simple"},"aioseo_notices":[],"_links":{"self":[{"href":"https:\/\/www.livresentre2actions.fr\/en\/wp-json\/wp\/v2\/product\/12145","targetHints":{"allow":["GET"]}}],"collection":[{"href":"https:\/\/www.livresentre2actions.fr\/en\/wp-json\/wp\/v2\/product"}],"about":[{"href":"https:\/\/www.livresentre2actions.fr\/en\/wp-json\/wp\/v2\/types\/product"}],"wp:featuredmedia":[{"embeddable":true,"href":"https:\/\/www.livresentre2actions.fr\/en\/wp-json\/wp\/v2\/media\/12146"}],"wp:attachment":[{"href":"https:\/\/www.livresentre2actions.fr\/en\/wp-json\/wp\/v2\/media?parent=12145"}],"wp:term":[{"taxonomy":"product_brand","embeddable":true,"href":"https:\/\/www.livresentre2actions.fr\/en\/wp-json\/wp\/v2\/product_brand?post=12145"},{"taxonomy":"product_cat","embeddable":true,"href":"https:\/\/www.livresentre2actions.fr\/en\/wp-json\/wp\/v2\/product_cat?post=12145"},{"taxonomy":"product_tag","embeddable":true,"href":"https:\/\/www.livresentre2actions.fr\/en\/wp-json\/wp\/v2\/product_tag?post=12145"}],"curies":[{"name":"wp","href":"https:\/\/api.w.org\/{rel}","templated":true}]}}