{"id":12131,"date":"2025-04-29T16:41:12","date_gmt":"2025-04-29T14:41:12","guid":{"rendered":"https:\/\/www.livresentre2actions.fr\/?post_type=product&#038;p=12131"},"modified":"2025-08-25T14:22:29","modified_gmt":"2025-08-25T12:22:29","slug":"un-meconnu-du-realisme-duranty-1833-1880","status":"publish","type":"product","link":"https:\/\/www.livresentre2actions.fr\/en\/product\/un-meconnu-du-realisme-duranty-1833-1880\/","title":{"rendered":"Un m\u00e9connu du r\u00e9alisme : Duranty (1833-1880)"},"content":{"rendered":"<p>Un m\u00e9connu du r\u00e9alisme : Duranty (1833-1880) : L&rsquo;Homme &#8211; Le Critique &#8211; Le Romancier<\/p>\n<p>Marcel Crouzet &#8211; Librairie Nizet<\/p>\n<p>Broch\u00e9, 245 x 163, 787p. Avec table.1964. Bien complet de ses 8 hors texte. Int\u00e9rieur tr\u00e8s bon, propre (2 pages tach\u00e9es en marge dont une avec d\u00e9chirure sans manque en marge\u00a0; pages un peu froiss\u00e9es en tout fin de volume \u2013 table et index). Dos rid\u00e9. Couvertures l\u00e9g\u00e8rement insol\u00e9es, quelques traces rouges en quatri\u00e8me. Bon exemplaire bien ferme.<\/p>","protected":false},"excerpt":{"rendered":"<p>Un m\u00e9connu du r\u00e9alisme : Duranty (1833-1880) : L&rsquo;Homme &#8211; Le Critique &#8211; Le Romancier Marcel Crouzet &#8211; Librairie Nizet Broch\u00e9, 245 x 163, 787p. Avec table.1964. Bien complet de ses 8 hors texte. Int\u00e9rieur tr\u00e8s bon, propre (2 pages tach\u00e9es en marge dont une avec d\u00e9chirure sans manque en marge\u00a0; pages un peu froiss\u00e9es &#8230; <a title=\"Un m\u00e9connu du r\u00e9alisme : Duranty (1833-1880)\" class=\"read-more\" href=\"https:\/\/www.livresentre2actions.fr\/en\/product\/un-meconnu-du-realisme-duranty-1833-1880\/\" aria-label=\"Read more about Un m\u00e9connu du r\u00e9alisme : Duranty (1833-1880)\">Read more<\/a><\/p>","protected":false},"featured_media":12132,"template":"","meta":{"_eb_attr":""},"product_brand":[],"product_cat":[37,71,76],"product_tag":[],"class_list":{"0":"post-12131","1":"product","2":"type-product","3":"status-publish","4":"has-post-thumbnail","6":"product_cat-a-partir-du-xxeme-siecle","7":"product_cat-illustres-modernes-editions-originales-signees-numerotees","8":"product_cat-poesie-theatre-prose","9":"sales-flash-overlay","10":"woocommerce-text-align-center","11":"woocommerce-image-align-center","13":"first","14":"outofstock","15":"taxable","16":"shipping-taxable","17":"purchasable","18":"product-type-simple"},"aioseo_notices":[],"_links":{"self":[{"href":"https:\/\/www.livresentre2actions.fr\/en\/wp-json\/wp\/v2\/product\/12131","targetHints":{"allow":["GET"]}}],"collection":[{"href":"https:\/\/www.livresentre2actions.fr\/en\/wp-json\/wp\/v2\/product"}],"about":[{"href":"https:\/\/www.livresentre2actions.fr\/en\/wp-json\/wp\/v2\/types\/product"}],"wp:featuredmedia":[{"embeddable":true,"href":"https:\/\/www.livresentre2actions.fr\/en\/wp-json\/wp\/v2\/media\/12132"}],"wp:attachment":[{"href":"https:\/\/www.livresentre2actions.fr\/en\/wp-json\/wp\/v2\/media?parent=12131"}],"wp:term":[{"taxonomy":"product_brand","embeddable":true,"href":"https:\/\/www.livresentre2actions.fr\/en\/wp-json\/wp\/v2\/product_brand?post=12131"},{"taxonomy":"product_cat","embeddable":true,"href":"https:\/\/www.livresentre2actions.fr\/en\/wp-json\/wp\/v2\/product_cat?post=12131"},{"taxonomy":"product_tag","embeddable":true,"href":"https:\/\/www.livresentre2actions.fr\/en\/wp-json\/wp\/v2\/product_tag?post=12131"}],"curies":[{"name":"wp","href":"https:\/\/api.w.org\/{rel}","templated":true}]}}