{"id":12044,"date":"2025-04-25T17:16:42","date_gmt":"2025-04-25T15:16:42","guid":{"rendered":"https:\/\/www.livresentre2actions.fr\/?post_type=product&#038;p=12044"},"modified":"2025-08-27T12:01:20","modified_gmt":"2025-08-27T10:01:20","slug":"princesse-ditalie-jean-lorrain","status":"publish","type":"product","link":"https:\/\/www.livresentre2actions.fr\/en\/product\/princesse-ditalie-jean-lorrain\/","title":{"rendered":"Princesse d\u2019Italie &#8211; Jean Lorrain"},"content":{"rendered":"<p>Librairie Borel<\/p>\n<p>Pleine basane marine \u00e0 dos romantique orn\u00e9 de 5 faux-nerfs, de liser\u00e9s, frises et pi\u00e8ce de titre rouge, et de l\u2019auteur estamp\u00e9 dor\u00e9, tranche de t\u00eate dor\u00e9e, couverture couleur conserv\u00e9e, signet rouge, 140 x 77, 78p. 1898. Collection Edouard Guillaume \u00ab\u00a0Lotus Alba\u00a0\u00bb. Illustrations de Manuel Orazi. \u00a0; page de titre illustr\u00e9e, frontispice sanguine, 5 pleine page et des illustrations couleur en t\u00eate et en marge. Exemplaire non num\u00e9rot\u00e9. Int\u00e9rieur tr\u00e8s bon, propre et int\u00e8gre. Coins frott\u00e9s avec \u00e9pidemures. Plats avec griffes l\u00e9g\u00e8res, dos tr\u00e8s bons, \u00e9pidermure en coiffe. Bel exemplaire bien ferme.<\/p>","protected":false},"excerpt":{"rendered":"<p>Librairie Borel Pleine basane marine \u00e0 dos romantique orn\u00e9 de 5 faux-nerfs, de liser\u00e9s, frises et pi\u00e8ce de titre rouge, et de l\u2019auteur estamp\u00e9 dor\u00e9, tranche de t\u00eate dor\u00e9e, couverture couleur conserv\u00e9e, signet rouge, 140 x 77, 78p. 1898. Collection Edouard Guillaume \u00ab\u00a0Lotus Alba\u00a0\u00bb. Illustrations de Manuel Orazi. \u00a0; page de titre illustr\u00e9e, frontispice sanguine, &#8230; <a title=\"Princesse d\u2019Italie &#8211; Jean Lorrain\" class=\"read-more\" href=\"https:\/\/www.livresentre2actions.fr\/en\/product\/princesse-ditalie-jean-lorrain\/\" aria-label=\"Read more about Princesse d\u2019Italie &#8211; Jean Lorrain\">Read more<\/a><\/p>","protected":false},"featured_media":12045,"template":"","meta":{"_eb_attr":""},"product_brand":[],"product_cat":[36,74,71,76],"product_tag":[86],"class_list":{"0":"post-12044","1":"product","2":"type-product","3":"status-publish","4":"has-post-thumbnail","6":"product_cat-entre-le-xviiieme-et-le-xixeme-siecle","7":"product_cat-collections","8":"product_cat-illustres-modernes-editions-originales-signees-numerotees","9":"product_cat-poesie-theatre-prose","10":"product_tag-illustre","11":"sales-flash-overlay","12":"woocommerce-text-align-center","13":"woocommerce-image-align-center","14":"wc-has-gallery","16":"first","17":"instock","18":"taxable","19":"shipping-taxable","20":"purchasable","21":"product-type-simple"},"aioseo_notices":[],"_links":{"self":[{"href":"https:\/\/www.livresentre2actions.fr\/en\/wp-json\/wp\/v2\/product\/12044","targetHints":{"allow":["GET"]}}],"collection":[{"href":"https:\/\/www.livresentre2actions.fr\/en\/wp-json\/wp\/v2\/product"}],"about":[{"href":"https:\/\/www.livresentre2actions.fr\/en\/wp-json\/wp\/v2\/types\/product"}],"wp:featuredmedia":[{"embeddable":true,"href":"https:\/\/www.livresentre2actions.fr\/en\/wp-json\/wp\/v2\/media\/12045"}],"wp:attachment":[{"href":"https:\/\/www.livresentre2actions.fr\/en\/wp-json\/wp\/v2\/media?parent=12044"}],"wp:term":[{"taxonomy":"product_brand","embeddable":true,"href":"https:\/\/www.livresentre2actions.fr\/en\/wp-json\/wp\/v2\/product_brand?post=12044"},{"taxonomy":"product_cat","embeddable":true,"href":"https:\/\/www.livresentre2actions.fr\/en\/wp-json\/wp\/v2\/product_cat?post=12044"},{"taxonomy":"product_tag","embeddable":true,"href":"https:\/\/www.livresentre2actions.fr\/en\/wp-json\/wp\/v2\/product_tag?post=12044"}],"curies":[{"name":"wp","href":"https:\/\/api.w.org\/{rel}","templated":true}]}}