{"id":11993,"date":"2025-04-24T13:25:52","date_gmt":"2025-04-24T11:25:52","guid":{"rendered":"https:\/\/www.livresentre2actions.fr\/?post_type=product&#038;p=11993"},"modified":"2025-07-22T23:09:06","modified_gmt":"2025-07-22T21:09:06","slug":"histoire-de-la-terreur-tomes-i-a-vii-sur-8-mortimer-ternaux","status":"publish","type":"product","link":"https:\/\/www.livresentre2actions.fr\/en\/product\/histoire-de-la-terreur-tomes-i-a-vii-sur-8-mortimer-ternaux\/","title":{"rendered":"Histoire de la Terreur. Tomes I \u00e0 VII (sur 8) &#8211; Mortimer-Ternaux"},"content":{"rendered":"<p>Histoire de la Terreur. 1792-1794. D&rsquo;apr\u00e8s des documents authentiques et in\u00e9dits. Tomes I \u00e0 VII (sur 8)<\/p>\n<p>Michel-L\u00e9vy- Fr\u00e8res<\/p>\n<p>Broch\u00e9, 240 x 155. Pagination avec table. T1, 444p. 1863. Deuxi\u00e8me \u00e9dition. T2, 515p. 1863. Deuxi\u00e8me \u00e9dition. T3, 647p. 1863. 2\u00e8me \u00e9d. T4, 582p. 1864. 2\u00e8me \u00e9d. T5, 573p. 1866. 2\u00e8me \u00e9d. T6, 616p. 1867. 1\u00e8re \u00e9dition. T7, 579p. 1869. 1\u00e8re \u00e9dition.Pour tous les volumes, int\u00e9rieur et tranches avec rousseurs abondantes. Pour les T1, 4, 5, 6, 7, accrocs et accidents mineurs aux couvertures et dos, bons. Pour le T3, un manque en t\u00eate de dos, Pour le T2, dos avec manques et d\u00e9brochage sur le premier quart du livre. Tous les volumes sont recouverts avec soin, sans adh\u00e9sif.<\/p>","protected":false},"excerpt":{"rendered":"<p>Histoire de la Terreur. 1792-1794. D&rsquo;apr\u00e8s des documents authentiques et in\u00e9dits. Tomes I \u00e0 VII (sur 8) Michel-L\u00e9vy- Fr\u00e8res Broch\u00e9, 240 x 155. Pagination avec table. T1, 444p. 1863. Deuxi\u00e8me \u00e9dition. T2, 515p. 1863. Deuxi\u00e8me \u00e9dition. T3, 647p. 1863. 2\u00e8me \u00e9d. T4, 582p. 1864. 2\u00e8me \u00e9d. T5, 573p. 1866. 2\u00e8me \u00e9d. T6, 616p. 1867. 1\u00e8re &#8230; <a title=\"Histoire de la Terreur. Tomes I \u00e0 VII (sur 8) &#8211; Mortimer-Ternaux\" class=\"read-more\" href=\"https:\/\/www.livresentre2actions.fr\/en\/product\/histoire-de-la-terreur-tomes-i-a-vii-sur-8-mortimer-ternaux\/\" aria-label=\"Read more about Histoire de la Terreur. Tomes I \u00e0 VII (sur 8) &#8211; Mortimer-Ternaux\">Read more<\/a><\/p>","protected":false},"featured_media":11994,"template":"","meta":{"_eb_attr":""},"product_brand":[],"product_cat":[36,73],"product_tag":[],"class_list":{"0":"post-11993","1":"product","2":"type-product","3":"status-publish","4":"has-post-thumbnail","6":"product_cat-entre-le-xviiieme-et-le-xixeme-siecle","7":"product_cat-histoires-et-recits-de-voyage","8":"sales-flash-overlay","9":"woocommerce-text-align-center","10":"woocommerce-image-align-center","11":"wc-has-gallery","13":"first","14":"outofstock","15":"taxable","16":"shipping-taxable","17":"purchasable","18":"product-type-simple"},"aioseo_notices":[],"_links":{"self":[{"href":"https:\/\/www.livresentre2actions.fr\/en\/wp-json\/wp\/v2\/product\/11993","targetHints":{"allow":["GET"]}}],"collection":[{"href":"https:\/\/www.livresentre2actions.fr\/en\/wp-json\/wp\/v2\/product"}],"about":[{"href":"https:\/\/www.livresentre2actions.fr\/en\/wp-json\/wp\/v2\/types\/product"}],"wp:featuredmedia":[{"embeddable":true,"href":"https:\/\/www.livresentre2actions.fr\/en\/wp-json\/wp\/v2\/media\/11994"}],"wp:attachment":[{"href":"https:\/\/www.livresentre2actions.fr\/en\/wp-json\/wp\/v2\/media?parent=11993"}],"wp:term":[{"taxonomy":"product_brand","embeddable":true,"href":"https:\/\/www.livresentre2actions.fr\/en\/wp-json\/wp\/v2\/product_brand?post=11993"},{"taxonomy":"product_cat","embeddable":true,"href":"https:\/\/www.livresentre2actions.fr\/en\/wp-json\/wp\/v2\/product_cat?post=11993"},{"taxonomy":"product_tag","embeddable":true,"href":"https:\/\/www.livresentre2actions.fr\/en\/wp-json\/wp\/v2\/product_tag?post=11993"}],"curies":[{"name":"wp","href":"https:\/\/api.w.org\/{rel}","templated":true}]}}