{"id":11979,"date":"2025-04-24T13:19:06","date_gmt":"2025-04-24T11:19:06","guid":{"rendered":"https:\/\/www.livresentre2actions.fr\/?post_type=product&#038;p=11979"},"modified":"2025-08-27T12:12:57","modified_gmt":"2025-08-27T10:12:57","slug":"histoire-de-lart-depuis-les-origines-jusqua-nos-jours","status":"publish","type":"product","link":"https:\/\/www.livresentre2actions.fr\/en\/product\/histoire-de-lart-depuis-les-origines-jusqua-nos-jours\/","title":{"rendered":"Histoire de l\u2019art. Depuis les origines jusqu\u2019\u00e0 nos jours"},"content":{"rendered":"<p>Histoire de l\u2019art. Depuis les origines jusqu\u2019\u00e0 nos jours. Epoque pr\u00e9historique \u2013 Antiquit\u00e9 &#8211; Art chr\u00e9tien \u2013 Art byzantin \u2013 Art musulman<\/p>\n<p>Charles Terrasse &#8211; Henri Laurens<\/p>\n<p>Demie-basane havane \u00e0 dos long orn\u00e9 d\u2019un pi\u00e8ce de titre en maroquin olive, reliure sign\u00e9e Lucie Weil (galeriste des ann\u00e9es 30), 255 x 162, 256p. Avec table. 1938. Nombreuses illustrations dans le texte. Int\u00e9rieur impeccable. Reliure en tr\u00e8s bon \u00e9tat, avec quelques frottements et l\u00e9g\u00e8res \u00e9pidermures.<\/p>","protected":false},"excerpt":{"rendered":"<p>Histoire de l\u2019art. Depuis les origines jusqu\u2019\u00e0 nos jours. Epoque pr\u00e9historique \u2013 Antiquit\u00e9 &#8211; Art chr\u00e9tien \u2013 Art byzantin \u2013 Art musulman Charles Terrasse &#8211; Henri Laurens Demie-basane havane \u00e0 dos long orn\u00e9 d\u2019un pi\u00e8ce de titre en maroquin olive, reliure sign\u00e9e Lucie Weil (galeriste des ann\u00e9es 30), 255 x 162, 256p. Avec table. 1938. &#8230; <a title=\"Histoire de l\u2019art. Depuis les origines jusqu\u2019\u00e0 nos jours\" class=\"read-more\" href=\"https:\/\/www.livresentre2actions.fr\/en\/product\/histoire-de-lart-depuis-les-origines-jusqua-nos-jours\/\" aria-label=\"Read more about Histoire de l\u2019art. Depuis les origines jusqu\u2019\u00e0 nos jours\">Read more<\/a><\/p>","protected":false},"featured_media":11980,"template":"","meta":{"_eb_attr":""},"product_brand":[],"product_cat":[37,75,73],"product_tag":[86,95],"class_list":{"0":"post-11979","1":"product","2":"type-product","3":"status-publish","4":"has-post-thumbnail","6":"product_cat-a-partir-du-xxeme-siecle","7":"product_cat-art","8":"product_cat-histoires-et-recits-de-voyage","9":"product_tag-illustre","10":"product_tag-reliure","11":"sales-flash-overlay","12":"woocommerce-text-align-center","13":"woocommerce-image-align-center","14":"wc-has-gallery","16":"first","17":"instock","18":"taxable","19":"shipping-taxable","20":"purchasable","21":"product-type-simple"},"aioseo_notices":[],"_links":{"self":[{"href":"https:\/\/www.livresentre2actions.fr\/en\/wp-json\/wp\/v2\/product\/11979","targetHints":{"allow":["GET"]}}],"collection":[{"href":"https:\/\/www.livresentre2actions.fr\/en\/wp-json\/wp\/v2\/product"}],"about":[{"href":"https:\/\/www.livresentre2actions.fr\/en\/wp-json\/wp\/v2\/types\/product"}],"wp:featuredmedia":[{"embeddable":true,"href":"https:\/\/www.livresentre2actions.fr\/en\/wp-json\/wp\/v2\/media\/11980"}],"wp:attachment":[{"href":"https:\/\/www.livresentre2actions.fr\/en\/wp-json\/wp\/v2\/media?parent=11979"}],"wp:term":[{"taxonomy":"product_brand","embeddable":true,"href":"https:\/\/www.livresentre2actions.fr\/en\/wp-json\/wp\/v2\/product_brand?post=11979"},{"taxonomy":"product_cat","embeddable":true,"href":"https:\/\/www.livresentre2actions.fr\/en\/wp-json\/wp\/v2\/product_cat?post=11979"},{"taxonomy":"product_tag","embeddable":true,"href":"https:\/\/www.livresentre2actions.fr\/en\/wp-json\/wp\/v2\/product_tag?post=11979"}],"curies":[{"name":"wp","href":"https:\/\/api.w.org\/{rel}","templated":true}]}}