{"id":11905,"date":"2025-04-24T12:16:03","date_gmt":"2025-04-24T10:16:03","guid":{"rendered":"https:\/\/www.livresentre2actions.fr\/?post_type=product&#038;p=11905"},"modified":"2025-04-24T12:16:05","modified_gmt":"2025-04-24T10:16:05","slug":"biblia-sacra-latino-germanica-oder-latin-deutsche-bibel","status":"publish","type":"product","link":"https:\/\/www.livresentre2actions.fr\/en\/product\/biblia-sacra-latino-germanica-oder-latin-deutsche-bibel\/","title":{"rendered":"Biblia sacra latino-germanica oder Latin- Deutsche Bibel"},"content":{"rendered":"<p>Biblia sacra latino-germanica oder Latin- Deutsche Bibel. Vulgatae editionis autoritate sixti V et Clementis VIIi. Pont. Max. Recognita, summaris et notis theologicis, historicis et chronologicis illustrata studio P. T. Aq. Erhard. Editio novissima. Volumen I (\/2)<\/p>\n<p>P. T. Aq. Erhard &#8211; Veith and Wolff\u00a0 &#8211;<\/p>\n<p>In-folio plein veau marbr\u00e9, dos \u00e0 6 nerfs, estamp\u00e9 aux caissons, qui fut orn\u00e9 d\u2019une pi\u00e8ce de titre, tomaison et de fleurons (mais estomp\u00e9s), tranches rouges, 378 x 255. Graz and Innsbruck, 1749. Garde, Faux-titre, titre, Tabula omnium, Praefacio bibliopolae, Adresse \u00e0 Innocent VIII, Censura, Approbatio, Facultas, Privilegium, Praefacio ad lectorem, non pagin\u00e9, 26 feuillets \u00a0; et le texte 844p. Complectens veteris testamenti legem et legis historiam\u00a0; Moysis pentateuchum. [De la Gen\u00e8se au chapitre 51 de l(Eccl\u00e9siaste]. Provenance manuscrite en t\u00eate de contreplat sup\u00e9rieur \u00ab\u00a0Souvenir de la famille Miesch de Wittelsheim\u00a0\u00bb. Comprend \u00e9galement un feuiller volant \u00ab\u00a0Avis au Archipr\u00eatres, cur\u00e9s et desservans du dioc\u00e8se de Strasbourg\u00a0\u00bb.Texte sur deux colonnes, allemand gothique \u2013 latin, et notes en marges. Rousseurs continues mais globalement l\u00e9g\u00e8res, rares mouillures marginales. Trous de vers en pied de page en marge en tout de d\u00e9but de volume (garde et 26 feuillets de t\u00eate, et en pied et t\u00eate de contreplat sup\u00e9rieur) et en fin de volume en pied de page en marge (3 derniers feuillets et pied de contreplat inf\u00e9rieur). Concernant le reliure, travail de vers limit\u00e9 en plats\u00a0; un petit manque en t\u00eate de plat sup\u00e9rieur. Coins et champs frott\u00e9s, coins de pied \u00e9mouss\u00e9s. Mors sup\u00e9rieur fendu sur les deux premiers nerfs, et mors inf\u00e9rieur bri\u00e8vement en pied. Dos frott\u00e9 avec \u00e9pidemrures, coiffe manquante, un manque en caisson de t\u00eate, un manque en caisson de pied, queue frott\u00e9e avec un manque. Cette \u00e9dition de la Vulgate est faite sur l&rsquo;\u00e9dition de la Bible dite de Cl\u00e9ment VIII (Vatican, 1592) qui est devenu le texte authentique de la Vulgate. \u00a0Le texte allemand est bas\u00e9 sur la traduction de Kaspar Ulenberg, dite \u00ab\u00a0Bible de Mayence\u00a0\u00bb.<\/p>","protected":false},"excerpt":{"rendered":"<p>Biblia sacra latino-germanica oder Latin- Deutsche Bibel. Vulgatae editionis autoritate sixti V et Clementis VIIi. Pont. Max. Recognita, summaris et notis theologicis, historicis et chronologicis illustrata studio P. T. Aq. Erhard. Editio novissima. Volumen I (\/2) P. T. Aq. Erhard &#8211; Veith and Wolff\u00a0 &#8211; In-folio plein veau marbr\u00e9, dos \u00e0 6 nerfs, estamp\u00e9 aux &#8230; <a title=\"Biblia sacra latino-germanica oder Latin- Deutsche Bibel\" class=\"read-more\" href=\"https:\/\/www.livresentre2actions.fr\/en\/product\/biblia-sacra-latino-germanica-oder-latin-deutsche-bibel\/\" aria-label=\"Read more about Biblia sacra latino-germanica oder Latin- Deutsche Bibel\">Read more<\/a><\/p>","protected":false},"featured_media":11906,"template":"","meta":{"_eb_attr":""},"product_brand":[],"product_cat":[36,68],"product_tag":[],"class_list":{"0":"post-11905","1":"product","2":"type-product","3":"status-publish","4":"has-post-thumbnail","6":"product_cat-entre-le-xviiieme-et-le-xixeme-siecle","7":"product_cat-religion-spiritualite","8":"sales-flash-overlay","9":"woocommerce-text-align-center","10":"woocommerce-image-align-center","11":"wc-has-gallery","13":"first","14":"instock","15":"taxable","16":"shipping-taxable","17":"purchasable","18":"product-type-simple"},"aioseo_notices":[],"_links":{"self":[{"href":"https:\/\/www.livresentre2actions.fr\/en\/wp-json\/wp\/v2\/product\/11905","targetHints":{"allow":["GET"]}}],"collection":[{"href":"https:\/\/www.livresentre2actions.fr\/en\/wp-json\/wp\/v2\/product"}],"about":[{"href":"https:\/\/www.livresentre2actions.fr\/en\/wp-json\/wp\/v2\/types\/product"}],"wp:featuredmedia":[{"embeddable":true,"href":"https:\/\/www.livresentre2actions.fr\/en\/wp-json\/wp\/v2\/media\/11906"}],"wp:attachment":[{"href":"https:\/\/www.livresentre2actions.fr\/en\/wp-json\/wp\/v2\/media?parent=11905"}],"wp:term":[{"taxonomy":"product_brand","embeddable":true,"href":"https:\/\/www.livresentre2actions.fr\/en\/wp-json\/wp\/v2\/product_brand?post=11905"},{"taxonomy":"product_cat","embeddable":true,"href":"https:\/\/www.livresentre2actions.fr\/en\/wp-json\/wp\/v2\/product_cat?post=11905"},{"taxonomy":"product_tag","embeddable":true,"href":"https:\/\/www.livresentre2actions.fr\/en\/wp-json\/wp\/v2\/product_tag?post=11905"}],"curies":[{"name":"wp","href":"https:\/\/api.w.org\/{rel}","templated":true}]}}