{"id":11823,"date":"2025-04-17T17:21:42","date_gmt":"2025-04-17T15:21:42","guid":{"rendered":"https:\/\/www.livresentre2actions.fr\/?post_type=product&#038;p=11823"},"modified":"2025-08-25T14:22:33","modified_gmt":"2025-08-25T12:22:33","slug":"histoire-des-girondins-edition-illustree-3-tomes-complet","status":"publish","type":"product","link":"https:\/\/www.livresentre2actions.fr\/en\/product\/histoire-des-girondins-edition-illustree-3-tomes-complet\/","title":{"rendered":"Histoire des Girondins. \u00c9dition illustr\u00e9e, 3 tomes complet."},"content":{"rendered":"<p>Lamartine &#8211; Armand LE CHEVALIER<\/p>\n<p>Demi-veau brun-mauve, \u00e0 dos long filet\u00e9 avec frises, orn\u00e9 des auteur titre et tomaison, 290 x 206, 516p., 511p. 508p. Avec tables. 1865-1866. Frontispice au tome I. Nombreuses illustrations aux trois tomes. Rousseurs l\u00e9g\u00e8res sur tranches et tr\u00e8s marginales dans le texte. Coins frott\u00e9s, reliures en bel \u00e9tat avec quelques frottements, griffures l\u00e9g\u00e8res, rares \u00e9pidermures. Beau exemplaires bien fermes.<\/p>","protected":false},"excerpt":{"rendered":"<p>Lamartine &#8211; Armand LE CHEVALIER Demi-veau brun-mauve, \u00e0 dos long filet\u00e9 avec frises, orn\u00e9 des auteur titre et tomaison, 290 x 206, 516p., 511p. 508p. Avec tables. 1865-1866. Frontispice au tome I. Nombreuses illustrations aux trois tomes. Rousseurs l\u00e9g\u00e8res sur tranches et tr\u00e8s marginales dans le texte. Coins frott\u00e9s, reliures en bel \u00e9tat avec quelques &#8230; <a title=\"Histoire des Girondins. \u00c9dition illustr\u00e9e, 3 tomes complet.\" class=\"read-more\" href=\"https:\/\/www.livresentre2actions.fr\/en\/product\/histoire-des-girondins-edition-illustree-3-tomes-complet\/\" aria-label=\"Read more about Histoire des Girondins. \u00c9dition illustr\u00e9e, 3 tomes complet.\">Read more<\/a><\/p>","protected":false},"featured_media":11824,"template":"","meta":{"_eb_attr":""},"product_brand":[],"product_cat":[36,71,73],"product_tag":[],"class_list":{"0":"post-11823","1":"product","2":"type-product","3":"status-publish","4":"has-post-thumbnail","6":"product_cat-entre-le-xviiieme-et-le-xixeme-siecle","7":"product_cat-illustres-modernes-editions-originales-signees-numerotees","8":"product_cat-histoires-et-recits-de-voyage","9":"sales-flash-overlay","10":"woocommerce-text-align-center","11":"woocommerce-image-align-center","12":"wc-has-gallery","14":"first","15":"instock","16":"taxable","17":"shipping-taxable","18":"purchasable","19":"product-type-simple"},"aioseo_notices":[],"_links":{"self":[{"href":"https:\/\/www.livresentre2actions.fr\/en\/wp-json\/wp\/v2\/product\/11823","targetHints":{"allow":["GET"]}}],"collection":[{"href":"https:\/\/www.livresentre2actions.fr\/en\/wp-json\/wp\/v2\/product"}],"about":[{"href":"https:\/\/www.livresentre2actions.fr\/en\/wp-json\/wp\/v2\/types\/product"}],"wp:featuredmedia":[{"embeddable":true,"href":"https:\/\/www.livresentre2actions.fr\/en\/wp-json\/wp\/v2\/media\/11824"}],"wp:attachment":[{"href":"https:\/\/www.livresentre2actions.fr\/en\/wp-json\/wp\/v2\/media?parent=11823"}],"wp:term":[{"taxonomy":"product_brand","embeddable":true,"href":"https:\/\/www.livresentre2actions.fr\/en\/wp-json\/wp\/v2\/product_brand?post=11823"},{"taxonomy":"product_cat","embeddable":true,"href":"https:\/\/www.livresentre2actions.fr\/en\/wp-json\/wp\/v2\/product_cat?post=11823"},{"taxonomy":"product_tag","embeddable":true,"href":"https:\/\/www.livresentre2actions.fr\/en\/wp-json\/wp\/v2\/product_tag?post=11823"}],"curies":[{"name":"wp","href":"https:\/\/api.w.org\/{rel}","templated":true}]}}