{"id":11722,"date":"2025-04-12T15:29:20","date_gmt":"2025-04-12T13:29:20","guid":{"rendered":"https:\/\/www.livresentre2actions.fr\/?post_type=product&#038;p=11722"},"modified":"2025-04-12T15:29:21","modified_gmt":"2025-04-12T13:29:21","slug":"le-vray-tresor-de-la-doctrine-chretienne-nicolas-turlot","status":"publish","type":"product","link":"https:\/\/www.livresentre2actions.fr\/en\/product\/le-vray-tresor-de-la-doctrine-chretienne-nicolas-turlot\/","title":{"rendered":"Le vray tr\u00e9sor de la doctrine chr\u00e9tienne &#8211; Nicolas Turlot"},"content":{"rendered":"<p>Le vray tr\u00e9sor de la doctrine chr\u00e9tienne, revu et mis en meilleur ordre qu\u2019auparavant par le Sieur de Balesdam, Augment\u00e9 d&rsquo;vne addresse Spirituelle pour bien faire la Confession Generale. Quatorzi\u00e8me et derni\u00e8re \u00e9dition<\/p>\n<p>Nicolas Turlot &#8211; Antoine Beaujollin<\/p>\n<p>Plein veau, dos \u00e0 nerfs, orn\u00e9 aux caissons, tranches jasp\u00e9es rouges, 239 x 185, 1673. 756p. Suivi de la table. Pr\u00e9c\u00e9d\u00e9 de Index concionatorius \u2026,6p. Ent\u00eate, cul-de-lampe. Vignette au titre. Garde manquante. Ex-libris au titre, un autre en contreplat sup\u00e9rieur illisible et pr\u00e9sent en derni\u00e8re page et en contreplat inf\u00e9rieur \u00e9galement\u00a0; deux autres ex-libris lisibles en derni\u00e8re page vierge\u00a0: \u00ab\u00a0La Rouvi\u00e8re\u00a0\u00bb et \u00ab\u00a0Antonij Cosse, humanioribus litteris studientis. Die vigessima marlis 1717\u00a0\u00bb. Texte sur 2 colonnes. 1\u00c8re partie, 216p. 2Nde part. 217-346 pp. 3\u00c8me part. 347-558 pp. 4\u00c8me part. 559-748 pp. Et Adresse pour bien faire la confession g\u00e9n\u00e9rale, 749 \u00e0 756, suivie de la table g\u00e9n\u00e9rale. Int\u00e9rieur avec rousseurs variables, plus souvent l\u00e9g\u00e8res, et mouillures en pied de page, mod\u00e9r\u00e9es. Plats frott\u00e9s avec \u00e9pidermures et petits manques et trous de vers. Champs et coins frott\u00e9s, 3 coins \u00e9mous\u00e9s. Dos frott\u00e9 aux nerfs, coiffe et queue, avec deux trous de vers, et manque en pied\u00a0; manque que l\u2019on retrouve en pied de mors sup\u00e9rieur. Exemplaire bien ferme.<\/p>\n<p>\u00c9galement en stock du m\u00eame auteur la version latine ce texte<\/p>","protected":false},"excerpt":{"rendered":"<p>Le vray tr\u00e9sor de la doctrine chr\u00e9tienne, revu et mis en meilleur ordre qu\u2019auparavant par le Sieur de Balesdam, Augment\u00e9 d&rsquo;vne addresse Spirituelle pour bien faire la Confession Generale. Quatorzi\u00e8me et derni\u00e8re \u00e9dition Nicolas Turlot &#8211; Antoine Beaujollin Plein veau, dos \u00e0 nerfs, orn\u00e9 aux caissons, tranches jasp\u00e9es rouges, 239 x 185, 1673. 756p. Suivi &#8230; <a title=\"Le vray tr\u00e9sor de la doctrine chr\u00e9tienne &#8211; Nicolas Turlot\" class=\"read-more\" href=\"https:\/\/www.livresentre2actions.fr\/en\/product\/le-vray-tresor-de-la-doctrine-chretienne-nicolas-turlot\/\" aria-label=\"Read more about Le vray tr\u00e9sor de la doctrine chr\u00e9tienne &#8211; Nicolas Turlot\">Read more<\/a><\/p>","protected":false},"featured_media":11724,"template":"","meta":{"_eb_attr":""},"product_brand":[],"product_cat":[35,68],"product_tag":[],"class_list":{"0":"post-11722","1":"product","2":"type-product","3":"status-publish","4":"has-post-thumbnail","6":"product_cat-jusquau-xviiemesiecle","7":"product_cat-religion-spiritualite","8":"sales-flash-overlay","9":"woocommerce-text-align-center","10":"woocommerce-image-align-center","11":"wc-has-gallery","13":"first","14":"instock","15":"taxable","16":"shipping-taxable","17":"purchasable","18":"product-type-simple"},"aioseo_notices":[],"_links":{"self":[{"href":"https:\/\/www.livresentre2actions.fr\/en\/wp-json\/wp\/v2\/product\/11722","targetHints":{"allow":["GET"]}}],"collection":[{"href":"https:\/\/www.livresentre2actions.fr\/en\/wp-json\/wp\/v2\/product"}],"about":[{"href":"https:\/\/www.livresentre2actions.fr\/en\/wp-json\/wp\/v2\/types\/product"}],"wp:featuredmedia":[{"embeddable":true,"href":"https:\/\/www.livresentre2actions.fr\/en\/wp-json\/wp\/v2\/media\/11724"}],"wp:attachment":[{"href":"https:\/\/www.livresentre2actions.fr\/en\/wp-json\/wp\/v2\/media?parent=11722"}],"wp:term":[{"taxonomy":"product_brand","embeddable":true,"href":"https:\/\/www.livresentre2actions.fr\/en\/wp-json\/wp\/v2\/product_brand?post=11722"},{"taxonomy":"product_cat","embeddable":true,"href":"https:\/\/www.livresentre2actions.fr\/en\/wp-json\/wp\/v2\/product_cat?post=11722"},{"taxonomy":"product_tag","embeddable":true,"href":"https:\/\/www.livresentre2actions.fr\/en\/wp-json\/wp\/v2\/product_tag?post=11722"}],"curies":[{"name":"wp","href":"https:\/\/api.w.org\/{rel}","templated":true}]}}