{"id":11705,"date":"2025-04-12T15:15:00","date_gmt":"2025-04-12T13:15:00","guid":{"rendered":"https:\/\/www.livresentre2actions.fr\/?post_type=product&#038;p=11705"},"modified":"2025-08-25T14:22:36","modified_gmt":"2025-08-25T12:22:36","slug":"precis-iconographique-de-medecine-operatoire-et-danatomie-chirurgicale","status":"publish","type":"product","link":"https:\/\/www.livresentre2actions.fr\/en\/product\/precis-iconographique-de-medecine-operatoire-et-danatomie-chirurgicale\/","title":{"rendered":"Pr\u00e9cis iconographique de m\u00e9decine op\u00e9ratoire et d\u2019anatomie chirurgicale"},"content":{"rendered":"<p>Claude Bernard, Ch. Huette &#8211; J.-B. Baill\u00e8re<\/p>\n<p>Pleine percaline noire, \u00e0 dos long orn\u00e9 des titre, auteur, \u00e9diteur, et plats estamp\u00e9s, 191 x 125, 495p. Avec tables des planches et des mati\u00e8res. (In fine l\u2019annonce \u00e0 para\u00eetre du Nouveau dictionnaire de m\u00e9decine et de chirurgie pratiques, et le catalogue de l\u2019\u00e9diteur, 35p.). 1866. Avec 113 planches dessin\u00e9es d\u2019apr\u00e8s nature, grav\u00e9es au burin sur acier. L\u00e9gendes en vis-\u00e0-vis des planches ou \u00e0 la suite. Frontispice sous serpente. Comprend\u00a0: Instruments de chirurgie, 25 planches. \/ Anatomie chirurgicale de m\u00e9decine op\u00e9ratoire, 88 planches. Complet de toutes ses planches. Int\u00e9rieur avec rousseurs, planches plut\u00f4t \u00e9pargn\u00e9es et propres. Charni\u00e8re int\u00e9rieur du plat sup\u00e9rieur ouverte. Reliure mobile. Coins l\u00e9g\u00e8rement \u00e9mouss\u00e9s. Champs frott\u00e9s. Plats frott\u00e9s. Mors frott\u00e9s et bien usag\u00e9s, ouvert en t\u00eate et pied de plat sup\u00e9rieur, et en t\u00eate de plat inf\u00e9rieur. Un petite d\u00e9chirure en plein mors sup\u00e9rieur et inf\u00e9rieur. Dos frott\u00e9s avec \u00e9pidermures en coiffe et pied.<\/p>","protected":false},"excerpt":{"rendered":"<p>Claude Bernard, Ch. Huette &#8211; J.-B. Baill\u00e8re Pleine percaline noire, \u00e0 dos long orn\u00e9 des titre, auteur, \u00e9diteur, et plats estamp\u00e9s, 191 x 125, 495p. Avec tables des planches et des mati\u00e8res. (In fine l\u2019annonce \u00e0 para\u00eetre du Nouveau dictionnaire de m\u00e9decine et de chirurgie pratiques, et le catalogue de l\u2019\u00e9diteur, 35p.). 1866. Avec 113 &#8230; <a title=\"Pr\u00e9cis iconographique de m\u00e9decine op\u00e9ratoire et d\u2019anatomie chirurgicale\" class=\"read-more\" href=\"https:\/\/www.livresentre2actions.fr\/en\/product\/precis-iconographique-de-medecine-operatoire-et-danatomie-chirurgicale\/\" aria-label=\"Read more about Pr\u00e9cis iconographique de m\u00e9decine op\u00e9ratoire et d\u2019anatomie chirurgicale\">Read more<\/a><\/p>","protected":false},"featured_media":11706,"template":"","meta":{"_eb_attr":""},"product_brand":[],"product_cat":[36,71,70],"product_tag":[],"class_list":{"0":"post-11705","1":"product","2":"type-product","3":"status-publish","4":"has-post-thumbnail","6":"product_cat-entre-le-xviiieme-et-le-xixeme-siecle","7":"product_cat-illustres-modernes-editions-originales-signees-numerotees","8":"product_cat-medecine-et-nature","9":"sales-flash-overlay","10":"woocommerce-text-align-center","11":"woocommerce-image-align-center","12":"wc-has-gallery","14":"first","15":"instock","16":"taxable","17":"shipping-taxable","18":"purchasable","19":"product-type-simple"},"aioseo_notices":[],"_links":{"self":[{"href":"https:\/\/www.livresentre2actions.fr\/en\/wp-json\/wp\/v2\/product\/11705","targetHints":{"allow":["GET"]}}],"collection":[{"href":"https:\/\/www.livresentre2actions.fr\/en\/wp-json\/wp\/v2\/product"}],"about":[{"href":"https:\/\/www.livresentre2actions.fr\/en\/wp-json\/wp\/v2\/types\/product"}],"wp:featuredmedia":[{"embeddable":true,"href":"https:\/\/www.livresentre2actions.fr\/en\/wp-json\/wp\/v2\/media\/11706"}],"wp:attachment":[{"href":"https:\/\/www.livresentre2actions.fr\/en\/wp-json\/wp\/v2\/media?parent=11705"}],"wp:term":[{"taxonomy":"product_brand","embeddable":true,"href":"https:\/\/www.livresentre2actions.fr\/en\/wp-json\/wp\/v2\/product_brand?post=11705"},{"taxonomy":"product_cat","embeddable":true,"href":"https:\/\/www.livresentre2actions.fr\/en\/wp-json\/wp\/v2\/product_cat?post=11705"},{"taxonomy":"product_tag","embeddable":true,"href":"https:\/\/www.livresentre2actions.fr\/en\/wp-json\/wp\/v2\/product_tag?post=11705"}],"curies":[{"name":"wp","href":"https:\/\/api.w.org\/{rel}","templated":true}]}}