{"id":11673,"date":"2025-04-08T15:40:18","date_gmt":"2025-04-08T13:40:18","guid":{"rendered":"https:\/\/www.livresentre2actions.fr\/?post_type=product&#038;p=11673"},"modified":"2025-10-03T14:36:01","modified_gmt":"2025-10-03T12:36:01","slug":"theophrasti-eresii-characteres-ethicos","status":"publish","type":"product","link":"https:\/\/www.livresentre2actions.fr\/en\/product\/theophrasti-eresii-characteres-ethicos\/","title":{"rendered":"Theophrasti, Eresii characteres ethicos &#8211; Miniature"},"content":{"rendered":"<p>Theophrasti, Eresii characteres ethicos, sive morum descriptiones. Graec\u00e8 et latin\u00e8. Cum notis et monitis [\u2026]. TOME II &#8211; Monita et Notae [in]<\/p>\n<p>Th\u00e9ophraste \/ Johann Angelius Werdenhagen<\/p>\n<p>[page de titre g\u00e9n\u00e9rale non reprise sur ce tome] Ioannis Maire<\/p>\n<p>In-32 (87 x 45 mm), plein maroquin rouge d\u2019\u00e9poque aux armes (non identifi\u00e9es) et richement orn\u00e9 aux plats et dos. Plats aux armes, avec encadrement \u00e0 liser\u00e9s au sein duquel une guirlande de feuille dentel\u00e9es forment un autre cadre, avec motif floral aux angles et les armes au centre. Dos orn\u00e9 de liser\u00e9s et des titre\/tomaison et du m\u00eame motif floral aux caissons. Champs, bords de coiffe et queue orn\u00e9s d\u2019un m\u00eame motif \u00ab\u00a0vague\u00a0\u00bb repris \u00e9galement en bordures des contreplats. Toutes tranches dor\u00e9es. Tranchefile, signet. Joli papier de soie bleu en contreplats. [page de titre g\u00e9n\u00e9rale non reprise sur ce tome] Ioannis Maire, 1632. Partie III seule, les commentaires de Johann Angelius Werdenhagen, comprenant 13 chapitres 4-234 pp. Le chapitre XII se termine par\u00a0: Dn. Tilomanno Pletenbro [Plettenher] Philippus Melanchton s. 213-217pp. Vitaebergae, anno 1523. Suivi de Paedagogis Philip. Melancht. S \u00e0 L. 218-222p. Vitaeberg. Ann. 1527. Suivi de Monitum, serium ad lectorem christ. Doctrinae ethicae anno 1618 annexum. 223-234pp. In fine\u00a0: Iehova salus mea in Monita ethica Johannis Angelii Werdenhagij I. CC. Fredericus Husanus ali\u00e0s Kayn Thuring, 235 \u00e0 237 (fin). Les deux autres Int\u00e9rieur tr\u00e8s bon, propre et int\u00e8gre. Plats l\u00e9g\u00e8rement frott\u00e9s, mais plus fortement pour le plat sup\u00e9rieur. Mors frott\u00e9s, l\u00e9g\u00e8rement fendus, avec en mors inf\u00e9rieur (sur la deuxi\u00e8me moiti\u00e9 en pied) des travaux d\u2019insectes avec manques. Dos l\u00e9g\u00e8rement frott\u00e9, avec petite \u00e9pidemure en queue. Ici donc la Partie III de cette \u00e9dition des Caract\u00e8res de Th\u00e9ophraste\u00a0en deux tomes ; texte grec imprim\u00e9 en grec, \u00e9dit\u00e9 de trois parties, dont la traduction latine est due au protestant calviniste Isaac Casaubon. La troisi\u00e8me partie \u00e9tant le commentaire de Johann Angelius Werdenhagen. Le tome I regroupant donc le texte grec et la traduction latine de Cazaubon. Philosophe, politologue et diplomate allemand, Johann Angelius Werdenhagen est \u00e9galement l\u2019auteur de De rebuspublicis Hanseaticis earumque nobili confederatione.<\/p>","protected":false},"excerpt":{"rendered":"<p>Theophrasti, Eresii characteres ethicos, sive morum descriptiones. Graec\u00e8 et latin\u00e8. Cum notis et monitis [\u2026]. TOME II &#8211; Monita et Notae [in] Th\u00e9ophraste \/ Johann Angelius Werdenhagen [page de titre g\u00e9n\u00e9rale non reprise sur ce tome] Ioannis Maire In-32 (87 x 45 mm), plein maroquin rouge d\u2019\u00e9poque aux armes (non identifi\u00e9es) et richement orn\u00e9 aux &#8230; <a title=\"Theophrasti, Eresii characteres ethicos &#8211; Miniature\" class=\"read-more\" href=\"https:\/\/www.livresentre2actions.fr\/en\/product\/theophrasti-eresii-characteres-ethicos\/\" aria-label=\"Read more about Theophrasti, Eresii characteres ethicos &#8211; Miniature\">Read more<\/a><\/p>","protected":false},"featured_media":11674,"template":"","meta":{"_eb_attr":""},"product_brand":[],"product_cat":[35,72,100],"product_tag":[95],"class_list":{"0":"post-11673","1":"product","2":"type-product","3":"status-publish","4":"has-post-thumbnail","6":"product_cat-jusquau-xviiemesiecle","7":"product_cat-divers","8":"product_cat-miniatures-minuscules","9":"product_tag-reliure","10":"sales-flash-overlay","11":"woocommerce-text-align-center","12":"woocommerce-image-align-center","13":"wc-has-gallery","15":"first","16":"instock","17":"taxable","18":"shipping-taxable","19":"purchasable","20":"product-type-simple"},"aioseo_notices":[],"_links":{"self":[{"href":"https:\/\/www.livresentre2actions.fr\/en\/wp-json\/wp\/v2\/product\/11673","targetHints":{"allow":["GET"]}}],"collection":[{"href":"https:\/\/www.livresentre2actions.fr\/en\/wp-json\/wp\/v2\/product"}],"about":[{"href":"https:\/\/www.livresentre2actions.fr\/en\/wp-json\/wp\/v2\/types\/product"}],"wp:featuredmedia":[{"embeddable":true,"href":"https:\/\/www.livresentre2actions.fr\/en\/wp-json\/wp\/v2\/media\/11674"}],"wp:attachment":[{"href":"https:\/\/www.livresentre2actions.fr\/en\/wp-json\/wp\/v2\/media?parent=11673"}],"wp:term":[{"taxonomy":"product_brand","embeddable":true,"href":"https:\/\/www.livresentre2actions.fr\/en\/wp-json\/wp\/v2\/product_brand?post=11673"},{"taxonomy":"product_cat","embeddable":true,"href":"https:\/\/www.livresentre2actions.fr\/en\/wp-json\/wp\/v2\/product_cat?post=11673"},{"taxonomy":"product_tag","embeddable":true,"href":"https:\/\/www.livresentre2actions.fr\/en\/wp-json\/wp\/v2\/product_tag?post=11673"}],"curies":[{"name":"wp","href":"https:\/\/api.w.org\/{rel}","templated":true}]}}