{"id":11667,"date":"2025-03-31T15:37:44","date_gmt":"2025-03-31T13:37:44","guid":{"rendered":"https:\/\/www.livresentre2actions.fr\/?post_type=product&#038;p=11667"},"modified":"2025-08-27T12:08:47","modified_gmt":"2025-08-27T10:08:47","slug":"non-aux-volcans-oui-a-la-paix-felix-leon","status":"publish","type":"product","link":"https:\/\/www.livresentre2actions.fr\/en\/product\/non-aux-volcans-oui-a-la-paix-felix-leon\/","title":{"rendered":"Non aux volcans, oui \u00e0 la paix &#8211; F\u00e9lix L\u00e9on"},"content":{"rendered":"<p>Uitgeverij Kombi &#8211;<\/p>\n<p>Brochure simple agrafe, 210 x 140, non pagin\u00e9 [24p.], 1969. \u00ab Distinguish Poet of Europe \u00bb (International Academy of Leadership \u2013 Philippines). Ecrivain hollandais. Traduction fran\u00e7aise d\u2019un po\u00e8me de l\u2019auteur en anglais par S.B. Cazette (Dir. L\u00e9on Spiro). Exemplaire num\u00e9rot\u00e9 638. enrichi d\u2019un envoi sign\u00e9 de l\u2019auteur en premi\u00e8re page. Illustr\u00e9 de photos de la collection R. L. Int\u00e9rieur tr\u00e8s bon, propre et int\u00e8gre. Exemplaire deux taches d\u2019adh\u00e9sif en quatri\u00e8me de couverture, couvertures propres et int\u00e8gres. Bel exemplaire, bien ferme.<\/p>","protected":false},"excerpt":{"rendered":"<p>Uitgeverij Kombi &#8211; Brochure simple agrafe, 210 x 140, non pagin\u00e9 [24p.], 1969. \u00ab Distinguish Poet of Europe \u00bb (International Academy of Leadership \u2013 Philippines). Ecrivain hollandais. Traduction fran\u00e7aise d\u2019un po\u00e8me de l\u2019auteur en anglais par S.B. Cazette (Dir. L\u00e9on Spiro). Exemplaire num\u00e9rot\u00e9 638. enrichi d\u2019un envoi sign\u00e9 de l\u2019auteur en premi\u00e8re page. Illustr\u00e9 de &#8230; <a title=\"Non aux volcans, oui \u00e0 la paix &#8211; F\u00e9lix L\u00e9on\" class=\"read-more\" href=\"https:\/\/www.livresentre2actions.fr\/en\/product\/non-aux-volcans-oui-a-la-paix-felix-leon\/\" aria-label=\"Read more about Non aux volcans, oui \u00e0 la paix &#8211; F\u00e9lix L\u00e9on\">Read more<\/a><\/p>","protected":false},"featured_media":11668,"template":"","meta":{"_eb_attr":""},"product_brand":[],"product_cat":[37,72,71,73],"product_tag":[87],"class_list":{"0":"post-11667","1":"product","2":"type-product","3":"status-publish","4":"has-post-thumbnail","6":"product_cat-a-partir-du-xxeme-siecle","7":"product_cat-divers","8":"product_cat-illustres-modernes-editions-originales-signees-numerotees","9":"product_cat-histoires-et-recits-de-voyage","10":"product_tag-signe","11":"sales-flash-overlay","12":"woocommerce-text-align-center","13":"woocommerce-image-align-center","14":"wc-has-gallery","16":"first","17":"instock","18":"taxable","19":"shipping-taxable","20":"purchasable","21":"product-type-simple"},"aioseo_notices":[],"_links":{"self":[{"href":"https:\/\/www.livresentre2actions.fr\/en\/wp-json\/wp\/v2\/product\/11667","targetHints":{"allow":["GET"]}}],"collection":[{"href":"https:\/\/www.livresentre2actions.fr\/en\/wp-json\/wp\/v2\/product"}],"about":[{"href":"https:\/\/www.livresentre2actions.fr\/en\/wp-json\/wp\/v2\/types\/product"}],"wp:featuredmedia":[{"embeddable":true,"href":"https:\/\/www.livresentre2actions.fr\/en\/wp-json\/wp\/v2\/media\/11668"}],"wp:attachment":[{"href":"https:\/\/www.livresentre2actions.fr\/en\/wp-json\/wp\/v2\/media?parent=11667"}],"wp:term":[{"taxonomy":"product_brand","embeddable":true,"href":"https:\/\/www.livresentre2actions.fr\/en\/wp-json\/wp\/v2\/product_brand?post=11667"},{"taxonomy":"product_cat","embeddable":true,"href":"https:\/\/www.livresentre2actions.fr\/en\/wp-json\/wp\/v2\/product_cat?post=11667"},{"taxonomy":"product_tag","embeddable":true,"href":"https:\/\/www.livresentre2actions.fr\/en\/wp-json\/wp\/v2\/product_tag?post=11667"}],"curies":[{"name":"wp","href":"https:\/\/api.w.org\/{rel}","templated":true}]}}