{"id":11650,"date":"2025-03-31T15:34:36","date_gmt":"2025-03-31T13:34:36","guid":{"rendered":"https:\/\/www.livresentre2actions.fr\/?post_type=product&#038;p=11650"},"modified":"2025-03-31T15:34:37","modified_gmt":"2025-03-31T13:34:37","slug":"ordre-des-compagnons-de-peguy","status":"publish","type":"product","link":"https:\/\/www.livresentre2actions.fr\/en\/product\/ordre-des-compagnons-de-peguy\/","title":{"rendered":"Ordre des compagnons de P\u00e9guy"},"content":{"rendered":"<p>Collectif &#8211; Broch\u00e9, 240 x 156, 78p. 1941. Ordre fond\u00e9 le 15\/08\/1939 \u00e0 Notre-Dame de Chartres pour \u00ab\u00a0contribuer \u00e0 refaire une Chr\u00e9tient\u00e9 fran\u00e7aise telle que nous la trouvons r\u00e9alis\u00e9e et d\u00e9finie dans les gestes et les paroles de Saint-Louis, de Sainte-Jeanne d\u2019Arc et de Charles P\u00e9guy\u00a0\u00bb. Int\u00e9rieur tr\u00e8s bon, propre et int\u00e8gre. 2 taches en couverture, sinon bon exemplaire bien ferme.<\/p>","protected":false},"excerpt":{"rendered":"<p>Collectif &#8211; Broch\u00e9, 240 x 156, 78p. 1941. Ordre fond\u00e9 le 15\/08\/1939 \u00e0 Notre-Dame de Chartres pour \u00ab\u00a0contribuer \u00e0 refaire une Chr\u00e9tient\u00e9 fran\u00e7aise telle que nous la trouvons r\u00e9alis\u00e9e et d\u00e9finie dans les gestes et les paroles de Saint-Louis, de Sainte-Jeanne d\u2019Arc et de Charles P\u00e9guy\u00a0\u00bb. Int\u00e9rieur tr\u00e8s bon, propre et int\u00e8gre. 2 taches en &#8230; <a title=\"Ordre des compagnons de P\u00e9guy\" class=\"read-more\" href=\"https:\/\/www.livresentre2actions.fr\/en\/product\/ordre-des-compagnons-de-peguy\/\" aria-label=\"Read more about Ordre des compagnons de P\u00e9guy\">Read more<\/a><\/p>","protected":false},"featured_media":11651,"template":"","meta":{"_eb_attr":""},"product_brand":[],"product_cat":[37,68],"product_tag":[],"class_list":{"0":"post-11650","1":"product","2":"type-product","3":"status-publish","4":"has-post-thumbnail","6":"product_cat-a-partir-du-xxeme-siecle","7":"product_cat-religion-spiritualite","8":"sales-flash-overlay","9":"woocommerce-text-align-center","10":"woocommerce-image-align-center","11":"wc-has-gallery","13":"first","14":"instock","15":"taxable","16":"shipping-taxable","17":"purchasable","18":"product-type-simple"},"aioseo_notices":[],"_links":{"self":[{"href":"https:\/\/www.livresentre2actions.fr\/en\/wp-json\/wp\/v2\/product\/11650","targetHints":{"allow":["GET"]}}],"collection":[{"href":"https:\/\/www.livresentre2actions.fr\/en\/wp-json\/wp\/v2\/product"}],"about":[{"href":"https:\/\/www.livresentre2actions.fr\/en\/wp-json\/wp\/v2\/types\/product"}],"wp:featuredmedia":[{"embeddable":true,"href":"https:\/\/www.livresentre2actions.fr\/en\/wp-json\/wp\/v2\/media\/11651"}],"wp:attachment":[{"href":"https:\/\/www.livresentre2actions.fr\/en\/wp-json\/wp\/v2\/media?parent=11650"}],"wp:term":[{"taxonomy":"product_brand","embeddable":true,"href":"https:\/\/www.livresentre2actions.fr\/en\/wp-json\/wp\/v2\/product_brand?post=11650"},{"taxonomy":"product_cat","embeddable":true,"href":"https:\/\/www.livresentre2actions.fr\/en\/wp-json\/wp\/v2\/product_cat?post=11650"},{"taxonomy":"product_tag","embeddable":true,"href":"https:\/\/www.livresentre2actions.fr\/en\/wp-json\/wp\/v2\/product_tag?post=11650"}],"curies":[{"name":"wp","href":"https:\/\/api.w.org\/{rel}","templated":true}]}}