{"id":11640,"date":"2025-03-31T15:29:06","date_gmt":"2025-03-31T13:29:06","guid":{"rendered":"https:\/\/www.livresentre2actions.fr\/?post_type=product&#038;p=11640"},"modified":"2025-07-14T20:38:43","modified_gmt":"2025-07-14T18:38:43","slug":"les-acquis-irremplacables-de-lexpedition-de-lepsius","status":"publish","type":"product","link":"https:\/\/www.livresentre2actions.fr\/en\/product\/les-acquis-irremplacables-de-lexpedition-de-lepsius\/","title":{"rendered":"Les acquis irrempla\u00e7ables de l\u2019exp\u00e9dition de Lepsius."},"content":{"rendered":"<p>Jean-Claude D\u00e9gardin\u00a0 &#8211; Akademia Verlag<\/p>\n<p>Brochure double agrafe, 240 x 170, pagin\u00e9, 125 \u00e0 132, 1984. Publi\u00e9e dans le cadre des [Karl Richard Lepisus (1810-1881). Akten der Tagung anl\u00e4sslich seines 100 Todestages, 10 -12 \/07\/1981 in Halle ]. Tr\u00e8s bon exemplaire, propre, int\u00e8gre, bien ferme. \u00c9galement du m\u00eame auteur\u00a0: Khonsou et ses compagnes dans son temple de Karnak.<\/p>","protected":false},"excerpt":{"rendered":"<p>Jean-Claude D\u00e9gardin\u00a0 &#8211; Akademia Verlag Brochure double agrafe, 240 x 170, pagin\u00e9, 125 \u00e0 132, 1984. Publi\u00e9e dans le cadre des [Karl Richard Lepisus (1810-1881). Akten der Tagung anl\u00e4sslich seines 100 Todestages, 10 -12 \/07\/1981 in Halle ]. Tr\u00e8s bon exemplaire, propre, int\u00e8gre, bien ferme. \u00c9galement du m\u00eame auteur\u00a0: Khonsou et ses compagnes dans son &#8230; <a title=\"Les acquis irrempla\u00e7ables de l\u2019exp\u00e9dition de Lepsius.\" class=\"read-more\" href=\"https:\/\/www.livresentre2actions.fr\/en\/product\/les-acquis-irremplacables-de-lexpedition-de-lepsius\/\" aria-label=\"Read more about Les acquis irrempla\u00e7ables de l\u2019exp\u00e9dition de Lepsius.\">Read more<\/a><\/p>","protected":false},"featured_media":11641,"template":"","meta":{"_eb_attr":""},"product_brand":[],"product_cat":[37,73],"product_tag":[],"class_list":{"0":"post-11640","1":"product","2":"type-product","3":"status-publish","4":"has-post-thumbnail","6":"product_cat-a-partir-du-xxeme-siecle","7":"product_cat-histoires-et-recits-de-voyage","8":"sales-flash-overlay","9":"woocommerce-text-align-center","10":"woocommerce-image-align-center","11":"wc-has-gallery","13":"first","14":"instock","15":"taxable","16":"shipping-taxable","17":"purchasable","18":"product-type-simple"},"aioseo_notices":[],"_links":{"self":[{"href":"https:\/\/www.livresentre2actions.fr\/en\/wp-json\/wp\/v2\/product\/11640","targetHints":{"allow":["GET"]}}],"collection":[{"href":"https:\/\/www.livresentre2actions.fr\/en\/wp-json\/wp\/v2\/product"}],"about":[{"href":"https:\/\/www.livresentre2actions.fr\/en\/wp-json\/wp\/v2\/types\/product"}],"wp:featuredmedia":[{"embeddable":true,"href":"https:\/\/www.livresentre2actions.fr\/en\/wp-json\/wp\/v2\/media\/11641"}],"wp:attachment":[{"href":"https:\/\/www.livresentre2actions.fr\/en\/wp-json\/wp\/v2\/media?parent=11640"}],"wp:term":[{"taxonomy":"product_brand","embeddable":true,"href":"https:\/\/www.livresentre2actions.fr\/en\/wp-json\/wp\/v2\/product_brand?post=11640"},{"taxonomy":"product_cat","embeddable":true,"href":"https:\/\/www.livresentre2actions.fr\/en\/wp-json\/wp\/v2\/product_cat?post=11640"},{"taxonomy":"product_tag","embeddable":true,"href":"https:\/\/www.livresentre2actions.fr\/en\/wp-json\/wp\/v2\/product_tag?post=11640"}],"curies":[{"name":"wp","href":"https:\/\/api.w.org\/{rel}","templated":true}]}}