{"id":11636,"date":"2025-03-31T15:25:34","date_gmt":"2025-03-31T13:25:34","guid":{"rendered":"https:\/\/www.livresentre2actions.fr\/?post_type=product&#038;p=11636"},"modified":"2025-06-11T21:28:14","modified_gmt":"2025-06-11T19:28:14","slug":"khonsou-et-ses-compagnes-dans-son-temple-de-karnak","status":"publish","type":"product","link":"https:\/\/www.livresentre2actions.fr\/en\/product\/khonsou-et-ses-compagnes-dans-son-temple-de-karnak\/","title":{"rendered":"Khonsou et ses compagnes dans son temple de Karnak."},"content":{"rendered":"<p>Intellectual Heritage of Egypt. \u2013 Khonsou et ses compagnes dans son temple de Karnak. [Studia Aegyptiaca XIV].<\/p>\n<p>Jean-Claude D\u00e9gardin\u00a0 &#8211; Brochure double agrafe, 256 x 170, pagin\u00e9, 101 \u00e0 112, 1992. Publi\u00e9e dans le cadre des Studies presented to Laszlo Kakosy by friends and colleagues of the occasion of his 60th Birthday. Comprend l\u2019\u00e9tude en fran\u00e7ais de Jean-Claude D\u00e9gardin\u00a0: Khonsou et ses compagnes dans son temple de Karnak. Bel exemplaire, propre, int\u00e8gre, bien ferme. \u00c9galement en stock du m\u00eame auteur\u00a0: Les acquis irrempla\u00e7ables de l\u2019exp\u00e9dition de Lepsius.<\/p>","protected":false},"excerpt":{"rendered":"<p>Intellectual Heritage of Egypt. \u2013 Khonsou et ses compagnes dans son temple de Karnak. [Studia Aegyptiaca XIV]. Jean-Claude D\u00e9gardin\u00a0 &#8211; Brochure double agrafe, 256 x 170, pagin\u00e9, 101 \u00e0 112, 1992. Publi\u00e9e dans le cadre des Studies presented to Laszlo Kakosy by friends and colleagues of the occasion of his 60th Birthday. Comprend l\u2019\u00e9tude en &#8230; <a title=\"Khonsou et ses compagnes dans son temple de Karnak.\" class=\"read-more\" href=\"https:\/\/www.livresentre2actions.fr\/en\/product\/khonsou-et-ses-compagnes-dans-son-temple-de-karnak\/\" aria-label=\"Read more about Khonsou et ses compagnes dans son temple de Karnak.\">Read more<\/a><\/p>","protected":false},"featured_media":0,"template":"","meta":{"_eb_attr":""},"product_brand":[],"product_cat":[37,73],"product_tag":[],"class_list":{"0":"post-11636","1":"product","2":"type-product","3":"status-publish","5":"product_cat-a-partir-du-xxeme-siecle","6":"product_cat-histoires-et-recits-de-voyage","7":"sales-flash-overlay","8":"woocommerce-text-align-center","9":"woocommerce-image-align-center","11":"first","12":"outofstock","13":"taxable","14":"shipping-taxable","15":"purchasable","16":"product-type-simple"},"aioseo_notices":[],"_links":{"self":[{"href":"https:\/\/www.livresentre2actions.fr\/en\/wp-json\/wp\/v2\/product\/11636","targetHints":{"allow":["GET"]}}],"collection":[{"href":"https:\/\/www.livresentre2actions.fr\/en\/wp-json\/wp\/v2\/product"}],"about":[{"href":"https:\/\/www.livresentre2actions.fr\/en\/wp-json\/wp\/v2\/types\/product"}],"wp:attachment":[{"href":"https:\/\/www.livresentre2actions.fr\/en\/wp-json\/wp\/v2\/media?parent=11636"}],"wp:term":[{"taxonomy":"product_brand","embeddable":true,"href":"https:\/\/www.livresentre2actions.fr\/en\/wp-json\/wp\/v2\/product_brand?post=11636"},{"taxonomy":"product_cat","embeddable":true,"href":"https:\/\/www.livresentre2actions.fr\/en\/wp-json\/wp\/v2\/product_cat?post=11636"},{"taxonomy":"product_tag","embeddable":true,"href":"https:\/\/www.livresentre2actions.fr\/en\/wp-json\/wp\/v2\/product_tag?post=11636"}],"curies":[{"name":"wp","href":"https:\/\/api.w.org\/{rel}","templated":true}]}}