{"id":11612,"date":"2025-03-31T15:11:45","date_gmt":"2025-03-31T13:11:45","guid":{"rendered":"https:\/\/www.livresentre2actions.fr\/?post_type=product&#038;p=11612"},"modified":"2025-08-27T12:12:09","modified_gmt":"2025-08-27T10:12:09","slug":"ur-en-chaldee-ou-sept-annees-de-fouilles","status":"publish","type":"product","link":"https:\/\/www.livresentre2actions.fr\/en\/product\/ur-en-chaldee-ou-sept-annees-de-fouilles\/","title":{"rendered":"Ur en Chald\u00e9e ou sept ann\u00e9es de fouilles"},"content":{"rendered":"<p>Sir Leonard Wooley &#8211; Payot<\/p>\n<p>Demi-veau havane \u00e0 dos long orn\u00e9 d\u2019une pi\u00e8ce de titre en maroquin olive, 221 x 143, 200p. Hors tables des mati\u00e8res et des gravures. Premi\u00e8re \u00e9dition. Reliure sign\u00e9e Lucie Weil (galeriste des ann\u00e9es 30). Int\u00e9rieur tr\u00e8s bon, propre, int\u00e8gre. Reliure l\u00e9g\u00e8rement insol\u00e9e mais propre et int\u00e8gre. Bel exemplaire bien ferme.<\/p>","protected":false},"excerpt":{"rendered":"<p>Sir Leonard Wooley &#8211; Payot Demi-veau havane \u00e0 dos long orn\u00e9 d\u2019une pi\u00e8ce de titre en maroquin olive, 221 x 143, 200p. Hors tables des mati\u00e8res et des gravures. Premi\u00e8re \u00e9dition. Reliure sign\u00e9e Lucie Weil (galeriste des ann\u00e9es 30). Int\u00e9rieur tr\u00e8s bon, propre, int\u00e8gre. Reliure l\u00e9g\u00e8rement insol\u00e9e mais propre et int\u00e8gre. Bel exemplaire bien ferme.<\/p>","protected":false},"featured_media":11613,"template":"","meta":{"_eb_attr":""},"product_brand":[],"product_cat":[37,73],"product_tag":[86,95],"class_list":{"0":"post-11612","1":"product","2":"type-product","3":"status-publish","4":"has-post-thumbnail","6":"product_cat-a-partir-du-xxeme-siecle","7":"product_cat-histoires-et-recits-de-voyage","8":"product_tag-illustre","9":"product_tag-reliure","10":"sales-flash-overlay","11":"woocommerce-text-align-center","12":"woocommerce-image-align-center","13":"wc-has-gallery","15":"first","16":"instock","17":"taxable","18":"shipping-taxable","19":"purchasable","20":"product-type-simple"},"aioseo_notices":[],"_links":{"self":[{"href":"https:\/\/www.livresentre2actions.fr\/en\/wp-json\/wp\/v2\/product\/11612","targetHints":{"allow":["GET"]}}],"collection":[{"href":"https:\/\/www.livresentre2actions.fr\/en\/wp-json\/wp\/v2\/product"}],"about":[{"href":"https:\/\/www.livresentre2actions.fr\/en\/wp-json\/wp\/v2\/types\/product"}],"wp:featuredmedia":[{"embeddable":true,"href":"https:\/\/www.livresentre2actions.fr\/en\/wp-json\/wp\/v2\/media\/11613"}],"wp:attachment":[{"href":"https:\/\/www.livresentre2actions.fr\/en\/wp-json\/wp\/v2\/media?parent=11612"}],"wp:term":[{"taxonomy":"product_brand","embeddable":true,"href":"https:\/\/www.livresentre2actions.fr\/en\/wp-json\/wp\/v2\/product_brand?post=11612"},{"taxonomy":"product_cat","embeddable":true,"href":"https:\/\/www.livresentre2actions.fr\/en\/wp-json\/wp\/v2\/product_cat?post=11612"},{"taxonomy":"product_tag","embeddable":true,"href":"https:\/\/www.livresentre2actions.fr\/en\/wp-json\/wp\/v2\/product_tag?post=11612"}],"curies":[{"name":"wp","href":"https:\/\/api.w.org\/{rel}","templated":true}]}}