{"id":11502,"date":"2025-03-26T15:27:55","date_gmt":"2025-03-26T14:27:55","guid":{"rendered":"https:\/\/www.livresentre2actions.fr\/?post_type=product&#038;p=11502"},"modified":"2026-03-07T19:33:44","modified_gmt":"2026-03-07T18:33:44","slug":"le-kremlin-de-moscou-esquisses-et-tableaux-autrefois-et-aujourdhui","status":"publish","type":"product","link":"https:\/\/www.livresentre2actions.fr\/en\/product\/le-kremlin-de-moscou-esquisses-et-tableaux-autrefois-et-aujourdhui\/","title":{"rendered":"Le Kremlin de Moscou.\u00a0Esquisses et tableaux. Autrefois et Aujourd\u2019hui"},"content":{"rendered":"<p>Mikhail Platonovitch FABRICIUS<\/p>\n<p>W. G. Gauthier, libraire et Th. J. Hagen, imprimeur<\/p>\n<p>Cartonnage de l&rsquo;\u00e9diteur \u00e0 pleine toile bleue, premier plat illustr\u00e9 en noir, avec lettres dor\u00e9es et filets dor\u00e9s en encadrement des plats, titrage dor\u00e9 au dos (ici tr\u00e8s frott\u00e9), 245 x 182, 335p. 1883. Edition originale en fran\u00e7ais. Ouvrage pr\u00e9par\u00e9 pour le couronnement d\u2019Alexandre III par Fabricius et orn\u00e9 de 76 dessins sur zinc d\u2019apr\u00e8s nature et de 14 photogravures(bien complet de sa photogravure in fine d\u00e9pliante du quartier au-del\u00e0 de la Moscova). Dont plan double page du Kremlin. Table de 4p. Table des gravures, 2p. Exemplaire enrichi ici d\u2019un ex-dono aux officiers de la flotte fran\u00e7aise en m\u00e9moire de leur s\u00e9jour \u00e0 Moscou en juillet 1891 de la part du maire de Moscou avec sa signature \u00ab N. Alexiev \u00bb et les armes de la ville (Saint-Georges cavalier et le dragon). [Nous sommes au d\u00e9but de la triple entente : France &#8211; Russie \u2013 Angleterre. La flotte fran\u00e7aise mouilla \u00e0 Cronstadt, et Alexandre III re\u00e7ut les repr\u00e9sentants de la R\u00e9publique dans son palais \u00e0 Moscou]. On trouve in fine coll\u00e9e au verso de la derni\u00e8re une quittance nominative d\u2019assurance, et un re\u00e7u volant de contribution indirecte \u00e0 la production. Exemplaire tr\u00e8s d\u00e9fra\u00eechi : rousseurs, taches grise d\u2019humidit\u00e9 en toute fin de volume (derni\u00e8res pages vierges coll\u00e9es dont une d\u00e9chir\u00e9e). La page de citations contenues dans l\u2019ouvrage (derni\u00e8re page de texte) se d\u00e9tache. La reliure \u00e9tant fragilis\u00e9e au niveau du dos, le bloc-livre l\u2019est par cons\u00e9quent avec une tendance \u00e0 la d\u00e9solidarisation (manipulation douce conseill\u00e9e). Plat inf\u00e9rieur et dos toil\u00e9s tr\u00e8s frott\u00e9s, tr\u00e8s insol\u00e9s et un peu flottant sur la cartonnage. Plat inf\u00e9rieur a d\u00fb conna\u00eetre une mouillure. Plat sup\u00e9rieur tr\u00e8s frott\u00e9, des \u00e9pidermures nombreuses et continues. Mors sup\u00e9rieurs bri\u00e8vement fendus en t\u00eate. Coins et champs frott\u00e9s. Coins et champs frott\u00e9s, coins l\u00e9g\u00e8rement \u00e9mouss\u00e9s. Ouvrage rare avec belle provenance dans un \u00e9tat tr\u00e8s moyen.<\/p>","protected":false},"excerpt":{"rendered":"<p>Mikhail Platonovitch FABRICIUS W. G. Gauthier, libraire et Th. J. Hagen, imprimeur Cartonnage de l&rsquo;\u00e9diteur \u00e0 pleine toile bleue, premier plat illustr\u00e9 en noir, avec lettres dor\u00e9es et filets dor\u00e9s en encadrement des plats, titrage dor\u00e9 au dos (ici tr\u00e8s frott\u00e9), 245 x 182, 335p. 1883. Edition originale en fran\u00e7ais. Ouvrage pr\u00e9par\u00e9 pour le couronnement &#8230; <a title=\"Le Kremlin de Moscou.\u00a0Esquisses et tableaux. Autrefois et Aujourd\u2019hui\" class=\"read-more\" href=\"https:\/\/www.livresentre2actions.fr\/en\/product\/le-kremlin-de-moscou-esquisses-et-tableaux-autrefois-et-aujourdhui\/\" aria-label=\"Read more about Le Kremlin de Moscou.\u00a0Esquisses et tableaux. Autrefois et Aujourd\u2019hui\">Read more<\/a><\/p>","protected":false},"featured_media":0,"template":"","meta":{"_eb_attr":""},"product_brand":[],"product_cat":[36,71,73],"product_tag":[],"class_list":{"0":"post-11502","1":"product","2":"type-product","3":"status-publish","5":"product_cat-entre-le-xviiieme-et-le-xixeme-siecle","6":"product_cat-illustres-modernes-editions-originales-signees-numerotees","7":"product_cat-histoires-et-recits-de-voyage","8":"sales-flash-overlay","9":"woocommerce-text-align-center","10":"woocommerce-image-align-center","12":"first","13":"outofstock","14":"taxable","15":"shipping-taxable","16":"purchasable","17":"product-type-simple"},"aioseo_notices":[],"_links":{"self":[{"href":"https:\/\/www.livresentre2actions.fr\/en\/wp-json\/wp\/v2\/product\/11502","targetHints":{"allow":["GET"]}}],"collection":[{"href":"https:\/\/www.livresentre2actions.fr\/en\/wp-json\/wp\/v2\/product"}],"about":[{"href":"https:\/\/www.livresentre2actions.fr\/en\/wp-json\/wp\/v2\/types\/product"}],"wp:attachment":[{"href":"https:\/\/www.livresentre2actions.fr\/en\/wp-json\/wp\/v2\/media?parent=11502"}],"wp:term":[{"taxonomy":"product_brand","embeddable":true,"href":"https:\/\/www.livresentre2actions.fr\/en\/wp-json\/wp\/v2\/product_brand?post=11502"},{"taxonomy":"product_cat","embeddable":true,"href":"https:\/\/www.livresentre2actions.fr\/en\/wp-json\/wp\/v2\/product_cat?post=11502"},{"taxonomy":"product_tag","embeddable":true,"href":"https:\/\/www.livresentre2actions.fr\/en\/wp-json\/wp\/v2\/product_tag?post=11502"}],"curies":[{"name":"wp","href":"https:\/\/api.w.org\/{rel}","templated":true}]}}