{"id":11472,"date":"2025-03-25T13:50:50","date_gmt":"2025-03-25T12:50:50","guid":{"rendered":"https:\/\/www.livresentre2actions.fr\/?post_type=product&#038;p=11472"},"modified":"2025-04-24T12:26:45","modified_gmt":"2025-04-24T10:26:45","slug":"laurence-stern-a-sentimental-journey-through-france","status":"publish","type":"product","link":"https:\/\/www.livresentre2actions.fr\/en\/product\/laurence-stern-a-sentimental-journey-through-france\/","title":{"rendered":"Laurence Stern &#8211; A sentimental journey through France"},"content":{"rendered":"<p>A sentimental journey through France and Italy to which and added The letters to Eliza<br \/>\nYorick [Laurence Sterne]<br \/>\nP. Didot the elder and F. Didot<br \/>\nPlein veau blond \u00e0 dos long, orn\u00e9 de liser\u00e9s et de trois jolis motifs aux caissons, 133 x 85, pp. 2-235, et 240-275. 1800. Avec un ex-libris aux armes coll\u00e9 en contreplat sup\u00e9rieur\u00a0: \u00ab\u00a0Volont\u00e9 de Dieu. B. Le Gonidec de Traissan\u00a0\u00bbExcept\u00e9 une page avec traces noires en pied, int\u00e9rieur propre et int\u00e8gre. Plats frott\u00e9s avec \u00e9pidermures\u00a0; champs et coins frott\u00e9s, coins avec \u00e9pidermures. Dos insol\u00e9 avec une tache en pied et un trou de vers en t\u00eate. Bel exemplaire bien ferme.<\/p>","protected":false},"excerpt":{"rendered":"<p>A sentimental journey through France and Italy to which and added The letters to Eliza Yorick [Laurence Sterne] P. Didot the elder and F. Didot Plein veau blond \u00e0 dos long, orn\u00e9 de liser\u00e9s et de trois jolis motifs aux caissons, 133 x 85, pp. 2-235, et 240-275. 1800. Avec un ex-libris aux armes coll\u00e9 &#8230; <a title=\"Laurence Stern &#8211; A sentimental journey through France\" class=\"read-more\" href=\"https:\/\/www.livresentre2actions.fr\/en\/product\/laurence-stern-a-sentimental-journey-through-france\/\" aria-label=\"Read more about Laurence Stern &#8211; A sentimental journey through France\">Read more<\/a><\/p>","protected":false},"featured_media":11473,"template":"","meta":{"_eb_attr":""},"product_brand":[],"product_cat":[36,73,76],"product_tag":[],"class_list":{"0":"post-11472","1":"product","2":"type-product","3":"status-publish","4":"has-post-thumbnail","6":"product_cat-entre-le-xviiieme-et-le-xixeme-siecle","7":"product_cat-histoires-et-recits-de-voyage","8":"product_cat-poesie-theatre-prose","9":"sales-flash-overlay","10":"woocommerce-text-align-center","11":"woocommerce-image-align-center","12":"wc-has-gallery","14":"first","15":"instock","16":"taxable","17":"shipping-taxable","18":"purchasable","19":"product-type-simple"},"aioseo_notices":[],"_links":{"self":[{"href":"https:\/\/www.livresentre2actions.fr\/en\/wp-json\/wp\/v2\/product\/11472","targetHints":{"allow":["GET"]}}],"collection":[{"href":"https:\/\/www.livresentre2actions.fr\/en\/wp-json\/wp\/v2\/product"}],"about":[{"href":"https:\/\/www.livresentre2actions.fr\/en\/wp-json\/wp\/v2\/types\/product"}],"wp:featuredmedia":[{"embeddable":true,"href":"https:\/\/www.livresentre2actions.fr\/en\/wp-json\/wp\/v2\/media\/11473"}],"wp:attachment":[{"href":"https:\/\/www.livresentre2actions.fr\/en\/wp-json\/wp\/v2\/media?parent=11472"}],"wp:term":[{"taxonomy":"product_brand","embeddable":true,"href":"https:\/\/www.livresentre2actions.fr\/en\/wp-json\/wp\/v2\/product_brand?post=11472"},{"taxonomy":"product_cat","embeddable":true,"href":"https:\/\/www.livresentre2actions.fr\/en\/wp-json\/wp\/v2\/product_cat?post=11472"},{"taxonomy":"product_tag","embeddable":true,"href":"https:\/\/www.livresentre2actions.fr\/en\/wp-json\/wp\/v2\/product_tag?post=11472"}],"curies":[{"name":"wp","href":"https:\/\/api.w.org\/{rel}","templated":true}]}}