{"id":11437,"date":"2025-03-23T14:56:59","date_gmt":"2025-03-23T13:56:59","guid":{"rendered":"https:\/\/www.livresentre2actions.fr\/?post_type=product&#038;p=11437"},"modified":"2025-11-24T10:53:06","modified_gmt":"2025-11-24T09:53:06","slug":"brochure-de-soutien-au-referendum-sur-lautodetermination-algerienne","status":"publish","type":"product","link":"https:\/\/www.livresentre2actions.fr\/en\/product\/brochure-de-soutien-au-referendum-sur-lautodetermination-algerienne\/","title":{"rendered":"Brochure de soutien au R\u00e9f\u00e9rendum sur l&rsquo;autod\u00e9termination alg\u00e9rienne"},"content":{"rendered":"<p>Brochure de soutien au R\u00e9f\u00e9rendum sur l&rsquo;autod\u00e9termination alg\u00e9rienne Quatre page, 268 x 208, d\u00e9cembre 1960. R\u00e9alisations de la direction des relations publiques et de l&rsquo;information. Association nationale pour le soutien de l&rsquo;action du g\u00e9n\u00e9ral de Gaulle. R\u00e9f\u00e9rendum sur le principe de autod\u00e9termination de l&rsquo;Alg\u00e9rie. Exemplaire propre, insol\u00e9, avec quelques pliures. Le r\u00e9f\u00e9rendum sur l&rsquo;autod\u00e9termination de l&rsquo;Alg\u00e9rie a eu lieu le 8 janvier 1961. Il ouvre la voie \u00e0 une ind\u00e9pendance de l&rsquo;Alg\u00e9rie. La question pos\u00e9e aux Fran\u00e7ais \u00e9tait[ : \u00ab Approuvez-vous le projet de loi soumis au peuple fran\u00e7ais par le pr\u00e9sident de la R\u00e9publique et concernant l&rsquo;autod\u00e9termination des populations alg\u00e9riennes et l&rsquo;organisation des pouvoirs publics en Alg\u00e9rie avant l&rsquo;autod\u00e9termination ? \u00bb C&rsquo;est le d\u00e9cret num\u00e9ro 60-1299 du 8 d\u00e9cembre 1960 qui autorisa la soumission du projet de loi au r\u00e9f\u00e9rendum.<\/p>","protected":false},"excerpt":{"rendered":"<p>Brochure de soutien au R\u00e9f\u00e9rendum sur l&rsquo;autod\u00e9termination alg\u00e9rienne Quatre page, 268 x 208, d\u00e9cembre 1960. R\u00e9alisations de la direction des relations publiques et de l&rsquo;information. Association nationale pour le soutien de l&rsquo;action du g\u00e9n\u00e9ral de Gaulle. R\u00e9f\u00e9rendum sur le principe de autod\u00e9termination de l&rsquo;Alg\u00e9rie. Exemplaire propre, insol\u00e9, avec quelques pliures. Le r\u00e9f\u00e9rendum sur l&rsquo;autod\u00e9termination de &#8230; <a title=\"Brochure de soutien au R\u00e9f\u00e9rendum sur l&rsquo;autod\u00e9termination alg\u00e9rienne\" class=\"read-more\" href=\"https:\/\/www.livresentre2actions.fr\/en\/product\/brochure-de-soutien-au-referendum-sur-lautodetermination-algerienne\/\" aria-label=\"Read more about Brochure de soutien au R\u00e9f\u00e9rendum sur l&rsquo;autod\u00e9termination alg\u00e9rienne\">Read more<\/a><\/p>","protected":false},"featured_media":0,"template":"","meta":{"_eb_attr":""},"product_brand":[],"product_cat":[37,73],"product_tag":[],"class_list":{"0":"post-11437","1":"product","2":"type-product","3":"status-publish","5":"product_cat-a-partir-du-xxeme-siecle","6":"product_cat-histoires-et-recits-de-voyage","7":"sales-flash-overlay","8":"woocommerce-text-align-center","9":"woocommerce-image-align-center","11":"first","12":"outofstock","13":"taxable","14":"shipping-taxable","15":"purchasable","16":"product-type-simple"},"aioseo_notices":[],"_links":{"self":[{"href":"https:\/\/www.livresentre2actions.fr\/en\/wp-json\/wp\/v2\/product\/11437","targetHints":{"allow":["GET"]}}],"collection":[{"href":"https:\/\/www.livresentre2actions.fr\/en\/wp-json\/wp\/v2\/product"}],"about":[{"href":"https:\/\/www.livresentre2actions.fr\/en\/wp-json\/wp\/v2\/types\/product"}],"wp:attachment":[{"href":"https:\/\/www.livresentre2actions.fr\/en\/wp-json\/wp\/v2\/media?parent=11437"}],"wp:term":[{"taxonomy":"product_brand","embeddable":true,"href":"https:\/\/www.livresentre2actions.fr\/en\/wp-json\/wp\/v2\/product_brand?post=11437"},{"taxonomy":"product_cat","embeddable":true,"href":"https:\/\/www.livresentre2actions.fr\/en\/wp-json\/wp\/v2\/product_cat?post=11437"},{"taxonomy":"product_tag","embeddable":true,"href":"https:\/\/www.livresentre2actions.fr\/en\/wp-json\/wp\/v2\/product_tag?post=11437"}],"curies":[{"name":"wp","href":"https:\/\/api.w.org\/{rel}","templated":true}]}}