{"id":11416,"date":"2025-03-18T16:37:14","date_gmt":"2025-03-18T15:37:14","guid":{"rendered":"https:\/\/www.livresentre2actions.fr\/?post_type=product&#038;p=11416"},"modified":"2025-03-18T16:37:15","modified_gmt":"2025-03-18T15:37:15","slug":"la-russie-a-la-fin-du-19eme-siecle-m-w-de-kovalevsky-dir","status":"publish","type":"product","link":"https:\/\/www.livresentre2actions.fr\/en\/product\/la-russie-a-la-fin-du-19eme-siecle-m-w-de-kovalevsky-dir\/","title":{"rendered":"La Russie \u00e0 la fin du 19\u00e8me si\u00e8cle &#8211; M. W. de Kovalevsky (dir.)"},"content":{"rendered":"<p>Paul Dupont \/ Guillaumin et Cie<\/p>\n<p>Commission imp\u00e9riale de Russie \u00e0 l\u2019Exposition universelle de Paris. Broch\u00e9, 252 x 165, 989p. 1900. 3 cartes d\u00e9pliantes couleur (int\u00e8gres\u00a0; carte g\u00e9n\u00e9rale (une petit d\u00e9chirure en plein sans manque)\u00a0; voies d\u2019eau\u00a0; chemins de fer). 9 cartogrammes (cartes) couleur, et 22 diagrammes\/tableaux. Int\u00e9rieur l\u00e9g\u00e8rement insol\u00e9 mais propre, non coup\u00e9. Couvertures et ds insol\u00e9s et frott\u00e9s, dos rid\u00e9, mais int\u00e8gres. Bon exemplaire bien ferme. Une \u00e9tiquette coll\u00e9e en pied de quatri\u00e8me.<\/p>","protected":false},"excerpt":{"rendered":"<p>Paul Dupont \/ Guillaumin et Cie Commission imp\u00e9riale de Russie \u00e0 l\u2019Exposition universelle de Paris. Broch\u00e9, 252 x 165, 989p. 1900. 3 cartes d\u00e9pliantes couleur (int\u00e8gres\u00a0; carte g\u00e9n\u00e9rale (une petit d\u00e9chirure en plein sans manque)\u00a0; voies d\u2019eau\u00a0; chemins de fer). 9 cartogrammes (cartes) couleur, et 22 diagrammes\/tableaux. Int\u00e9rieur l\u00e9g\u00e8rement insol\u00e9 mais propre, non coup\u00e9. Couvertures &#8230; <a title=\"La Russie \u00e0 la fin du 19\u00e8me si\u00e8cle &#8211; M. W. de Kovalevsky (dir.)\" class=\"read-more\" href=\"https:\/\/www.livresentre2actions.fr\/en\/product\/la-russie-a-la-fin-du-19eme-siecle-m-w-de-kovalevsky-dir\/\" aria-label=\"Read more about La Russie \u00e0 la fin du 19\u00e8me si\u00e8cle &#8211; M. W. de Kovalevsky (dir.)\">Read more<\/a><\/p>","protected":false},"featured_media":11417,"template":"","meta":{"_eb_attr":""},"product_brand":[],"product_cat":[37,73],"product_tag":[],"class_list":{"0":"post-11416","1":"product","2":"type-product","3":"status-publish","4":"has-post-thumbnail","6":"product_cat-a-partir-du-xxeme-siecle","7":"product_cat-histoires-et-recits-de-voyage","8":"sales-flash-overlay","9":"woocommerce-text-align-center","10":"woocommerce-image-align-center","11":"wc-has-gallery","13":"first","14":"instock","15":"taxable","16":"shipping-taxable","17":"purchasable","18":"product-type-simple"},"aioseo_notices":[],"_links":{"self":[{"href":"https:\/\/www.livresentre2actions.fr\/en\/wp-json\/wp\/v2\/product\/11416","targetHints":{"allow":["GET"]}}],"collection":[{"href":"https:\/\/www.livresentre2actions.fr\/en\/wp-json\/wp\/v2\/product"}],"about":[{"href":"https:\/\/www.livresentre2actions.fr\/en\/wp-json\/wp\/v2\/types\/product"}],"wp:featuredmedia":[{"embeddable":true,"href":"https:\/\/www.livresentre2actions.fr\/en\/wp-json\/wp\/v2\/media\/11417"}],"wp:attachment":[{"href":"https:\/\/www.livresentre2actions.fr\/en\/wp-json\/wp\/v2\/media?parent=11416"}],"wp:term":[{"taxonomy":"product_brand","embeddable":true,"href":"https:\/\/www.livresentre2actions.fr\/en\/wp-json\/wp\/v2\/product_brand?post=11416"},{"taxonomy":"product_cat","embeddable":true,"href":"https:\/\/www.livresentre2actions.fr\/en\/wp-json\/wp\/v2\/product_cat?post=11416"},{"taxonomy":"product_tag","embeddable":true,"href":"https:\/\/www.livresentre2actions.fr\/en\/wp-json\/wp\/v2\/product_tag?post=11416"}],"curies":[{"name":"wp","href":"https:\/\/api.w.org\/{rel}","templated":true}]}}