{"id":11408,"date":"2025-03-18T16:33:26","date_gmt":"2025-03-18T15:33:26","guid":{"rendered":"https:\/\/www.livresentre2actions.fr\/?post_type=product&#038;p=11408"},"modified":"2025-08-08T11:57:11","modified_gmt":"2025-08-08T09:57:11","slug":"troubles-darras-1577-1578-tome-second","status":"publish","type":"product","link":"https:\/\/www.livresentre2actions.fr\/en\/product\/troubles-darras-1577-1578-tome-second\/","title":{"rendered":"Troubles d\u2019Arras, 1577-1578. Tome second."},"content":{"rendered":"<p>Troubles d\u2019Arras, 1577-1578. Tome second. Relation de Pontus Payen, de Nicolas Led\u00e9 et autres documents in\u00e9dits<\/p>\n<p>Par Achmet d\u2019H\u00e9ricourt &#8211; Dumoulin, Libraire-\u00e9diteur<\/p>\n<p>Broch\u00e9, 248 x 185, 152p. Avec table. 1850. Tome second seul. Int\u00e9rieur non coup\u00e9, mais avec rousseurs et mouillures en marges haute et basse. Couvertures avec rousseurs, d\u00e9chirure en couverture le long du dos\u00a0; ouvrage qui se d\u00e9broche.<\/p>","protected":false},"excerpt":{"rendered":"<p>Troubles d\u2019Arras, 1577-1578. Tome second. Relation de Pontus Payen, de Nicolas Led\u00e9 et autres documents in\u00e9dits Par Achmet d\u2019H\u00e9ricourt &#8211; Dumoulin, Libraire-\u00e9diteur Broch\u00e9, 248 x 185, 152p. Avec table. 1850. Tome second seul. Int\u00e9rieur non coup\u00e9, mais avec rousseurs et mouillures en marges haute et basse. Couvertures avec rousseurs, d\u00e9chirure en couverture le long du &#8230; <a title=\"Troubles d\u2019Arras, 1577-1578. Tome second.\" class=\"read-more\" href=\"https:\/\/www.livresentre2actions.fr\/en\/product\/troubles-darras-1577-1578-tome-second\/\" aria-label=\"Read more about Troubles d\u2019Arras, 1577-1578. Tome second.\">Read more<\/a><\/p>","protected":false},"featured_media":11409,"template":"","meta":{"_eb_attr":""},"product_brand":[],"product_cat":[36,73],"product_tag":[],"class_list":{"0":"post-11408","1":"product","2":"type-product","3":"status-publish","4":"has-post-thumbnail","6":"product_cat-entre-le-xviiieme-et-le-xixeme-siecle","7":"product_cat-histoires-et-recits-de-voyage","8":"sales-flash-overlay","9":"woocommerce-text-align-center","10":"woocommerce-image-align-center","11":"wc-has-gallery","13":"first","14":"instock","15":"taxable","16":"shipping-taxable","17":"purchasable","18":"product-type-simple"},"aioseo_notices":[],"_links":{"self":[{"href":"https:\/\/www.livresentre2actions.fr\/en\/wp-json\/wp\/v2\/product\/11408","targetHints":{"allow":["GET"]}}],"collection":[{"href":"https:\/\/www.livresentre2actions.fr\/en\/wp-json\/wp\/v2\/product"}],"about":[{"href":"https:\/\/www.livresentre2actions.fr\/en\/wp-json\/wp\/v2\/types\/product"}],"wp:featuredmedia":[{"embeddable":true,"href":"https:\/\/www.livresentre2actions.fr\/en\/wp-json\/wp\/v2\/media\/11409"}],"wp:attachment":[{"href":"https:\/\/www.livresentre2actions.fr\/en\/wp-json\/wp\/v2\/media?parent=11408"}],"wp:term":[{"taxonomy":"product_brand","embeddable":true,"href":"https:\/\/www.livresentre2actions.fr\/en\/wp-json\/wp\/v2\/product_brand?post=11408"},{"taxonomy":"product_cat","embeddable":true,"href":"https:\/\/www.livresentre2actions.fr\/en\/wp-json\/wp\/v2\/product_cat?post=11408"},{"taxonomy":"product_tag","embeddable":true,"href":"https:\/\/www.livresentre2actions.fr\/en\/wp-json\/wp\/v2\/product_tag?post=11408"}],"curies":[{"name":"wp","href":"https:\/\/api.w.org\/{rel}","templated":true}]}}