{"id":11399,"date":"2025-03-18T16:30:34","date_gmt":"2025-03-18T15:30:34","guid":{"rendered":"https:\/\/www.livresentre2actions.fr\/?post_type=product&#038;p=11399"},"modified":"2025-08-25T14:19:57","modified_gmt":"2025-08-25T12:19:57","slug":"notice-historique-de-saint-omer-p-collen","status":"publish","type":"product","link":"https:\/\/www.livresentre2actions.fr\/en\/product\/notice-historique-de-saint-omer-p-collen\/","title":{"rendered":"Notice historique de Saint-Omer &#8211; P. Collen"},"content":{"rendered":"<p>Notice historique de Saint-Omer. Suivie de celles de Therouane et de Tournehem<\/p>\n<p>P. Collen &#8211; Imprimerie de Lemaire<\/p>\n<p>Broch\u00e9, 190 x 115, 239p. 1830, Saint-Omer. Edition originale. Int\u00e9rieur insol\u00e9 mais propre. Rousseurs l\u00e9g\u00e8res, marginales. Couvertures et dos insol\u00e9s , des manques au dos, exemplaire qui se d\u00e9broche \u00e0 partir de la page 192.<\/p>","protected":false},"excerpt":{"rendered":"<p>Notice historique de Saint-Omer. Suivie de celles de Therouane et de Tournehem P. Collen &#8211; Imprimerie de Lemaire Broch\u00e9, 190 x 115, 239p. 1830, Saint-Omer. Edition originale. Int\u00e9rieur insol\u00e9 mais propre. Rousseurs l\u00e9g\u00e8res, marginales. Couvertures et dos insol\u00e9s , des manques au dos, exemplaire qui se d\u00e9broche \u00e0 partir de la page 192.<\/p>","protected":false},"featured_media":11400,"template":"","meta":{"_eb_attr":""},"product_brand":[],"product_cat":[36,71,73],"product_tag":[],"class_list":{"0":"post-11399","1":"product","2":"type-product","3":"status-publish","4":"has-post-thumbnail","6":"product_cat-entre-le-xviiieme-et-le-xixeme-siecle","7":"product_cat-illustres-modernes-editions-originales-signees-numerotees","8":"product_cat-histoires-et-recits-de-voyage","9":"sales-flash-overlay","10":"woocommerce-text-align-center","11":"woocommerce-image-align-center","12":"wc-has-gallery","14":"first","15":"instock","16":"taxable","17":"shipping-taxable","18":"purchasable","19":"product-type-simple"},"aioseo_notices":[],"_links":{"self":[{"href":"https:\/\/www.livresentre2actions.fr\/en\/wp-json\/wp\/v2\/product\/11399","targetHints":{"allow":["GET"]}}],"collection":[{"href":"https:\/\/www.livresentre2actions.fr\/en\/wp-json\/wp\/v2\/product"}],"about":[{"href":"https:\/\/www.livresentre2actions.fr\/en\/wp-json\/wp\/v2\/types\/product"}],"wp:featuredmedia":[{"embeddable":true,"href":"https:\/\/www.livresentre2actions.fr\/en\/wp-json\/wp\/v2\/media\/11400"}],"wp:attachment":[{"href":"https:\/\/www.livresentre2actions.fr\/en\/wp-json\/wp\/v2\/media?parent=11399"}],"wp:term":[{"taxonomy":"product_brand","embeddable":true,"href":"https:\/\/www.livresentre2actions.fr\/en\/wp-json\/wp\/v2\/product_brand?post=11399"},{"taxonomy":"product_cat","embeddable":true,"href":"https:\/\/www.livresentre2actions.fr\/en\/wp-json\/wp\/v2\/product_cat?post=11399"},{"taxonomy":"product_tag","embeddable":true,"href":"https:\/\/www.livresentre2actions.fr\/en\/wp-json\/wp\/v2\/product_tag?post=11399"}],"curies":[{"name":"wp","href":"https:\/\/api.w.org\/{rel}","templated":true}]}}