{"id":11338,"date":"2025-03-13T16:20:10","date_gmt":"2025-03-13T15:20:10","guid":{"rendered":"https:\/\/www.livresentre2actions.fr\/?post_type=product&#038;p=11338"},"modified":"2025-03-13T16:20:12","modified_gmt":"2025-03-13T15:20:12","slug":"brevarium-parisiense-d-hyacinte-ludovici-de-quelen","status":"publish","type":"product","link":"https:\/\/www.livresentre2actions.fr\/en\/product\/brevarium-parisiense-d-hyacinte-ludovici-de-quelen\/","title":{"rendered":"Brevarium Parisiense D. Hyacinte Ludovici De Quelen"},"content":{"rendered":"<p>Brevarium Parisiense D. Hyacinte Ludovici De Quelen Parisiensis archiepiscopi auctoritate. Pars autumnalis. Denuo editum<\/p>\n<p>D. Hyacinte Ludovici De Quelen &#8211; Lutetiae Parisiorum<\/p>\n<p>Plein veau, dos \u00e0 faux-nerfs, plats orn\u00e9s d\u2019un double encadrement \u00e0 liser\u00e9s, dos orn\u00e9s de liser\u00e9s, toutes tranches dor\u00e9es, 180 x 110, 1836. 30p. (Tabula ; Excerpta \u00e9 rubricis ; Index psalmorum ; Praefatio ascetica in psalterium ). 604p. (Psalterium dispositum per hebdomadam. Pars autumnalis ; In festo sancti Ludovici regis franciae. Solemne-minus ; In festo sancti Michaelis et omnium angelorum. Solemne-minus ; In festo sanctorum Dionysii primi parisiensis episcopi rustici et eleutherii martyrum. Solemne-minus ; In festo omnium sanctorum. Annuale-minus). Puis Commune sanctorum, pagin\u00e9 iv-lxiv. Officium B. Mariae in sabato simplex, pagin\u00e9 lxvj-lxx. Officium parvum Beate Mariae virginis, lxxij-lxxxi. Psalmi poenitentiales, lxxxij-xcj. Commendatio anime ante decessum, xciij-cxvij. Canones cxix-cliv. Lectiones intra octavam patroni vel. Patronae, clxij-clxiij. Puis partitions not\u00e9es : Intonationes et terminationes psalmorum et canticorum secundum omnes cujusque modi differentias, clx-clxviij. Puis Index Paris autumnalis. In fine : Supplementum Partis autumnalis Breviarii parisiensis, Niverni, Apud L. C. Laurent, 6p. Texte sur deux colonnes. Propres. On trouve trois feuilles volantes : Pri\u00e8re \u00e0 Sainte Flavie (recto\/verso) ; feuille d\u00e9coup\u00e9e avec des lectures du mois d\u2019ao\u00fbt (recto\/verso) ; Ave Maria par Mgr l\u2019\u00c9v\u00eaque de Nevers (recto\/verso, se vend chez Begat). Coins et champs frott\u00e9s, avec coins l\u00e9g\u00e8rement \u00e9mouss\u00e9s. Plats frott\u00e9s avec \u00e9pidermures, griffes, une trace de mouillure ne pied de plat inf\u00e9rieur.Dos avec frottements mais bon. Mors frott\u00e9s, mors sup\u00e9rieur bri\u00e8vement fendu en t\u00eate ; mors inf\u00e9rieur fendu au 2\/3. Torsion l\u00e9g\u00e8re du plat sup\u00e9rieur en t\u00eate. Bon exemplaire de ce rare br\u00e9viaire parisien, par Hyacinthe-Louis de Qu\u00e9len (1778-1839), archev\u00eaque de Paris de 1821 \u00e0 1839. Inhum\u00e9 \u00e0 Notre-Dame dans la Chapelle Saint-Marcel. Il s\u2019apposa en 1828 \u00e0 l\u2019ordonnance expulsant les J\u00e9suites, on note dans le br\u00e9viaire un cul-de-lampe avec le monogramme j\u00e9suitique.<\/p>","protected":false},"excerpt":{"rendered":"<p>Brevarium Parisiense D. Hyacinte Ludovici De Quelen Parisiensis archiepiscopi auctoritate. Pars autumnalis. Denuo editum D. Hyacinte Ludovici De Quelen &#8211; Lutetiae Parisiorum Plein veau, dos \u00e0 faux-nerfs, plats orn\u00e9s d\u2019un double encadrement \u00e0 liser\u00e9s, dos orn\u00e9s de liser\u00e9s, toutes tranches dor\u00e9es, 180 x 110, 1836. 30p. (Tabula ; Excerpta \u00e9 rubricis ; Index psalmorum ; &#8230; <a title=\"Brevarium Parisiense D. Hyacinte Ludovici De Quelen\" class=\"read-more\" href=\"https:\/\/www.livresentre2actions.fr\/en\/product\/brevarium-parisiense-d-hyacinte-ludovici-de-quelen\/\" aria-label=\"Read more about Brevarium Parisiense D. Hyacinte Ludovici De Quelen\">Read more<\/a><\/p>","protected":false},"featured_media":11339,"template":"","meta":{"_eb_attr":""},"product_brand":[],"product_cat":[36,68],"product_tag":[],"class_list":{"0":"post-11338","1":"product","2":"type-product","3":"status-publish","4":"has-post-thumbnail","6":"product_cat-entre-le-xviiieme-et-le-xixeme-siecle","7":"product_cat-religion-spiritualite","8":"sales-flash-overlay","9":"woocommerce-text-align-center","10":"woocommerce-image-align-center","11":"wc-has-gallery","13":"first","14":"instock","15":"taxable","16":"shipping-taxable","17":"purchasable","18":"product-type-simple"},"aioseo_notices":[],"_links":{"self":[{"href":"https:\/\/www.livresentre2actions.fr\/en\/wp-json\/wp\/v2\/product\/11338","targetHints":{"allow":["GET"]}}],"collection":[{"href":"https:\/\/www.livresentre2actions.fr\/en\/wp-json\/wp\/v2\/product"}],"about":[{"href":"https:\/\/www.livresentre2actions.fr\/en\/wp-json\/wp\/v2\/types\/product"}],"wp:featuredmedia":[{"embeddable":true,"href":"https:\/\/www.livresentre2actions.fr\/en\/wp-json\/wp\/v2\/media\/11339"}],"wp:attachment":[{"href":"https:\/\/www.livresentre2actions.fr\/en\/wp-json\/wp\/v2\/media?parent=11338"}],"wp:term":[{"taxonomy":"product_brand","embeddable":true,"href":"https:\/\/www.livresentre2actions.fr\/en\/wp-json\/wp\/v2\/product_brand?post=11338"},{"taxonomy":"product_cat","embeddable":true,"href":"https:\/\/www.livresentre2actions.fr\/en\/wp-json\/wp\/v2\/product_cat?post=11338"},{"taxonomy":"product_tag","embeddable":true,"href":"https:\/\/www.livresentre2actions.fr\/en\/wp-json\/wp\/v2\/product_tag?post=11338"}],"curies":[{"name":"wp","href":"https:\/\/api.w.org\/{rel}","templated":true}]}}