{"id":11293,"date":"2025-03-12T15:35:56","date_gmt":"2025-03-12T14:35:56","guid":{"rendered":"https:\/\/www.livresentre2actions.fr\/?post_type=product&#038;p=11293"},"modified":"2025-08-08T11:57:59","modified_gmt":"2025-08-08T09:57:59","slug":"le-tiers-etat-dapres-la-charte-de-beaumont-et-ses-filiales","status":"publish","type":"product","link":"https:\/\/www.livresentre2actions.fr\/en\/product\/le-tiers-etat-dapres-la-charte-de-beaumont-et-ses-filiales\/","title":{"rendered":"Le Tiers \u00e9tat d&rsquo;apr\u00e8s la charte de Beaumont et ses filiales"},"content":{"rendered":"<p>BONVALOT (\u00c9douard) &#8211; Alphonse Picard<\/p>\n<p>Demi-percaline rose \u00e0 dos long, 234 x 160, 557p. Hors appendice (pagin\u00e9 1 \u00e0 88). 1884. Int\u00e9rieur insol\u00e9 mais propre et int\u00e8gre. Mors sup\u00e9rieur int\u00e9rieur ouvert. Plats, dos et champs frott\u00e9s. 2 \u00e9tiquettes en t\u00eate de plats. dos frott\u00e9, un peu gris\u00e9s, mais int\u00e8gre.<\/p>","protected":false},"excerpt":{"rendered":"<p>BONVALOT (\u00c9douard) &#8211; Alphonse Picard Demi-percaline rose \u00e0 dos long, 234 x 160, 557p. Hors appendice (pagin\u00e9 1 \u00e0 88). 1884. Int\u00e9rieur insol\u00e9 mais propre et int\u00e8gre. Mors sup\u00e9rieur int\u00e9rieur ouvert. Plats, dos et champs frott\u00e9s. 2 \u00e9tiquettes en t\u00eate de plats. dos frott\u00e9, un peu gris\u00e9s, mais int\u00e8gre.<\/p>","protected":false},"featured_media":11295,"template":"","meta":{"_eb_attr":""},"product_brand":[],"product_cat":[36,73],"product_tag":[],"class_list":{"0":"post-11293","1":"product","2":"type-product","3":"status-publish","4":"has-post-thumbnail","6":"product_cat-entre-le-xviiieme-et-le-xixeme-siecle","7":"product_cat-histoires-et-recits-de-voyage","8":"sales-flash-overlay","9":"woocommerce-text-align-center","10":"woocommerce-image-align-center","11":"wc-has-gallery","13":"first","14":"instock","15":"taxable","16":"shipping-taxable","17":"purchasable","18":"product-type-simple"},"aioseo_notices":[],"_links":{"self":[{"href":"https:\/\/www.livresentre2actions.fr\/en\/wp-json\/wp\/v2\/product\/11293","targetHints":{"allow":["GET"]}}],"collection":[{"href":"https:\/\/www.livresentre2actions.fr\/en\/wp-json\/wp\/v2\/product"}],"about":[{"href":"https:\/\/www.livresentre2actions.fr\/en\/wp-json\/wp\/v2\/types\/product"}],"wp:featuredmedia":[{"embeddable":true,"href":"https:\/\/www.livresentre2actions.fr\/en\/wp-json\/wp\/v2\/media\/11295"}],"wp:attachment":[{"href":"https:\/\/www.livresentre2actions.fr\/en\/wp-json\/wp\/v2\/media?parent=11293"}],"wp:term":[{"taxonomy":"product_brand","embeddable":true,"href":"https:\/\/www.livresentre2actions.fr\/en\/wp-json\/wp\/v2\/product_brand?post=11293"},{"taxonomy":"product_cat","embeddable":true,"href":"https:\/\/www.livresentre2actions.fr\/en\/wp-json\/wp\/v2\/product_cat?post=11293"},{"taxonomy":"product_tag","embeddable":true,"href":"https:\/\/www.livresentre2actions.fr\/en\/wp-json\/wp\/v2\/product_tag?post=11293"}],"curies":[{"name":"wp","href":"https:\/\/api.w.org\/{rel}","templated":true}]}}