{"id":11231,"date":"2025-03-11T15:41:26","date_gmt":"2025-03-11T14:41:26","guid":{"rendered":"https:\/\/www.livresentre2actions.fr\/?post_type=product&#038;p=11231"},"modified":"2025-08-08T11:27:08","modified_gmt":"2025-08-08T09:27:08","slug":"coutumes-du-bailliage-damiens-commentees-par-ricard","status":"publish","type":"product","link":"https:\/\/www.livresentre2actions.fr\/en\/product\/coutumes-du-bailliage-damiens-commentees-par-ricard\/","title":{"rendered":"Coutumes du bailliage d\u2019Amiens comment\u00e9es par Ricard"},"content":{"rendered":"<p>Coutumes du bailliage d\u2019Amiens comment\u00e9es par Ricard. Nouvelle \u00e9dition augment\u00e9e<\/p>\n<p>Chez D\u00e9v\u00e9rit\u00e9 &#8211; Plein veau l\u00e9opard\u00e9, dos \u00e0 cinq nerfs, 170 x 100, 292p. Hors table, 34p. 1781, Abbeville. Int\u00e9rieur propre, rousseurs marginales. Bloc-livre fendu entre les pages 71 et 96. Coins et champs frott\u00e9s, coins l\u00e9g\u00e8rement \u00e9mouss\u00e9s, dont un avec manque. Pi\u00e8ces de titre manquante. Dos frott\u00e9 avec \u00e9pidermures aux nerfs, coiffe en partie aras\u00e9&amp;e, queue frott\u00e9e. Trous de vers en t\u00eate et pied de mors inf\u00e9rieur, mors inf\u00e9rieur bri\u00e8vement fendu en pied.<\/p>","protected":false},"excerpt":{"rendered":"<p>Coutumes du bailliage d\u2019Amiens comment\u00e9es par Ricard. Nouvelle \u00e9dition augment\u00e9e Chez D\u00e9v\u00e9rit\u00e9 &#8211; Plein veau l\u00e9opard\u00e9, dos \u00e0 cinq nerfs, 170 x 100, 292p. Hors table, 34p. 1781, Abbeville. Int\u00e9rieur propre, rousseurs marginales. Bloc-livre fendu entre les pages 71 et 96. Coins et champs frott\u00e9s, coins l\u00e9g\u00e8rement \u00e9mouss\u00e9s, dont un avec manque. Pi\u00e8ces de titre &#8230; <a title=\"Coutumes du bailliage d\u2019Amiens comment\u00e9es par Ricard\" class=\"read-more\" href=\"https:\/\/www.livresentre2actions.fr\/en\/product\/coutumes-du-bailliage-damiens-commentees-par-ricard\/\" aria-label=\"Read more about Coutumes du bailliage d\u2019Amiens comment\u00e9es par Ricard\">Read more<\/a><\/p>","protected":false},"featured_media":11232,"template":"","meta":{"_eb_attr":""},"product_brand":[],"product_cat":[36,81,73],"product_tag":[],"class_list":{"0":"post-11231","1":"product","2":"type-product","3":"status-publish","4":"has-post-thumbnail","6":"product_cat-entre-le-xviiieme-et-le-xixeme-siecle","7":"product_cat-hauts-de-france","8":"product_cat-histoires-et-recits-de-voyage","9":"sales-flash-overlay","10":"woocommerce-text-align-center","11":"woocommerce-image-align-center","12":"wc-has-gallery","14":"first","15":"instock","16":"taxable","17":"shipping-taxable","18":"purchasable","19":"product-type-simple"},"aioseo_notices":[],"_links":{"self":[{"href":"https:\/\/www.livresentre2actions.fr\/en\/wp-json\/wp\/v2\/product\/11231","targetHints":{"allow":["GET"]}}],"collection":[{"href":"https:\/\/www.livresentre2actions.fr\/en\/wp-json\/wp\/v2\/product"}],"about":[{"href":"https:\/\/www.livresentre2actions.fr\/en\/wp-json\/wp\/v2\/types\/product"}],"wp:featuredmedia":[{"embeddable":true,"href":"https:\/\/www.livresentre2actions.fr\/en\/wp-json\/wp\/v2\/media\/11232"}],"wp:attachment":[{"href":"https:\/\/www.livresentre2actions.fr\/en\/wp-json\/wp\/v2\/media?parent=11231"}],"wp:term":[{"taxonomy":"product_brand","embeddable":true,"href":"https:\/\/www.livresentre2actions.fr\/en\/wp-json\/wp\/v2\/product_brand?post=11231"},{"taxonomy":"product_cat","embeddable":true,"href":"https:\/\/www.livresentre2actions.fr\/en\/wp-json\/wp\/v2\/product_cat?post=11231"},{"taxonomy":"product_tag","embeddable":true,"href":"https:\/\/www.livresentre2actions.fr\/en\/wp-json\/wp\/v2\/product_tag?post=11231"}],"curies":[{"name":"wp","href":"https:\/\/api.w.org\/{rel}","templated":true}]}}