{"id":11199,"date":"2025-03-11T15:31:05","date_gmt":"2025-03-11T14:31:05","guid":{"rendered":"https:\/\/www.livresentre2actions.fr\/?post_type=product&#038;p=11199"},"modified":"2025-05-18T23:25:09","modified_gmt":"2025-05-18T21:25:09","slug":"comment-jai-retrouve-livingstone-henri-m-stanley","status":"publish","type":"product","link":"https:\/\/www.livresentre2actions.fr\/en\/product\/comment-jai-retrouve-livingstone-henri-m-stanley\/","title":{"rendered":"Comment j&rsquo;ai retrouv\u00e9 Livingstone. Henri M. Stanley"},"content":{"rendered":"<p>Comment j&rsquo;ai retrouv\u00e9 Livingstone. Voyages, aventures et d\u00e9couvertes dans le centre de l&rsquo;Afrique.<\/p>\n<p>Librairie Hachette &#8211; Reliure moderne pleine simili chagrin vert deux tons, \u00e0 dos long orn\u00e9 des titre et auteur, 230 x 156, 600 p\u00a0; Avec table. Ouvrage traduit de l&rsquo;anglais. par Mme H. Loreau. 1884. Quatri\u00e8me \u00e9dition. Avec 60 gravures et 6 cartes, bien complet des six cartes. Feuillet blanc en d\u00e9but et fin de volume. Frontispice. Provenance\u00a0: cercle royal de Quaregnon\u00a0: Biblioth\u00e8que populaire de Quaregnon, comme l\u2019indiquent les deux tampons en page de titre\u00a0; un code au titre \u00e9galement. Int\u00e9rieur avec rousseurs traces en marges. Une carte avec d\u00e9chirure sans manque dans la pliure. Une autre avec d\u00e9chirures consolid\u00e9es avec bandes adh\u00e9sives et un manque \u00e0 une pliure. Bien complet de son appendice avant la table. Coins frott\u00e9s avec \u00e9pidermures, mais reliure en tr\u00e8s bel \u00e9tat. Bel exemplaire. Comment j&rsquo;ai retrouv\u00e9 Livingstone est une histoire vraie racont\u00e9e par Henry Morton Stanley, charg\u00e9 par le directeur du New York Herald de retrouver le missionnaire et explorateur David Livingstone. Ce r\u00e9cit d&rsquo;exp\u00e9dition riche en anecdotes d\u00e9crit aussi les paysages et les coutumes de la r\u00e9gion, mal connue \u00e0 l&rsquo;\u00e9poque<\/p>","protected":false},"excerpt":{"rendered":"<p>Comment j&rsquo;ai retrouv\u00e9 Livingstone. Voyages, aventures et d\u00e9couvertes dans le centre de l&rsquo;Afrique. Librairie Hachette &#8211; Reliure moderne pleine simili chagrin vert deux tons, \u00e0 dos long orn\u00e9 des titre et auteur, 230 x 156, 600 p\u00a0; Avec table. Ouvrage traduit de l&rsquo;anglais. par Mme H. Loreau. 1884. Quatri\u00e8me \u00e9dition. Avec 60 gravures et 6 &#8230; <a title=\"Comment j&rsquo;ai retrouv\u00e9 Livingstone. Henri M. Stanley\" class=\"read-more\" href=\"https:\/\/www.livresentre2actions.fr\/en\/product\/comment-jai-retrouve-livingstone-henri-m-stanley\/\" aria-label=\"Read more about Comment j&rsquo;ai retrouv\u00e9 Livingstone. Henri M. Stanley\">Read more<\/a><\/p>","protected":false},"featured_media":11201,"template":"","meta":{"_eb_attr":""},"product_brand":[],"product_cat":[36,73],"product_tag":[],"class_list":{"0":"post-11199","1":"product","2":"type-product","3":"status-publish","4":"has-post-thumbnail","6":"product_cat-entre-le-xviiieme-et-le-xixeme-siecle","7":"product_cat-histoires-et-recits-de-voyage","8":"sales-flash-overlay","9":"woocommerce-text-align-center","10":"woocommerce-image-align-center","11":"wc-has-gallery","13":"first","14":"outofstock","15":"taxable","16":"shipping-taxable","17":"purchasable","18":"product-type-simple"},"aioseo_notices":[],"_links":{"self":[{"href":"https:\/\/www.livresentre2actions.fr\/en\/wp-json\/wp\/v2\/product\/11199","targetHints":{"allow":["GET"]}}],"collection":[{"href":"https:\/\/www.livresentre2actions.fr\/en\/wp-json\/wp\/v2\/product"}],"about":[{"href":"https:\/\/www.livresentre2actions.fr\/en\/wp-json\/wp\/v2\/types\/product"}],"wp:featuredmedia":[{"embeddable":true,"href":"https:\/\/www.livresentre2actions.fr\/en\/wp-json\/wp\/v2\/media\/11201"}],"wp:attachment":[{"href":"https:\/\/www.livresentre2actions.fr\/en\/wp-json\/wp\/v2\/media?parent=11199"}],"wp:term":[{"taxonomy":"product_brand","embeddable":true,"href":"https:\/\/www.livresentre2actions.fr\/en\/wp-json\/wp\/v2\/product_brand?post=11199"},{"taxonomy":"product_cat","embeddable":true,"href":"https:\/\/www.livresentre2actions.fr\/en\/wp-json\/wp\/v2\/product_cat?post=11199"},{"taxonomy":"product_tag","embeddable":true,"href":"https:\/\/www.livresentre2actions.fr\/en\/wp-json\/wp\/v2\/product_tag?post=11199"}],"curies":[{"name":"wp","href":"https:\/\/api.w.org\/{rel}","templated":true}]}}