{"id":11170,"date":"2025-03-11T15:09:11","date_gmt":"2025-03-11T14:09:11","guid":{"rendered":"https:\/\/www.livresentre2actions.fr\/?post_type=product&#038;p=11170"},"modified":"2025-08-25T14:20:00","modified_gmt":"2025-08-25T12:20:00","slug":"annuaire-des-chateaux-et-des-departements-1889-1890","status":"publish","type":"product","link":"https:\/\/www.livresentre2actions.fr\/en\/product\/annuaire-des-chateaux-et-des-departements-1889-1890\/","title":{"rendered":"Annuaire des ch\u00e2teaux et des d\u00e9partements 1889-1890"},"content":{"rendered":"<p>Annuaire des ch\u00e2teaux et des d\u00e9partements 1889-1890. 40.000 noms &amp; adresses de tous les propri\u00e9taires des ch\u00e2teaux de France, manoirs, castels, villas, etc., etc. avec notices descriptives &amp; anecdotiques<\/p>\n<p>A La Fare &#8211; Demi-percaline grise \u00e0 coins de l&rsquo;\u00e9diteur (sign\u00e9e Engel), plats chagrin\u00e9s, tranches rouges, 252 x 170, 1396p. Ave table. Sans date. Troisi\u00e8me ann\u00e9e. Illustr\u00e9e de 220 gravures. Int\u00e9rieur tr\u00e8s bon\u00a0; rousseurs marginales, pr\u00e9sentes surtout en tout d\u00e9but et toutes fins de volume. Reliure en bon \u00e9tat, des frottements mais tr\u00e8s bonnes.<\/p>","protected":false},"excerpt":{"rendered":"<p>Annuaire des ch\u00e2teaux et des d\u00e9partements 1889-1890. 40.000 noms &amp; adresses de tous les propri\u00e9taires des ch\u00e2teaux de France, manoirs, castels, villas, etc., etc. avec notices descriptives &amp; anecdotiques A La Fare &#8211; Demi-percaline grise \u00e0 coins de l&rsquo;\u00e9diteur (sign\u00e9e Engel), plats chagrin\u00e9s, tranches rouges, 252 x 170, 1396p. Ave table. Sans date. Troisi\u00e8me ann\u00e9e. &#8230; <a title=\"Annuaire des ch\u00e2teaux et des d\u00e9partements 1889-1890\" class=\"read-more\" href=\"https:\/\/www.livresentre2actions.fr\/en\/product\/annuaire-des-chateaux-et-des-departements-1889-1890\/\" aria-label=\"Read more about Annuaire des ch\u00e2teaux et des d\u00e9partements 1889-1890\">Read more<\/a><\/p>","protected":false},"featured_media":11171,"template":"","meta":{"_eb_attr":""},"product_brand":[],"product_cat":[36,72,73],"product_tag":[],"class_list":{"0":"post-11170","1":"product","2":"type-product","3":"status-publish","4":"has-post-thumbnail","6":"product_cat-entre-le-xviiieme-et-le-xixeme-siecle","7":"product_cat-divers","8":"product_cat-histoires-et-recits-de-voyage","9":"sales-flash-overlay","10":"woocommerce-text-align-center","11":"woocommerce-image-align-center","12":"wc-has-gallery","14":"first","15":"outofstock","16":"taxable","17":"shipping-taxable","18":"purchasable","19":"product-type-simple"},"aioseo_notices":[],"_links":{"self":[{"href":"https:\/\/www.livresentre2actions.fr\/en\/wp-json\/wp\/v2\/product\/11170","targetHints":{"allow":["GET"]}}],"collection":[{"href":"https:\/\/www.livresentre2actions.fr\/en\/wp-json\/wp\/v2\/product"}],"about":[{"href":"https:\/\/www.livresentre2actions.fr\/en\/wp-json\/wp\/v2\/types\/product"}],"wp:featuredmedia":[{"embeddable":true,"href":"https:\/\/www.livresentre2actions.fr\/en\/wp-json\/wp\/v2\/media\/11171"}],"wp:attachment":[{"href":"https:\/\/www.livresentre2actions.fr\/en\/wp-json\/wp\/v2\/media?parent=11170"}],"wp:term":[{"taxonomy":"product_brand","embeddable":true,"href":"https:\/\/www.livresentre2actions.fr\/en\/wp-json\/wp\/v2\/product_brand?post=11170"},{"taxonomy":"product_cat","embeddable":true,"href":"https:\/\/www.livresentre2actions.fr\/en\/wp-json\/wp\/v2\/product_cat?post=11170"},{"taxonomy":"product_tag","embeddable":true,"href":"https:\/\/www.livresentre2actions.fr\/en\/wp-json\/wp\/v2\/product_tag?post=11170"}],"curies":[{"name":"wp","href":"https:\/\/api.w.org\/{rel}","templated":true}]}}