{"id":11154,"date":"2025-03-11T15:03:24","date_gmt":"2025-03-11T14:03:24","guid":{"rendered":"https:\/\/www.livresentre2actions.fr\/?post_type=product&#038;p=11154"},"modified":"2025-10-28T17:55:08","modified_gmt":"2025-10-28T16:55:08","slug":"glossarium-ad-scriptores-mediae-et-infimae-latinitatis-tomi-ii-pars-i-et-ii","status":"publish","type":"product","link":"https:\/\/www.livresentre2actions.fr\/en\/product\/glossarium-ad-scriptores-mediae-et-infimae-latinitatis-tomi-ii-pars-i-et-ii\/","title":{"rendered":"Glossarium ad scriptores mediae et infimae latinitatis, Tomi II. Pars I et II."},"content":{"rendered":"<p>Glossarium ad scriptores mediae et infimae latinitatis, Tomi II. Pars I et II. De D \u00e0 Hy, de I \u00e0 Nympheaum<\/p>\n<p>Sans page de titre donc sans nom d&rsquo;auteur [Charles du Fresne du Cange], ni nom d&rsquo;\u00e9diteur\u00a0[chez Sub Oliva Caroli Osmont ou Gabrielis Martini]<\/p>\n<p>Petit in-folio, 364 x 225, Tomi II. Pars I et II.I. Sans date, sans page de titre g\u00e9n\u00e9ral (ni \u00e9diteur ni auteur, ni date). Texte sur deux colonnes, pagination suivant les colonnes. Pars I, sans page de titre, de D \u00e0 Hysopus. 926 col. complet de son texte, une inversion de colonnes en 896-900. Pars II. I. avec page de titre, de I \u00e0 Nymphaeum. 870 col. complet de son texte, avec 6 planches de m\u00e9dailles.<\/p>\n<p>Fort probablement la premi\u00e8re \u00e9dition en 3 volumes de 1678 et qui fut compl\u00e9t\u00e9e de 3 autres volumes. En effet, L\u2019\u00e9dition suivante 1733 &#8211; 1736 en 6 volumes comprend au tome IV 10 planches (9 de monnaies et une monogramme).<\/p>\n<p>Selon le site dicopathe, dans l&rsquo;\u00e9dition originale : \u00ab\u00a0\u00c0 la fin du tome 3, Du Cange a curieusement plac\u00e9 une \u00e9tude sur la numismatique byzantine, accompagn\u00e9e de gravures : Dissertatio de imperatorum Constantinopolitanorum seu de inferioris aevi vel imperii, uti vocant, numismatibus.\u00a0\u00bb Comme le texte de notre volume est bien complet, il est probable que les planches aient \u00e9t\u00e9 r\u00e9parties sur les tomes II et III. Nous n\u2019avons trouv\u00e9 aucun exemplaire en ligne de l\u2019\u00e9dition originale nous ayant permis de v\u00e9rifier la conformit\u00e9 de notre exemplaire avec l\u2019original.<\/p>\n<p>Publi\u00e9 en 1678, le Glossarium ad scriptores medi\u00e6 et inifinim\u00e6 latinitatis contient pr\u00e8s de 140 000 mots expliqu\u00e9s en latin \u201cmoderne\u201d. Rousseurs. Rares d\u00e9chirures, petit manque de texte suite \u00e0 une adh\u00e9sion de pages, planches int\u00e8gres. Reliure avec nombreux accidents et manques.<\/p>","protected":false},"excerpt":{"rendered":"<p>Glossarium ad scriptores mediae et infimae latinitatis, Tomi II. Pars I et II. De D \u00e0 Hy, de I \u00e0 Nympheaum Sans page de titre donc sans nom d&rsquo;auteur [Charles du Fresne du Cange], ni nom d&rsquo;\u00e9diteur\u00a0[chez Sub Oliva Caroli Osmont ou Gabrielis Martini] Petit in-folio, 364 x 225, Tomi II. Pars I et II.I. &#8230; <a title=\"Glossarium ad scriptores mediae et infimae latinitatis, Tomi II. Pars I et II.\" class=\"read-more\" href=\"https:\/\/www.livresentre2actions.fr\/en\/product\/glossarium-ad-scriptores-mediae-et-infimae-latinitatis-tomi-ii-pars-i-et-ii\/\" aria-label=\"Read more about Glossarium ad scriptores mediae et infimae latinitatis, Tomi II. Pars I et II.\">Read more<\/a><\/p>","protected":false},"featured_media":11155,"template":"","meta":{"_eb_attr":""},"product_brand":[],"product_cat":[36,72],"product_tag":[],"class_list":{"0":"post-11154","1":"product","2":"type-product","3":"status-publish","4":"has-post-thumbnail","6":"product_cat-entre-le-xviiieme-et-le-xixeme-siecle","7":"product_cat-divers","8":"sales-flash-overlay","9":"woocommerce-text-align-center","10":"woocommerce-image-align-center","11":"wc-has-gallery","13":"first","14":"instock","15":"taxable","16":"shipping-taxable","17":"purchasable","18":"product-type-simple"},"aioseo_notices":[],"_links":{"self":[{"href":"https:\/\/www.livresentre2actions.fr\/en\/wp-json\/wp\/v2\/product\/11154","targetHints":{"allow":["GET"]}}],"collection":[{"href":"https:\/\/www.livresentre2actions.fr\/en\/wp-json\/wp\/v2\/product"}],"about":[{"href":"https:\/\/www.livresentre2actions.fr\/en\/wp-json\/wp\/v2\/types\/product"}],"wp:featuredmedia":[{"embeddable":true,"href":"https:\/\/www.livresentre2actions.fr\/en\/wp-json\/wp\/v2\/media\/11155"}],"wp:attachment":[{"href":"https:\/\/www.livresentre2actions.fr\/en\/wp-json\/wp\/v2\/media?parent=11154"}],"wp:term":[{"taxonomy":"product_brand","embeddable":true,"href":"https:\/\/www.livresentre2actions.fr\/en\/wp-json\/wp\/v2\/product_brand?post=11154"},{"taxonomy":"product_cat","embeddable":true,"href":"https:\/\/www.livresentre2actions.fr\/en\/wp-json\/wp\/v2\/product_cat?post=11154"},{"taxonomy":"product_tag","embeddable":true,"href":"https:\/\/www.livresentre2actions.fr\/en\/wp-json\/wp\/v2\/product_tag?post=11154"}],"curies":[{"name":"wp","href":"https:\/\/api.w.org\/{rel}","templated":true}]}}