{"id":11113,"date":"2025-03-10T15:44:46","date_gmt":"2025-03-10T14:44:46","guid":{"rendered":"https:\/\/www.livresentre2actions.fr\/?post_type=product&#038;p=11113"},"modified":"2025-04-24T12:28:45","modified_gmt":"2025-04-24T10:28:45","slug":"les-plaidoyers-politiques-de-demosthene-texte-grec","status":"publish","type":"product","link":"https:\/\/www.livresentre2actions.fr\/en\/product\/les-plaidoyers-politiques-de-demosthene-texte-grec\/","title":{"rendered":"Les plaidoyers politiques de D\u00e9mosth\u00e8ne. Texte grec"},"content":{"rendered":"<p>Les plaidoyers politiques de D\u00e9mosth\u00e8ne. Texte grec. Publi\u00e9 d\u2019apr\u00e8s les travaux les plus r\u00e9cents de la philologie. Premi\u00e8re s\u00e9rie. Leptine. Midias. Ambassade. Couronne<\/p>\n<p>Henri Weil &#8211; Librairie Hachette<\/p>\n<p>Plein veau havane chin\u00e9, dos \u00e0 faux-nerfs orn\u00e9 d\u2019une pi\u00e8ce de titre en maroquin vert, tranches jasp\u00e9es, 243 x 170, 568p. Hors table. 1877. Avec une pr\u00e9face et des notices sur chaque discours par Henri Weil. Int\u00e9rieur globalement propre, rousseurs surtout en marge. Ex-libris en garde cachet de l\u2019institution Saint-Marie d\u2019Aire-sur-la-Lys, et un en faux-titre de l\u2019Abb\u00e9 Michaux. Coins, plats et champs frott\u00e9s mais bons. Dos frott\u00e9 avec \u00e9pidermures, mais bon. Bel exemplaire bien ferme.<\/p>","protected":false},"excerpt":{"rendered":"<p>Les plaidoyers politiques de D\u00e9mosth\u00e8ne. Texte grec. Publi\u00e9 d\u2019apr\u00e8s les travaux les plus r\u00e9cents de la philologie. Premi\u00e8re s\u00e9rie. Leptine. Midias. Ambassade. Couronne Henri Weil &#8211; Librairie Hachette Plein veau havane chin\u00e9, dos \u00e0 faux-nerfs orn\u00e9 d\u2019une pi\u00e8ce de titre en maroquin vert, tranches jasp\u00e9es, 243 x 170, 568p. Hors table. 1877. Avec une pr\u00e9face &#8230; <a title=\"Les plaidoyers politiques de D\u00e9mosth\u00e8ne. Texte grec\" class=\"read-more\" href=\"https:\/\/www.livresentre2actions.fr\/en\/product\/les-plaidoyers-politiques-de-demosthene-texte-grec\/\" aria-label=\"Read more about Les plaidoyers politiques de D\u00e9mosth\u00e8ne. Texte grec\">Read more<\/a><\/p>","protected":false},"featured_media":11114,"template":"","meta":{"_eb_attr":""},"product_brand":[],"product_cat":[36,72,76],"product_tag":[],"class_list":{"0":"post-11113","1":"product","2":"type-product","3":"status-publish","4":"has-post-thumbnail","6":"product_cat-entre-le-xviiieme-et-le-xixeme-siecle","7":"product_cat-divers","8":"product_cat-poesie-theatre-prose","9":"sales-flash-overlay","10":"woocommerce-text-align-center","11":"woocommerce-image-align-center","12":"wc-has-gallery","14":"first","15":"instock","16":"taxable","17":"shipping-taxable","18":"purchasable","19":"product-type-simple"},"aioseo_notices":[],"_links":{"self":[{"href":"https:\/\/www.livresentre2actions.fr\/en\/wp-json\/wp\/v2\/product\/11113","targetHints":{"allow":["GET"]}}],"collection":[{"href":"https:\/\/www.livresentre2actions.fr\/en\/wp-json\/wp\/v2\/product"}],"about":[{"href":"https:\/\/www.livresentre2actions.fr\/en\/wp-json\/wp\/v2\/types\/product"}],"wp:featuredmedia":[{"embeddable":true,"href":"https:\/\/www.livresentre2actions.fr\/en\/wp-json\/wp\/v2\/media\/11114"}],"wp:attachment":[{"href":"https:\/\/www.livresentre2actions.fr\/en\/wp-json\/wp\/v2\/media?parent=11113"}],"wp:term":[{"taxonomy":"product_brand","embeddable":true,"href":"https:\/\/www.livresentre2actions.fr\/en\/wp-json\/wp\/v2\/product_brand?post=11113"},{"taxonomy":"product_cat","embeddable":true,"href":"https:\/\/www.livresentre2actions.fr\/en\/wp-json\/wp\/v2\/product_cat?post=11113"},{"taxonomy":"product_tag","embeddable":true,"href":"https:\/\/www.livresentre2actions.fr\/en\/wp-json\/wp\/v2\/product_tag?post=11113"}],"curies":[{"name":"wp","href":"https:\/\/api.w.org\/{rel}","templated":true}]}}