{"id":11081,"date":"2025-03-10T15:37:01","date_gmt":"2025-03-10T14:37:01","guid":{"rendered":"https:\/\/www.livresentre2actions.fr\/?post_type=product&#038;p=11081"},"modified":"2025-03-10T15:37:02","modified_gmt":"2025-03-10T14:37:02","slug":"archeologie-du-sud-de-la-peninsule-dazuero-panama","status":"publish","type":"product","link":"https:\/\/www.livresentre2actions.fr\/en\/product\/archeologie-du-sud-de-la-peninsule-dazuero-panama\/","title":{"rendered":"\u200eArch\u00e9ologie du sud de la p\u00e9ninsule d&rsquo;Azuero, Panama"},"content":{"rendered":"<p>Alain Ichon &#8211; Mission arch\u00e9ologique et ethnologique fran\u00e7aise au Mexique<\/p>\n<p>Collection Etudes m\u00e9soam\u00e9ricaines II. Broch\u00e9, 253 x 220, 521p. Avec table. Suivi des 67 planches hors texte. Nombreuses figures dans le texte, et une carte d\u00e9pliante int\u00e8gre. 1980. Premi\u00e8re \u00e9dition sous ce format (apr\u00e8s la th\u00e8se publi\u00e9e en 1974).Int\u00e9rieur propre et int\u00e8gre, impeccable. Couvertures et dos l\u00e9g\u00e8rement frott\u00e9s, rides au dos. Bel exemplaire, bien ferme.<\/p>","protected":false},"excerpt":{"rendered":"<p>Alain Ichon &#8211; Mission arch\u00e9ologique et ethnologique fran\u00e7aise au Mexique Collection Etudes m\u00e9soam\u00e9ricaines II. Broch\u00e9, 253 x 220, 521p. Avec table. Suivi des 67 planches hors texte. Nombreuses figures dans le texte, et une carte d\u00e9pliante int\u00e8gre. 1980. Premi\u00e8re \u00e9dition sous ce format (apr\u00e8s la th\u00e8se publi\u00e9e en 1974).Int\u00e9rieur propre et int\u00e8gre, impeccable. Couvertures et &#8230; <a title=\"\u200eArch\u00e9ologie du sud de la p\u00e9ninsule d&rsquo;Azuero, Panama\" class=\"read-more\" href=\"https:\/\/www.livresentre2actions.fr\/en\/product\/archeologie-du-sud-de-la-peninsule-dazuero-panama\/\" aria-label=\"Read more about \u200eArch\u00e9ologie du sud de la p\u00e9ninsule d&rsquo;Azuero, Panama\">Read more<\/a><\/p>","protected":false},"featured_media":11082,"template":"","meta":{"_eb_attr":""},"product_brand":[],"product_cat":[37,73],"product_tag":[],"class_list":{"0":"post-11081","1":"product","2":"type-product","3":"status-publish","4":"has-post-thumbnail","6":"product_cat-a-partir-du-xxeme-siecle","7":"product_cat-histoires-et-recits-de-voyage","8":"sales-flash-overlay","9":"woocommerce-text-align-center","10":"woocommerce-image-align-center","11":"wc-has-gallery","13":"first","14":"instock","15":"taxable","16":"shipping-taxable","17":"purchasable","18":"product-type-simple"},"aioseo_notices":[],"_links":{"self":[{"href":"https:\/\/www.livresentre2actions.fr\/en\/wp-json\/wp\/v2\/product\/11081","targetHints":{"allow":["GET"]}}],"collection":[{"href":"https:\/\/www.livresentre2actions.fr\/en\/wp-json\/wp\/v2\/product"}],"about":[{"href":"https:\/\/www.livresentre2actions.fr\/en\/wp-json\/wp\/v2\/types\/product"}],"wp:featuredmedia":[{"embeddable":true,"href":"https:\/\/www.livresentre2actions.fr\/en\/wp-json\/wp\/v2\/media\/11082"}],"wp:attachment":[{"href":"https:\/\/www.livresentre2actions.fr\/en\/wp-json\/wp\/v2\/media?parent=11081"}],"wp:term":[{"taxonomy":"product_brand","embeddable":true,"href":"https:\/\/www.livresentre2actions.fr\/en\/wp-json\/wp\/v2\/product_brand?post=11081"},{"taxonomy":"product_cat","embeddable":true,"href":"https:\/\/www.livresentre2actions.fr\/en\/wp-json\/wp\/v2\/product_cat?post=11081"},{"taxonomy":"product_tag","embeddable":true,"href":"https:\/\/www.livresentre2actions.fr\/en\/wp-json\/wp\/v2\/product_tag?post=11081"}],"curies":[{"name":"wp","href":"https:\/\/api.w.org\/{rel}","templated":true}]}}