{"id":11068,"date":"2025-03-10T15:31:49","date_gmt":"2025-03-10T14:31:49","guid":{"rendered":"https:\/\/www.livresentre2actions.fr\/?post_type=product&#038;p=11068"},"modified":"2025-08-25T14:20:01","modified_gmt":"2025-08-25T12:20:01","slug":"histoire-de-la-guerre-de-hongrie-de-1848-1849","status":"publish","type":"product","link":"https:\/\/www.livresentre2actions.fr\/en\/product\/histoire-de-la-guerre-de-hongrie-de-1848-1849\/","title":{"rendered":"Histoire de la guerre de Hongrie de 1848-1849"},"content":{"rendered":"<p>Histoire de la guerre de Hongrie de 1848-1849. Pour faire suite \u00e0 l\u2019Histoire des r\u00e9volutions de l\u2019empire d\u2019Autriche<\/p>\n<p>lphonse Balleydier &#8211; Imprimerie-Librairie de H. Goemaere<\/p>\n<p>Demi-veau \u00e0 petits coins, dos \u00e0 faux-nerfs, plats chagrin, orn\u00e9 des titres et auteur, et de liser\u00e9s, 213 x 137, 248p. Avec table. Bruxelles, 1833. Edition originale. Avec une carte des op\u00e9rations militaires. Bien complet de sa carte, d\u00e9pliante en frontispice (rousseurs, une pliure, mais int\u00e8gre). Rousseurs au titre et en derni\u00e8re page, et sur les tranches. Coins et champs frott\u00e9s, avec \u00e9pidermures. Plats frott\u00e9s mais bons. Mors et dos frott\u00e9s, avec \u00e9pidermures marqu\u00e9es. Bon exemplaire bien ferme.<\/p>","protected":false},"excerpt":{"rendered":"<p>Histoire de la guerre de Hongrie de 1848-1849. Pour faire suite \u00e0 l\u2019Histoire des r\u00e9volutions de l\u2019empire d\u2019Autriche lphonse Balleydier &#8211; Imprimerie-Librairie de H. Goemaere Demi-veau \u00e0 petits coins, dos \u00e0 faux-nerfs, plats chagrin, orn\u00e9 des titres et auteur, et de liser\u00e9s, 213 x 137, 248p. Avec table. Bruxelles, 1833. Edition originale. Avec une carte &#8230; <a title=\"Histoire de la guerre de Hongrie de 1848-1849\" class=\"read-more\" href=\"https:\/\/www.livresentre2actions.fr\/en\/product\/histoire-de-la-guerre-de-hongrie-de-1848-1849\/\" aria-label=\"Read more about Histoire de la guerre de Hongrie de 1848-1849\">Read more<\/a><\/p>","protected":false},"featured_media":11069,"template":"","meta":{"_eb_attr":""},"product_brand":[],"product_cat":[36,71,73],"product_tag":[],"class_list":{"0":"post-11068","1":"product","2":"type-product","3":"status-publish","4":"has-post-thumbnail","6":"product_cat-entre-le-xviiieme-et-le-xixeme-siecle","7":"product_cat-illustres-modernes-editions-originales-signees-numerotees","8":"product_cat-histoires-et-recits-de-voyage","9":"sales-flash-overlay","10":"woocommerce-text-align-center","11":"woocommerce-image-align-center","12":"wc-has-gallery","14":"first","15":"instock","16":"taxable","17":"shipping-taxable","18":"purchasable","19":"product-type-simple"},"aioseo_notices":[],"_links":{"self":[{"href":"https:\/\/www.livresentre2actions.fr\/en\/wp-json\/wp\/v2\/product\/11068","targetHints":{"allow":["GET"]}}],"collection":[{"href":"https:\/\/www.livresentre2actions.fr\/en\/wp-json\/wp\/v2\/product"}],"about":[{"href":"https:\/\/www.livresentre2actions.fr\/en\/wp-json\/wp\/v2\/types\/product"}],"wp:featuredmedia":[{"embeddable":true,"href":"https:\/\/www.livresentre2actions.fr\/en\/wp-json\/wp\/v2\/media\/11069"}],"wp:attachment":[{"href":"https:\/\/www.livresentre2actions.fr\/en\/wp-json\/wp\/v2\/media?parent=11068"}],"wp:term":[{"taxonomy":"product_brand","embeddable":true,"href":"https:\/\/www.livresentre2actions.fr\/en\/wp-json\/wp\/v2\/product_brand?post=11068"},{"taxonomy":"product_cat","embeddable":true,"href":"https:\/\/www.livresentre2actions.fr\/en\/wp-json\/wp\/v2\/product_cat?post=11068"},{"taxonomy":"product_tag","embeddable":true,"href":"https:\/\/www.livresentre2actions.fr\/en\/wp-json\/wp\/v2\/product_tag?post=11068"}],"curies":[{"name":"wp","href":"https:\/\/api.w.org\/{rel}","templated":true}]}}