{"id":11019,"date":"2025-03-05T16:25:29","date_gmt":"2025-03-05T15:25:29","guid":{"rendered":"https:\/\/www.livresentre2actions.fr\/?post_type=product&#038;p=11019"},"modified":"2025-11-17T10:53:37","modified_gmt":"2025-11-17T09:53:37","slug":"les-terres-de-canudos-grand-roman-histotrique","status":"publish","type":"product","link":"https:\/\/www.livresentre2actions.fr\/en\/product\/les-terres-de-canudos-grand-roman-histotrique\/","title":{"rendered":"Les terres de Canudos. Grand roman historique."},"content":{"rendered":"<p>Euclydes da Cunha &#8211; Julliard<\/p>\n<p>Collection Capricorne. Demi-veau noir \u00e0 coins, dos orn\u00e9 du titre et de l\u2019auteur, couvertures conserv\u00e9es, 260 x 195, 412p\u00a0; avec table. 1947. Edition originale en fran\u00e7ais num\u00e9rot\u00e9e 1447 sur 3300. Avec deux cartes\u00a0: une en frontispice et une d\u00e9pliante couleur (int\u00e8gres). Bandeau d\u2019origine conserv\u00e9e. Rousseurs marginales. Champs frott\u00e9s, reliure en bel \u00e9tat. Bien ferme.<\/p>","protected":false},"excerpt":{"rendered":"<p>Euclydes da Cunha &#8211; Julliard Collection Capricorne. Demi-veau noir \u00e0 coins, dos orn\u00e9 du titre et de l\u2019auteur, couvertures conserv\u00e9es, 260 x 195, 412p\u00a0; avec table. 1947. Edition originale en fran\u00e7ais num\u00e9rot\u00e9e 1447 sur 3300. Avec deux cartes\u00a0: une en frontispice et une d\u00e9pliante couleur (int\u00e8gres). Bandeau d\u2019origine conserv\u00e9e. Rousseurs marginales. Champs frott\u00e9s, reliure en &#8230; <a title=\"Les terres de Canudos. Grand roman historique.\" class=\"read-more\" href=\"https:\/\/www.livresentre2actions.fr\/en\/product\/les-terres-de-canudos-grand-roman-histotrique\/\" aria-label=\"Read more about Les terres de Canudos. Grand roman historique.\">Read more<\/a><\/p>","protected":false},"featured_media":11020,"template":"","meta":{"_eb_attr":""},"product_brand":[],"product_cat":[37,72,71,76],"product_tag":[],"class_list":{"0":"post-11019","1":"product","2":"type-product","3":"status-publish","4":"has-post-thumbnail","6":"product_cat-a-partir-du-xxeme-siecle","7":"product_cat-divers","8":"product_cat-illustres-modernes-editions-originales-signees-numerotees","9":"product_cat-poesie-theatre-prose","10":"sales-flash-overlay","11":"woocommerce-text-align-center","12":"woocommerce-image-align-center","13":"wc-has-gallery","15":"first","16":"outofstock","17":"taxable","18":"shipping-taxable","19":"purchasable","20":"product-type-simple"},"aioseo_notices":[],"_links":{"self":[{"href":"https:\/\/www.livresentre2actions.fr\/en\/wp-json\/wp\/v2\/product\/11019","targetHints":{"allow":["GET"]}}],"collection":[{"href":"https:\/\/www.livresentre2actions.fr\/en\/wp-json\/wp\/v2\/product"}],"about":[{"href":"https:\/\/www.livresentre2actions.fr\/en\/wp-json\/wp\/v2\/types\/product"}],"wp:featuredmedia":[{"embeddable":true,"href":"https:\/\/www.livresentre2actions.fr\/en\/wp-json\/wp\/v2\/media\/11020"}],"wp:attachment":[{"href":"https:\/\/www.livresentre2actions.fr\/en\/wp-json\/wp\/v2\/media?parent=11019"}],"wp:term":[{"taxonomy":"product_brand","embeddable":true,"href":"https:\/\/www.livresentre2actions.fr\/en\/wp-json\/wp\/v2\/product_brand?post=11019"},{"taxonomy":"product_cat","embeddable":true,"href":"https:\/\/www.livresentre2actions.fr\/en\/wp-json\/wp\/v2\/product_cat?post=11019"},{"taxonomy":"product_tag","embeddable":true,"href":"https:\/\/www.livresentre2actions.fr\/en\/wp-json\/wp\/v2\/product_tag?post=11019"}],"curies":[{"name":"wp","href":"https:\/\/api.w.org\/{rel}","templated":true}]}}