{"id":11009,"date":"2025-03-05T16:16:00","date_gmt":"2025-03-05T15:16:00","guid":{"rendered":"https:\/\/www.livresentre2actions.fr\/?post_type=product&#038;p=11009"},"modified":"2025-08-25T14:20:01","modified_gmt":"2025-08-25T12:20:01","slug":"etudes-historiques-sur-les-clercs-de-la-bazoche","status":"publish","type":"product","link":"https:\/\/www.livresentre2actions.fr\/en\/product\/etudes-historiques-sur-les-clercs-de-la-bazoche\/","title":{"rendered":"\u00c9tudes historiques sur les clercs de la Bazoche"},"content":{"rendered":"<p>\u00c9tudes historiques sur les clercs de la Bazoche. Suivies des pi\u00e8ces justificatives<\/p>\n<p>Adolphe Fabre &#8211; Potier, Libraire<\/p>\n<p>Broch\u00e9, 218 x 143, 414p. 1856. \u00c9dition originale. Frontispice. Int\u00e9rieur propre, int\u00e9gralement non coup\u00e9. Couvertures et dos insol\u00e9s et frott\u00e9s mais propres, avec une d\u00e9chirure sans manque en t\u00eate et pied de dos le long de la couverture. Bon exemplaire bien ferme. Au sujet de la\u00a0basoche\u00a0: corporation d&rsquo;\u00e9tudiants, de juristes comprenant notaires, huissiers, avocats etc. gens de justice r\u00e9sidant au Palais Royal sous l\u2019Ancien R\u00e9gime.<\/p>","protected":false},"excerpt":{"rendered":"<p>\u00c9tudes historiques sur les clercs de la Bazoche. Suivies des pi\u00e8ces justificatives Adolphe Fabre &#8211; Potier, Libraire Broch\u00e9, 218 x 143, 414p. 1856. \u00c9dition originale. Frontispice. Int\u00e9rieur propre, int\u00e9gralement non coup\u00e9. Couvertures et dos insol\u00e9s et frott\u00e9s mais propres, avec une d\u00e9chirure sans manque en t\u00eate et pied de dos le long de la couverture. &#8230; <a title=\"\u00c9tudes historiques sur les clercs de la Bazoche\" class=\"read-more\" href=\"https:\/\/www.livresentre2actions.fr\/en\/product\/etudes-historiques-sur-les-clercs-de-la-bazoche\/\" aria-label=\"Read more about \u00c9tudes historiques sur les clercs de la Bazoche\">Read more<\/a><\/p>","protected":false},"featured_media":11010,"template":"","meta":{"_eb_attr":""},"product_brand":[],"product_cat":[37,72,71,73],"product_tag":[],"class_list":{"0":"post-11009","1":"product","2":"type-product","3":"status-publish","4":"has-post-thumbnail","6":"product_cat-a-partir-du-xxeme-siecle","7":"product_cat-divers","8":"product_cat-illustres-modernes-editions-originales-signees-numerotees","9":"product_cat-histoires-et-recits-de-voyage","10":"sales-flash-overlay","11":"woocommerce-text-align-center","12":"woocommerce-image-align-center","13":"wc-has-gallery","15":"first","16":"instock","17":"taxable","18":"shipping-taxable","19":"purchasable","20":"product-type-simple"},"aioseo_notices":[],"_links":{"self":[{"href":"https:\/\/www.livresentre2actions.fr\/en\/wp-json\/wp\/v2\/product\/11009","targetHints":{"allow":["GET"]}}],"collection":[{"href":"https:\/\/www.livresentre2actions.fr\/en\/wp-json\/wp\/v2\/product"}],"about":[{"href":"https:\/\/www.livresentre2actions.fr\/en\/wp-json\/wp\/v2\/types\/product"}],"wp:featuredmedia":[{"embeddable":true,"href":"https:\/\/www.livresentre2actions.fr\/en\/wp-json\/wp\/v2\/media\/11010"}],"wp:attachment":[{"href":"https:\/\/www.livresentre2actions.fr\/en\/wp-json\/wp\/v2\/media?parent=11009"}],"wp:term":[{"taxonomy":"product_brand","embeddable":true,"href":"https:\/\/www.livresentre2actions.fr\/en\/wp-json\/wp\/v2\/product_brand?post=11009"},{"taxonomy":"product_cat","embeddable":true,"href":"https:\/\/www.livresentre2actions.fr\/en\/wp-json\/wp\/v2\/product_cat?post=11009"},{"taxonomy":"product_tag","embeddable":true,"href":"https:\/\/www.livresentre2actions.fr\/en\/wp-json\/wp\/v2\/product_tag?post=11009"}],"curies":[{"name":"wp","href":"https:\/\/api.w.org\/{rel}","templated":true}]}}