{"id":10992,"date":"2025-03-05T16:06:30","date_gmt":"2025-03-05T15:06:30","guid":{"rendered":"https:\/\/www.livresentre2actions.fr\/?post_type=product&#038;p=10992"},"modified":"2025-08-25T14:20:02","modified_gmt":"2025-08-25T12:20:02","slug":"aventures-de-trois-russes-et-de-trois-anglais-dans-lafrique-australe","status":"publish","type":"product","link":"https:\/\/www.livresentre2actions.fr\/en\/product\/aventures-de-trois-russes-et-de-trois-anglais-dans-lafrique-australe\/","title":{"rendered":"Aventures de trois Russes et de trois Anglais dans l\u2019Afrique australe"},"content":{"rendered":"<p>Jules Verne &#8211; Paris, Biblioth\u00e8que d\u2019\u00c9ducation et de R\u00e9cr\u00e9ation J. Hetzel et Cie<\/p>\n<p>Les Voyages Extraordinaires. Collection Hetzel. Cartonnage Hetzel rouge \u00ab\u00a0aux initiales JV-JH\u00a0\u00bb. Dos lisse orn\u00e9. Tranches dor\u00e9es. 202p. Hors table. Illustr\u00e9es de 53 vignettes par F\u00e9rat, grav\u00e9es par Pannemaker. Sans date, 1875 ca. Imprim\u00e9 par Gauthier-Villars. Reli\u00e9 par Ch. Magnier. In fine\u00a0: Catalogue des bons livres \u00e0 l\u2019usage de la jeunesse, 8p. (faisant mention de l\u2019ann\u00e9e 1876). un nom au titre et des rousseurs. Fortes au titre , plus marginales par la suite. Coins et champs frott\u00e9s, coins l\u00e9g\u00e8rement cogn\u00e9s. Plat sup\u00e9rieur avec frottements mais bon\u00a0; mors sup\u00e9rieur frott\u00e9 avec quelques \u00e9pidermures. Plat inf\u00e9rieur frott\u00e9, avec une griffe et une mouillure en pied, mors inf\u00e9rieur avec frottements. Dos insol\u00e9 et frott\u00e9, coiffe avec frottement et pliure, e une petite d\u00e9chirure sans mangue. Queue de dos frott\u00e9e avec petites d\u00e9chirure et petits manques. Bon exemplaire.<\/p>","protected":false},"excerpt":{"rendered":"<p>Jules Verne &#8211; Paris, Biblioth\u00e8que d\u2019\u00c9ducation et de R\u00e9cr\u00e9ation J. Hetzel et Cie Les Voyages Extraordinaires. Collection Hetzel. Cartonnage Hetzel rouge \u00ab\u00a0aux initiales JV-JH\u00a0\u00bb. Dos lisse orn\u00e9. Tranches dor\u00e9es. 202p. Hors table. Illustr\u00e9es de 53 vignettes par F\u00e9rat, grav\u00e9es par Pannemaker. Sans date, 1875 ca. Imprim\u00e9 par Gauthier-Villars. Reli\u00e9 par Ch. Magnier. In fine\u00a0: Catalogue &#8230; <a title=\"Aventures de trois Russes et de trois Anglais dans l\u2019Afrique australe\" class=\"read-more\" href=\"https:\/\/www.livresentre2actions.fr\/en\/product\/aventures-de-trois-russes-et-de-trois-anglais-dans-lafrique-australe\/\" aria-label=\"Read more about Aventures de trois Russes et de trois Anglais dans l\u2019Afrique australe\">Read more<\/a><\/p>","protected":false},"featured_media":10993,"template":"","meta":{"_eb_attr":""},"product_brand":[],"product_cat":[36,72,76],"product_tag":[],"class_list":{"0":"post-10992","1":"product","2":"type-product","3":"status-publish","4":"has-post-thumbnail","6":"product_cat-entre-le-xviiieme-et-le-xixeme-siecle","7":"product_cat-divers","8":"product_cat-poesie-theatre-prose","9":"sales-flash-overlay","10":"woocommerce-text-align-center","11":"woocommerce-image-align-center","12":"wc-has-gallery","14":"first","15":"instock","16":"taxable","17":"shipping-taxable","18":"purchasable","19":"product-type-simple"},"aioseo_notices":[],"_links":{"self":[{"href":"https:\/\/www.livresentre2actions.fr\/en\/wp-json\/wp\/v2\/product\/10992","targetHints":{"allow":["GET"]}}],"collection":[{"href":"https:\/\/www.livresentre2actions.fr\/en\/wp-json\/wp\/v2\/product"}],"about":[{"href":"https:\/\/www.livresentre2actions.fr\/en\/wp-json\/wp\/v2\/types\/product"}],"wp:featuredmedia":[{"embeddable":true,"href":"https:\/\/www.livresentre2actions.fr\/en\/wp-json\/wp\/v2\/media\/10993"}],"wp:attachment":[{"href":"https:\/\/www.livresentre2actions.fr\/en\/wp-json\/wp\/v2\/media?parent=10992"}],"wp:term":[{"taxonomy":"product_brand","embeddable":true,"href":"https:\/\/www.livresentre2actions.fr\/en\/wp-json\/wp\/v2\/product_brand?post=10992"},{"taxonomy":"product_cat","embeddable":true,"href":"https:\/\/www.livresentre2actions.fr\/en\/wp-json\/wp\/v2\/product_cat?post=10992"},{"taxonomy":"product_tag","embeddable":true,"href":"https:\/\/www.livresentre2actions.fr\/en\/wp-json\/wp\/v2\/product_tag?post=10992"}],"curies":[{"name":"wp","href":"https:\/\/api.w.org\/{rel}","templated":true}]}}