{"id":10940,"date":"2025-02-23T17:23:18","date_gmt":"2025-02-23T16:23:18","guid":{"rendered":"https:\/\/www.livresentre2actions.fr\/?post_type=product&#038;p=10940"},"modified":"2025-08-28T19:06:04","modified_gmt":"2025-08-28T17:06:04","slug":"opera-omnia-medica-et-chemica-petri-poterii","status":"publish","type":"product","link":"https:\/\/www.livresentre2actions.fr\/en\/product\/opera-omnia-medica-et-chemica-petri-poterii\/","title":{"rendered":"Opera Omnia medica et chemica &#8211; Petri Poterii"},"content":{"rendered":"<p>Petri Poterii andegavensis, consil ac medici regia christianissimi &#8211; Opera Omnia medica et chemica. Adjecta est\u00a0doctissima dissertatio Petri Guissonii avenionensis de tribus principiis chemicis et nova recentiorum methodo.<\/p>\n<p>LA POTERIE (Pierre de) \/ &amp; GUISSON (Pierre)<\/p>\n<p>Wilh. Richardum. Stockium &#8211; Plein v\u00e9lin d\u2019\u00e9poque, titre calligraphi\u00e9 \u00e0 la plume en t\u00eate de dos, 180 x 105, 1666. Vignette de titre, avec un ex-libris \u00e0 la plume qui la voisine. Ex-libris aux armes coll\u00e9 au verso du titre (d\u2019un m\u00e9decin sans doute) : \u00ab Cito tuto ac juunde. Ars longa. Vita brevis. \u00bb. Un troisi\u00e8me ex-libris manuscrit \u00e0 la plume en ancien fran\u00e7ais et dat\u00e9 en t\u00eate de contreplat. Jolies lettrines histori\u00e9es, guirlandes en ent\u00eate, culs-de-lampe grav\u00e9s. Comprend : Dedicato (\u00e0 Philippo Henriico Bayero), 8p. \/ Table (3f) \/Centuria I, II, III, 304p. Suivi de Pharmacopea spagyricae, pp. 303-602. Suivi de : De febribus, pp. 603-743, puis les index. A la suite : Petri Guissonii epistolica dissertatio de anonymo libello (circa abreviatum verae medicinae genus) ubi potissimum eventilatur principiorum chymicorum hypothesis ad claris &amp; elegant. Virum. D. Mignardum, Doctorem medic. &amp; in aquensi collegio aggregatum. Francfort, 1666. pp.3-24, et achev\u00e9 par \u00ab Christiana, 1665 \u00bb. Int\u00e9rieur propre et tr\u00e8s frais. Reliure un peu tach\u00e9e, avec recouvrement ouvert en champ de plat inf\u00e9rieur.<\/p>","protected":false},"excerpt":{"rendered":"<p>Petri Poterii andegavensis, consil ac medici regia christianissimi &#8211; Opera Omnia medica et chemica. Adjecta est\u00a0doctissima dissertatio Petri Guissonii avenionensis de tribus principiis chemicis et nova recentiorum methodo. LA POTERIE (Pierre de) \/ &amp; GUISSON (Pierre) Wilh. Richardum. Stockium &#8211; Plein v\u00e9lin d\u2019\u00e9poque, titre calligraphi\u00e9 \u00e0 la plume en t\u00eate de dos, 180 x 105, &#8230; <a title=\"Opera Omnia medica et chemica &#8211; Petri Poterii\" class=\"read-more\" href=\"https:\/\/www.livresentre2actions.fr\/en\/product\/opera-omnia-medica-et-chemica-petri-poterii\/\" aria-label=\"Read more about Opera Omnia medica et chemica &#8211; Petri Poterii\">Read more<\/a><\/p>","protected":false},"featured_media":10941,"template":"","meta":{"_eb_attr":""},"product_brand":[],"product_cat":[35,70],"product_tag":[94],"class_list":{"0":"post-10940","1":"product","2":"type-product","3":"status-publish","4":"has-post-thumbnail","6":"product_cat-jusquau-xviiemesiecle","7":"product_cat-medecine-et-nature","8":"product_tag-provenance","9":"sales-flash-overlay","10":"woocommerce-text-align-center","11":"woocommerce-image-align-center","12":"wc-has-gallery","14":"first","15":"instock","16":"taxable","17":"shipping-taxable","18":"purchasable","19":"product-type-simple"},"aioseo_notices":[],"_links":{"self":[{"href":"https:\/\/www.livresentre2actions.fr\/en\/wp-json\/wp\/v2\/product\/10940","targetHints":{"allow":["GET"]}}],"collection":[{"href":"https:\/\/www.livresentre2actions.fr\/en\/wp-json\/wp\/v2\/product"}],"about":[{"href":"https:\/\/www.livresentre2actions.fr\/en\/wp-json\/wp\/v2\/types\/product"}],"wp:featuredmedia":[{"embeddable":true,"href":"https:\/\/www.livresentre2actions.fr\/en\/wp-json\/wp\/v2\/media\/10941"}],"wp:attachment":[{"href":"https:\/\/www.livresentre2actions.fr\/en\/wp-json\/wp\/v2\/media?parent=10940"}],"wp:term":[{"taxonomy":"product_brand","embeddable":true,"href":"https:\/\/www.livresentre2actions.fr\/en\/wp-json\/wp\/v2\/product_brand?post=10940"},{"taxonomy":"product_cat","embeddable":true,"href":"https:\/\/www.livresentre2actions.fr\/en\/wp-json\/wp\/v2\/product_cat?post=10940"},{"taxonomy":"product_tag","embeddable":true,"href":"https:\/\/www.livresentre2actions.fr\/en\/wp-json\/wp\/v2\/product_tag?post=10940"}],"curies":[{"name":"wp","href":"https:\/\/api.w.org\/{rel}","templated":true}]}}