{"id":10914,"date":"2025-02-23T17:09:29","date_gmt":"2025-02-23T16:09:29","guid":{"rendered":"https:\/\/www.livresentre2actions.fr\/?post_type=product&#038;p=10914"},"modified":"2025-02-23T17:09:30","modified_gmt":"2025-02-23T16:09:30","slug":"histoire-de-la-sante-et-de-lart-de-la-conserve","status":"publish","type":"product","link":"https:\/\/www.livresentre2actions.fr\/en\/product\/histoire-de-la-sante-et-de-lart-de-la-conserve\/","title":{"rendered":"Histoire de la sant\u00e9 et de l\u2019Art de la conserve"},"content":{"rendered":"<p>Histoire de la sant\u00e9 et de l\u2019Art de la conserver ou explication de ce que les M\u00e9decins et le Philosophes anciens et modernes, ont enseign\u00e9 de plus int\u00e9ressant sur cette mati\u00e8re<\/p>\n<p>M. J. Mackenzie &#8211; Chez Daniel Aillaud et Chez les Fr\u00e8res Perisse<\/p>\n<p>Petit in-8 veau marbr\u00e9, dos \u00e0 5 nerfs orn\u00e9 de fleurons aux caissons et d\u2019un pi\u00e8ce de titre en maroquin rouge, toutes tranches rouges (reliure de L&rsquo;\u00e9poque), 170 x 112, 483p. Avec table. 1761. Traduit de l\u2019anglois. 1\u00c8re \u00e9dition. Un ex-libris tamponn\u00e9 en faux-titre et un manuscrit au titre en partie biff\u00e9\u00a0\u00bb. Avis \/ Adresse, ii-vi. Introduction, xj-xxxix. Int\u00e9rieur l\u00e9g\u00e8rement insol\u00e9 mais tr\u00e8s bon, propre et int\u00e8gre. Plats frott\u00e9s avec \u00e9pidermures, plat sup\u00e9rieur cogn\u00e9 en pied avec d\u00e9chirure et petit manque. Coins et champs frott\u00e9s, coins l\u00e9g\u00e8rement \u00e9mouss\u00e9s. Dos frott\u00e9, plus fortement en coiffe, queue et nerfs. Queue en partie d\u00e9chir\u00e9e. Mors fendu en t\u00eate de plat sup\u00e9rieur. Mackenzie \u00e9voque successivement les grands m\u00e9decins depuis l&rsquo;antiquit\u00e9 puis les rem\u00e8des et les observations \u00e0 respecter.<\/p>","protected":false},"excerpt":{"rendered":"<p>Histoire de la sant\u00e9 et de l\u2019Art de la conserver ou explication de ce que les M\u00e9decins et le Philosophes anciens et modernes, ont enseign\u00e9 de plus int\u00e9ressant sur cette mati\u00e8re M. J. Mackenzie &#8211; Chez Daniel Aillaud et Chez les Fr\u00e8res Perisse Petit in-8 veau marbr\u00e9, dos \u00e0 5 nerfs orn\u00e9 de fleurons aux &#8230; <a title=\"Histoire de la sant\u00e9 et de l\u2019Art de la conserve\" class=\"read-more\" href=\"https:\/\/www.livresentre2actions.fr\/en\/product\/histoire-de-la-sante-et-de-lart-de-la-conserve\/\" aria-label=\"Read more about Histoire de la sant\u00e9 et de l\u2019Art de la conserve\">Read more<\/a><\/p>","protected":false},"featured_media":10915,"template":"","meta":{"_eb_attr":""},"product_brand":[],"product_cat":[36,70],"product_tag":[],"class_list":{"0":"post-10914","1":"product","2":"type-product","3":"status-publish","4":"has-post-thumbnail","6":"product_cat-entre-le-xviiieme-et-le-xixeme-siecle","7":"product_cat-medecine-et-nature","8":"sales-flash-overlay","9":"woocommerce-text-align-center","10":"woocommerce-image-align-center","11":"wc-has-gallery","13":"first","14":"instock","15":"taxable","16":"shipping-taxable","17":"purchasable","18":"product-type-simple"},"aioseo_notices":[],"_links":{"self":[{"href":"https:\/\/www.livresentre2actions.fr\/en\/wp-json\/wp\/v2\/product\/10914","targetHints":{"allow":["GET"]}}],"collection":[{"href":"https:\/\/www.livresentre2actions.fr\/en\/wp-json\/wp\/v2\/product"}],"about":[{"href":"https:\/\/www.livresentre2actions.fr\/en\/wp-json\/wp\/v2\/types\/product"}],"wp:featuredmedia":[{"embeddable":true,"href":"https:\/\/www.livresentre2actions.fr\/en\/wp-json\/wp\/v2\/media\/10915"}],"wp:attachment":[{"href":"https:\/\/www.livresentre2actions.fr\/en\/wp-json\/wp\/v2\/media?parent=10914"}],"wp:term":[{"taxonomy":"product_brand","embeddable":true,"href":"https:\/\/www.livresentre2actions.fr\/en\/wp-json\/wp\/v2\/product_brand?post=10914"},{"taxonomy":"product_cat","embeddable":true,"href":"https:\/\/www.livresentre2actions.fr\/en\/wp-json\/wp\/v2\/product_cat?post=10914"},{"taxonomy":"product_tag","embeddable":true,"href":"https:\/\/www.livresentre2actions.fr\/en\/wp-json\/wp\/v2\/product_tag?post=10914"}],"curies":[{"name":"wp","href":"https:\/\/api.w.org\/{rel}","templated":true}]}}