{"id":10867,"date":"2025-02-21T16:32:11","date_gmt":"2025-02-21T15:32:11","guid":{"rendered":"https:\/\/www.livresentre2actions.fr\/?post_type=product&#038;p=10867"},"modified":"2025-08-01T18:55:36","modified_gmt":"2025-08-01T16:55:36","slug":"les-confessions-du-comte-de","status":"publish","type":"product","link":"https:\/\/www.livresentre2actions.fr\/en\/product\/les-confessions-du-comte-de\/","title":{"rendered":"Les confessions du Comte de ***"},"content":{"rendered":"<p>Les confessions du Comte de *** \u00e9crites par lui-m\u00eame \u00e0 un ami, 2 parties en un volume complet.<\/p>\n<p>[Charles Pinot Duclos] &#8211; Chez Chareau et du Villars<\/p>\n<p>Demi-basane tabac \u00e0 dos long orn\u00e9 d\u2019une pi\u00e8ce de titre en maroquin rouge, 160 x 102, 131p. 1742. Mention (douteuse) de quatri\u00e8me \u00e9dition (Premi\u00e8re \u00e9dition en 1741). Frontispice grav\u00e9 identique pour les titres des deux parties, belle vignette \u00e9diteur aux deux titres, et une planche grav\u00e9e hors texte dans la premi\u00e8re partie. Int\u00e9rieur tr\u00e8s frais, rousseurs marginales. Plats, coins et champs bons. Un petit manque en coin \u00e0 la vignette de titre, dos avec \u00e9pidemrures mais bon. Bel exemplaire. Fr\u00e9quentant le caf\u00e9 Procope et le caf\u00e9 Gradot, Charles Pinot Duclos est \u00e9lu secr\u00e9taire perp\u00e9tuel de l\u2019Acad\u00e9mie fran\u00e7aise en 1747. Ce roman liste ses conqu\u00eates, \u00e0 la mani\u00e8re de \u00ab\u00a0portraits\u00a0\u00bb.<\/p>","protected":false},"excerpt":{"rendered":"<p>Les confessions du Comte de *** \u00e9crites par lui-m\u00eame \u00e0 un ami, 2 parties en un volume complet. [Charles Pinot Duclos] &#8211; Chez Chareau et du Villars Demi-basane tabac \u00e0 dos long orn\u00e9 d\u2019une pi\u00e8ce de titre en maroquin rouge, 160 x 102, 131p. 1742. Mention (douteuse) de quatri\u00e8me \u00e9dition (Premi\u00e8re \u00e9dition en 1741). Frontispice &#8230; <a title=\"Les confessions du Comte de ***\" class=\"read-more\" href=\"https:\/\/www.livresentre2actions.fr\/en\/product\/les-confessions-du-comte-de\/\" aria-label=\"Read more about Les confessions du Comte de ***\">Read more<\/a><\/p>","protected":false},"featured_media":10868,"template":"","meta":{"_eb_attr":""},"product_brand":[],"product_cat":[36,84,76],"product_tag":[],"class_list":{"0":"post-10867","1":"product","2":"type-product","3":"status-publish","4":"has-post-thumbnail","6":"product_cat-entre-le-xviiieme-et-le-xixeme-siecle","7":"product_cat-curiosa","8":"product_cat-poesie-theatre-prose","9":"sales-flash-overlay","10":"woocommerce-text-align-center","11":"woocommerce-image-align-center","12":"wc-has-gallery","14":"first","15":"instock","16":"taxable","17":"shipping-taxable","18":"purchasable","19":"product-type-simple"},"aioseo_notices":[],"_links":{"self":[{"href":"https:\/\/www.livresentre2actions.fr\/en\/wp-json\/wp\/v2\/product\/10867","targetHints":{"allow":["GET"]}}],"collection":[{"href":"https:\/\/www.livresentre2actions.fr\/en\/wp-json\/wp\/v2\/product"}],"about":[{"href":"https:\/\/www.livresentre2actions.fr\/en\/wp-json\/wp\/v2\/types\/product"}],"wp:featuredmedia":[{"embeddable":true,"href":"https:\/\/www.livresentre2actions.fr\/en\/wp-json\/wp\/v2\/media\/10868"}],"wp:attachment":[{"href":"https:\/\/www.livresentre2actions.fr\/en\/wp-json\/wp\/v2\/media?parent=10867"}],"wp:term":[{"taxonomy":"product_brand","embeddable":true,"href":"https:\/\/www.livresentre2actions.fr\/en\/wp-json\/wp\/v2\/product_brand?post=10867"},{"taxonomy":"product_cat","embeddable":true,"href":"https:\/\/www.livresentre2actions.fr\/en\/wp-json\/wp\/v2\/product_cat?post=10867"},{"taxonomy":"product_tag","embeddable":true,"href":"https:\/\/www.livresentre2actions.fr\/en\/wp-json\/wp\/v2\/product_tag?post=10867"}],"curies":[{"name":"wp","href":"https:\/\/api.w.org\/{rel}","templated":true}]}}