{"id":10854,"date":"2025-02-21T16:22:43","date_gmt":"2025-02-21T15:22:43","guid":{"rendered":"https:\/\/www.livresentre2actions.fr\/?post_type=product&#038;p=10854"},"modified":"2025-08-25T14:20:03","modified_gmt":"2025-08-25T12:20:03","slug":"le-poeme-du-ternois-george-letervanic-jules-garcon","status":"publish","type":"product","link":"https:\/\/www.livresentre2actions.fr\/en\/product\/le-poeme-du-ternois-george-letervanic-jules-garcon\/","title":{"rendered":"Le po\u00e8me du Ternois &#8211; George Letervanic  -Jules Gar\u00e7on"},"content":{"rendered":"<p>Editions du Beffroi &#8211; Broch\u00e9, 186 x 130, 105p. Avec table. 1913. Illustrations de Cina. Pr\u00e9face de Alfred Dumont. Int\u00e9rieur propre. Page de garde coll\u00e9e \u00e0 la couverture. Couvertures gris\u00e9es, renforc\u00e9es avec bandes adh\u00e9sive au dos, et \u00e0 un coin de couverture. Bien ferme. De son vrai nom Jules Gar\u00e7on, l\u2019auteur est n\u00e9 \u00e0 Saint-Pol en 1888 et mort dans la Somme \u00e0 Neuvillette pendant la premi\u00e8re guerre mondiale. En 1922, para\u00eetra \u00e0 titre posthume, le recueil intitul\u00e9 Les Chansons de Jacques le Poilu, regroupant plusieurs po\u00e8mes compos\u00e9s pendant le conflit<\/p>","protected":false},"excerpt":{"rendered":"<p>Editions du Beffroi &#8211; Broch\u00e9, 186 x 130, 105p. Avec table. 1913. Illustrations de Cina. Pr\u00e9face de Alfred Dumont. Int\u00e9rieur propre. Page de garde coll\u00e9e \u00e0 la couverture. Couvertures gris\u00e9es, renforc\u00e9es avec bandes adh\u00e9sive au dos, et \u00e0 un coin de couverture. Bien ferme. De son vrai nom Jules Gar\u00e7on, l\u2019auteur est n\u00e9 \u00e0 Saint-Pol &#8230; <a title=\"Le po\u00e8me du Ternois &#8211; George Letervanic  -Jules Gar\u00e7on\" class=\"read-more\" href=\"https:\/\/www.livresentre2actions.fr\/en\/product\/le-poeme-du-ternois-george-letervanic-jules-garcon\/\" aria-label=\"Read more about Le po\u00e8me du Ternois &#8211; George Letervanic  -Jules Gar\u00e7on\">Read more<\/a><\/p>","protected":false},"featured_media":10855,"template":"","meta":{"_eb_attr":""},"product_brand":[],"product_cat":[37,72,71,81,76],"product_tag":[],"class_list":{"0":"post-10854","1":"product","2":"type-product","3":"status-publish","4":"has-post-thumbnail","6":"product_cat-a-partir-du-xxeme-siecle","7":"product_cat-divers","8":"product_cat-illustres-modernes-editions-originales-signees-numerotees","9":"product_cat-hauts-de-france","10":"product_cat-poesie-theatre-prose","11":"sales-flash-overlay","12":"woocommerce-text-align-center","13":"woocommerce-image-align-center","14":"wc-has-gallery","16":"first","17":"instock","18":"taxable","19":"shipping-taxable","20":"purchasable","21":"product-type-simple"},"aioseo_notices":[],"_links":{"self":[{"href":"https:\/\/www.livresentre2actions.fr\/en\/wp-json\/wp\/v2\/product\/10854","targetHints":{"allow":["GET"]}}],"collection":[{"href":"https:\/\/www.livresentre2actions.fr\/en\/wp-json\/wp\/v2\/product"}],"about":[{"href":"https:\/\/www.livresentre2actions.fr\/en\/wp-json\/wp\/v2\/types\/product"}],"wp:featuredmedia":[{"embeddable":true,"href":"https:\/\/www.livresentre2actions.fr\/en\/wp-json\/wp\/v2\/media\/10855"}],"wp:attachment":[{"href":"https:\/\/www.livresentre2actions.fr\/en\/wp-json\/wp\/v2\/media?parent=10854"}],"wp:term":[{"taxonomy":"product_brand","embeddable":true,"href":"https:\/\/www.livresentre2actions.fr\/en\/wp-json\/wp\/v2\/product_brand?post=10854"},{"taxonomy":"product_cat","embeddable":true,"href":"https:\/\/www.livresentre2actions.fr\/en\/wp-json\/wp\/v2\/product_cat?post=10854"},{"taxonomy":"product_tag","embeddable":true,"href":"https:\/\/www.livresentre2actions.fr\/en\/wp-json\/wp\/v2\/product_tag?post=10854"}],"curies":[{"name":"wp","href":"https:\/\/api.w.org\/{rel}","templated":true}]}}