{"id":10766,"date":"2025-02-20T16:43:09","date_gmt":"2025-02-20T15:43:09","guid":{"rendered":"https:\/\/www.livresentre2actions.fr\/?post_type=product&#038;p=10766"},"modified":"2025-08-01T19:59:40","modified_gmt":"2025-08-01T17:59:40","slug":"les-erreurs-de-lhistoire-origines-rectifiees-de-maisons-feodales","status":"publish","type":"product","link":"https:\/\/www.livresentre2actions.fr\/en\/product\/les-erreurs-de-lhistoire-origines-rectifiees-de-maisons-feodales\/","title":{"rendered":"Les erreurs de l\u2019histoire. Origines rectifi\u00e9es de Maisons f\u00e9odales."},"content":{"rendered":"<p>Les erreurs de l\u2019histoire. Origines rectifi\u00e9es de Maisons f\u00e9odales. Comtes de Provence, Prince d\u2019Orange, Adh\u00e9mar de Monteil, Poitiers-Valentinois, Vicomtes de Marseille, Maison de Baux<\/p>\n<p>Pr\u00e9sident J. Berg\u00e9 &#8211; Edition France-Riviera<\/p>\n<p>Demi-percaline rouge \u00e0 dos long, orn\u00e9 des titre et auteur,c couvertures et dos conserv\u00e9s, 280 x 195, 245p. Menton, 1962. Bien complet de ses six planches d\u00e9pliantes (int\u00e8gres, propres, dont une restaur\u00e9e en bordure avec une bande adh\u00e9sive. Enrichi d\u2019un bel ex-libris aux armes num\u00e9rot\u00e9 Olivier le Bas. Une \u00e9tiquette de librairie londonienne Heraldrq Todaq en pied de contreplat inf\u00e9rieur. Inscription manuscrites et date tamponn\u00e9e en t\u00eate de garde, avec mention du relieur sans doute. Quelques brefs soulignages au vert dans la bibliographie, sinon propre int\u00e8gre. Reliure en tr\u00e8s bel \u00e9tat.<\/p>","protected":false},"excerpt":{"rendered":"<p>Les erreurs de l\u2019histoire. Origines rectifi\u00e9es de Maisons f\u00e9odales. Comtes de Provence, Prince d\u2019Orange, Adh\u00e9mar de Monteil, Poitiers-Valentinois, Vicomtes de Marseille, Maison de Baux Pr\u00e9sident J. Berg\u00e9 &#8211; Edition France-Riviera Demi-percaline rouge \u00e0 dos long, orn\u00e9 des titre et auteur,c couvertures et dos conserv\u00e9s, 280 x 195, 245p. Menton, 1962. Bien complet de ses six &#8230; <a title=\"Les erreurs de l\u2019histoire. Origines rectifi\u00e9es de Maisons f\u00e9odales.\" class=\"read-more\" href=\"https:\/\/www.livresentre2actions.fr\/en\/product\/les-erreurs-de-lhistoire-origines-rectifiees-de-maisons-feodales\/\" aria-label=\"Read more about Les erreurs de l\u2019histoire. Origines rectifi\u00e9es de Maisons f\u00e9odales.\">Read more<\/a><\/p>","protected":false},"featured_media":10767,"template":"","meta":{"_eb_attr":""},"product_brand":[],"product_cat":[37,72,85,73],"product_tag":[],"class_list":{"0":"post-10766","1":"product","2":"type-product","3":"status-publish","4":"has-post-thumbnail","6":"product_cat-a-partir-du-xxeme-siecle","7":"product_cat-divers","8":"product_cat-heraldisme-numismatique","9":"product_cat-histoires-et-recits-de-voyage","10":"sales-flash-overlay","11":"woocommerce-text-align-center","12":"woocommerce-image-align-center","13":"wc-has-gallery","15":"first","16":"instock","17":"taxable","18":"shipping-taxable","19":"purchasable","20":"product-type-simple"},"aioseo_notices":[],"_links":{"self":[{"href":"https:\/\/www.livresentre2actions.fr\/en\/wp-json\/wp\/v2\/product\/10766","targetHints":{"allow":["GET"]}}],"collection":[{"href":"https:\/\/www.livresentre2actions.fr\/en\/wp-json\/wp\/v2\/product"}],"about":[{"href":"https:\/\/www.livresentre2actions.fr\/en\/wp-json\/wp\/v2\/types\/product"}],"wp:featuredmedia":[{"embeddable":true,"href":"https:\/\/www.livresentre2actions.fr\/en\/wp-json\/wp\/v2\/media\/10767"}],"wp:attachment":[{"href":"https:\/\/www.livresentre2actions.fr\/en\/wp-json\/wp\/v2\/media?parent=10766"}],"wp:term":[{"taxonomy":"product_brand","embeddable":true,"href":"https:\/\/www.livresentre2actions.fr\/en\/wp-json\/wp\/v2\/product_brand?post=10766"},{"taxonomy":"product_cat","embeddable":true,"href":"https:\/\/www.livresentre2actions.fr\/en\/wp-json\/wp\/v2\/product_cat?post=10766"},{"taxonomy":"product_tag","embeddable":true,"href":"https:\/\/www.livresentre2actions.fr\/en\/wp-json\/wp\/v2\/product_tag?post=10766"}],"curies":[{"name":"wp","href":"https:\/\/api.w.org\/{rel}","templated":true}]}}