{"id":10743,"date":"2025-02-18T17:39:43","date_gmt":"2025-02-18T16:39:43","guid":{"rendered":"https:\/\/www.livresentre2actions.fr\/?post_type=product&#038;p=10743"},"modified":"2025-08-27T12:20:45","modified_gmt":"2025-08-27T10:20:45","slug":"oeuvres-completes-de-m-le-c-de-b-2-tomes-en-un-volume-2","status":"publish","type":"product","link":"https:\/\/www.livresentre2actions.fr\/en\/product\/oeuvres-completes-de-m-le-c-de-b-2-tomes-en-un-volume-2\/","title":{"rendered":"Oeuvres compl\u00e8tes  de M. le C. de B***, 2 tomes en un volume"},"content":{"rendered":"<p>M. le C. de B*** [Cardinal F. J. P. de Bernis]\u200e &#8211; Sans nom [\u00c0 Londres]<\/p>\n<p>Plein v\u00e9lin d\u2019\u00e9poque, dos \u00e0 nerfs tr\u00e8s fins, muet, tranches marbr\u00e9es, signet, 125 x 76, 1778. Derni\u00e8re \u00e9dition. Ent\u00eates, culs-de-lampe. 2 tomes reli\u00e9s \u00e0 la suite. T1, 120p. (table manquante). T2, 149p. Avec table. Un ex-libris en titre du T1, et un tampon\/cachet avec une inscription manuscrite en pied de p.13. Int\u00e9rieur insol\u00e9 avec rousseurs d\u2019intensit\u00e9 variable et en marge principalement. Plats insol\u00e9s et frott\u00e9s avec taches l\u00e9g\u00e8res en plat sup\u00e9rieur et d\u2019encre marqu\u00e9e en plat inf\u00e9rieur\u00a0; dos frott\u00e9 avec quelques rousseurs. Champs et coins l\u00e9g\u00e8rement frott\u00e9s, mais propres e int\u00e8gres. Bel exemplaire, bien ferme.<\/p>","protected":false},"excerpt":{"rendered":"<p>M. le C. de B*** [Cardinal F. J. P. de Bernis]\u200e &#8211; Sans nom [\u00c0 Londres] Plein v\u00e9lin d\u2019\u00e9poque, dos \u00e0 nerfs tr\u00e8s fins, muet, tranches marbr\u00e9es, signet, 125 x 76, 1778. Derni\u00e8re \u00e9dition. Ent\u00eates, culs-de-lampe. 2 tomes reli\u00e9s \u00e0 la suite. T1, 120p. (table manquante). T2, 149p. Avec table. Un ex-libris en titre du &#8230; <a title=\"Oeuvres compl\u00e8tes  de M. le C. de B***, 2 tomes en un volume\" class=\"read-more\" href=\"https:\/\/www.livresentre2actions.fr\/en\/product\/oeuvres-completes-de-m-le-c-de-b-2-tomes-en-un-volume-2\/\" aria-label=\"Read more about Oeuvres compl\u00e8tes  de M. le C. de B***, 2 tomes en un volume\">Read more<\/a><\/p>","protected":false},"featured_media":10744,"template":"","meta":{"_eb_attr":""},"product_brand":[],"product_cat":[36,72,73,76],"product_tag":[94],"class_list":{"0":"post-10743","1":"product","2":"type-product","3":"status-publish","4":"has-post-thumbnail","6":"product_cat-entre-le-xviiieme-et-le-xixeme-siecle","7":"product_cat-divers","8":"product_cat-histoires-et-recits-de-voyage","9":"product_cat-poesie-theatre-prose","10":"product_tag-provenance","11":"sales-flash-overlay","12":"woocommerce-text-align-center","13":"woocommerce-image-align-center","14":"wc-has-gallery","16":"first","17":"instock","18":"taxable","19":"shipping-taxable","20":"purchasable","21":"product-type-simple"},"aioseo_notices":[],"_links":{"self":[{"href":"https:\/\/www.livresentre2actions.fr\/en\/wp-json\/wp\/v2\/product\/10743","targetHints":{"allow":["GET"]}}],"collection":[{"href":"https:\/\/www.livresentre2actions.fr\/en\/wp-json\/wp\/v2\/product"}],"about":[{"href":"https:\/\/www.livresentre2actions.fr\/en\/wp-json\/wp\/v2\/types\/product"}],"wp:featuredmedia":[{"embeddable":true,"href":"https:\/\/www.livresentre2actions.fr\/en\/wp-json\/wp\/v2\/media\/10744"}],"wp:attachment":[{"href":"https:\/\/www.livresentre2actions.fr\/en\/wp-json\/wp\/v2\/media?parent=10743"}],"wp:term":[{"taxonomy":"product_brand","embeddable":true,"href":"https:\/\/www.livresentre2actions.fr\/en\/wp-json\/wp\/v2\/product_brand?post=10743"},{"taxonomy":"product_cat","embeddable":true,"href":"https:\/\/www.livresentre2actions.fr\/en\/wp-json\/wp\/v2\/product_cat?post=10743"},{"taxonomy":"product_tag","embeddable":true,"href":"https:\/\/www.livresentre2actions.fr\/en\/wp-json\/wp\/v2\/product_tag?post=10743"}],"curies":[{"name":"wp","href":"https:\/\/api.w.org\/{rel}","templated":true}]}}