{"id":10567,"date":"2025-02-11T15:51:59","date_gmt":"2025-02-11T14:51:59","guid":{"rendered":"https:\/\/www.livresentre2actions.fr\/?post_type=product&#038;p=10567"},"modified":"2025-08-08T12:05:36","modified_gmt":"2025-08-08T10:05:36","slug":"earth-and-the-ancestors-ogboni-iconography","status":"publish","type":"product","link":"https:\/\/www.livresentre2actions.fr\/en\/product\/earth-and-the-ancestors-ogboni-iconography\/","title":{"rendered":"Earth and the ancestors &#8211; Ogboni Iconography"},"content":{"rendered":"<p>Hans Witte &#8211; Gallery Balolu<\/p>\n<p>Broch\u00e9, 1988. Provenance : Galerie Noir d&rsquo;Ivoire comme signal\u00e9 par une pastille rouge en t\u00eate de couverture, un tampon au verso de la couverture, un code, un tampon et une \u00e9tiquette en page de titre. Int\u00e9rieur propre et int\u00e8gre. Couvertures frott\u00e9es mais propres, L\u00e9ger d\u00e9pelliculage en pied de couverture en coin. Bon exemplaire bien ferme.<\/p>","protected":false},"excerpt":{"rendered":"<p>Hans Witte &#8211; Gallery Balolu Broch\u00e9, 1988. Provenance : Galerie Noir d&rsquo;Ivoire comme signal\u00e9 par une pastille rouge en t\u00eate de couverture, un tampon au verso de la couverture, un code, un tampon et une \u00e9tiquette en page de titre. Int\u00e9rieur propre et int\u00e8gre. Couvertures frott\u00e9es mais propres, L\u00e9ger d\u00e9pelliculage en pied de couverture en &#8230; <a title=\"Earth and the ancestors &#8211; Ogboni Iconography\" class=\"read-more\" href=\"https:\/\/www.livresentre2actions.fr\/en\/product\/earth-and-the-ancestors-ogboni-iconography\/\" aria-label=\"Read more about Earth and the ancestors &#8211; Ogboni Iconography\">Read more<\/a><\/p>","protected":false},"featured_media":10568,"template":"","meta":{"_eb_attr":""},"product_brand":[],"product_cat":[36,37,73,68],"product_tag":[],"class_list":{"0":"post-10567","1":"product","2":"type-product","3":"status-publish","4":"has-post-thumbnail","6":"product_cat-entre-le-xviiieme-et-le-xixeme-siecle","7":"product_cat-a-partir-du-xxeme-siecle","8":"product_cat-histoires-et-recits-de-voyage","9":"product_cat-religion-spiritualite","10":"sales-flash-overlay","11":"woocommerce-text-align-center","12":"woocommerce-image-align-center","13":"wc-has-gallery","15":"first","16":"instock","17":"taxable","18":"shipping-taxable","19":"purchasable","20":"product-type-simple"},"aioseo_notices":[],"_links":{"self":[{"href":"https:\/\/www.livresentre2actions.fr\/en\/wp-json\/wp\/v2\/product\/10567","targetHints":{"allow":["GET"]}}],"collection":[{"href":"https:\/\/www.livresentre2actions.fr\/en\/wp-json\/wp\/v2\/product"}],"about":[{"href":"https:\/\/www.livresentre2actions.fr\/en\/wp-json\/wp\/v2\/types\/product"}],"wp:featuredmedia":[{"embeddable":true,"href":"https:\/\/www.livresentre2actions.fr\/en\/wp-json\/wp\/v2\/media\/10568"}],"wp:attachment":[{"href":"https:\/\/www.livresentre2actions.fr\/en\/wp-json\/wp\/v2\/media?parent=10567"}],"wp:term":[{"taxonomy":"product_brand","embeddable":true,"href":"https:\/\/www.livresentre2actions.fr\/en\/wp-json\/wp\/v2\/product_brand?post=10567"},{"taxonomy":"product_cat","embeddable":true,"href":"https:\/\/www.livresentre2actions.fr\/en\/wp-json\/wp\/v2\/product_cat?post=10567"},{"taxonomy":"product_tag","embeddable":true,"href":"https:\/\/www.livresentre2actions.fr\/en\/wp-json\/wp\/v2\/product_tag?post=10567"}],"curies":[{"name":"wp","href":"https:\/\/api.w.org\/{rel}","templated":true}]}}