{"id":10534,"date":"2025-02-11T15:28:40","date_gmt":"2025-02-11T14:28:40","guid":{"rendered":"https:\/\/www.livresentre2actions.fr\/?post_type=product&#038;p=10534"},"modified":"2025-08-08T12:05:48","modified_gmt":"2025-08-08T10:05:48","slug":"igbo-ukwu-vol-2-thurstan-shaw","status":"publish","type":"product","link":"https:\/\/www.livresentre2actions.fr\/en\/product\/igbo-ukwu-vol-2-thurstan-shaw\/","title":{"rendered":"Igbo-Ukwu. Vol. 2 &#8211; Thurstan Shaw"},"content":{"rendered":"<p>Northwestern University<\/p>\n<p>Pleine toile \u00e9diteur sous jaquette. 1970. Provenance : Galerie Noir d&rsquo;Ivoire signal\u00e9e par une \u00e9tiquette en garde et un tampon en page de faux-titre. int\u00e9rieur tr\u00e8s bon, propre et int\u00e8gre. Pleine toile tr\u00e8s bon, propre et int\u00e8gre. Jaquette avec quelques traces mais plastifi\u00e9e avec soin.<\/p>","protected":false},"excerpt":{"rendered":"<p>Northwestern University Pleine toile \u00e9diteur sous jaquette. 1970. Provenance : Galerie Noir d&rsquo;Ivoire signal\u00e9e par une \u00e9tiquette en garde et un tampon en page de faux-titre. int\u00e9rieur tr\u00e8s bon, propre et int\u00e8gre. Pleine toile tr\u00e8s bon, propre et int\u00e8gre. Jaquette avec quelques traces mais plastifi\u00e9e avec soin.<\/p>","protected":false},"featured_media":10535,"template":"","meta":{"_eb_attr":""},"product_brand":[],"product_cat":[37,72,73,68],"product_tag":[],"class_list":{"0":"post-10534","1":"product","2":"type-product","3":"status-publish","4":"has-post-thumbnail","6":"product_cat-a-partir-du-xxeme-siecle","7":"product_cat-divers","8":"product_cat-histoires-et-recits-de-voyage","9":"product_cat-religion-spiritualite","10":"sales-flash-overlay","11":"woocommerce-text-align-center","12":"woocommerce-image-align-center","13":"wc-has-gallery","15":"first","16":"instock","17":"taxable","18":"shipping-taxable","19":"purchasable","20":"product-type-simple"},"aioseo_notices":[],"_links":{"self":[{"href":"https:\/\/www.livresentre2actions.fr\/en\/wp-json\/wp\/v2\/product\/10534","targetHints":{"allow":["GET"]}}],"collection":[{"href":"https:\/\/www.livresentre2actions.fr\/en\/wp-json\/wp\/v2\/product"}],"about":[{"href":"https:\/\/www.livresentre2actions.fr\/en\/wp-json\/wp\/v2\/types\/product"}],"wp:featuredmedia":[{"embeddable":true,"href":"https:\/\/www.livresentre2actions.fr\/en\/wp-json\/wp\/v2\/media\/10535"}],"wp:attachment":[{"href":"https:\/\/www.livresentre2actions.fr\/en\/wp-json\/wp\/v2\/media?parent=10534"}],"wp:term":[{"taxonomy":"product_brand","embeddable":true,"href":"https:\/\/www.livresentre2actions.fr\/en\/wp-json\/wp\/v2\/product_brand?post=10534"},{"taxonomy":"product_cat","embeddable":true,"href":"https:\/\/www.livresentre2actions.fr\/en\/wp-json\/wp\/v2\/product_cat?post=10534"},{"taxonomy":"product_tag","embeddable":true,"href":"https:\/\/www.livresentre2actions.fr\/en\/wp-json\/wp\/v2\/product_tag?post=10534"}],"curies":[{"name":"wp","href":"https:\/\/api.w.org\/{rel}","templated":true}]}}