{"id":10132,"date":"2025-01-14T16:06:34","date_gmt":"2025-01-14T15:06:34","guid":{"rendered":"https:\/\/www.livresentre2actions.fr\/?post_type=product&#038;p=10132"},"modified":"2025-08-29T18:21:07","modified_gmt":"2025-08-29T16:21:07","slug":"calligraphia-oratoria-linguae-graecae-johanne-plosselio","status":"publish","type":"product","link":"https:\/\/www.livresentre2actions.fr\/en\/product\/calligraphia-oratoria-linguae-graecae-johanne-plosselio\/","title":{"rendered":"Calligraphia oratoria linguae graecae &#8211; Johanne Plosselio"},"content":{"rendered":"<p>Calligraphia oratoria linguae graecae, ad proprietatem, elegantiam et copiam<br \/>\nGraeci sermonis parandam utilissima, A Ioanne Posselio concinnata, nunc denuo ab eodem recognita, atque amplius tertia parte aucta. Cum indice multo, quam anteafuit, locupletiore<\/p>\n<p>Johanne Plosselio &#8211; Antonii de Harsy<\/p>\n<p>In-8, rel plein v\u00e9lin rigide moderne, \u00e0 dos long orn\u00e9 d\u2019une pi\u00e8ce de titre en maroquin rouge, toutes tranches rouges, tranche fil, signet, 173 x 112, 669p. 1607. Au moins une \u00e9dition ant\u00e9rieure (1594). Suivi de : Index in calligraphiam constructam, non pagin\u00e9, 47p. Puis de Index in calligraphiam graecus, non pagin\u00e9, 54p. Cul-de- lampe. Vignette au titre. Ent\u00eate. 2 Lettrines. 2 ex-libris au titre de la m\u00eame famille \u00ab J.P. Malo\u00fcin \u00bb et \u00ab Caroli Malo\u00fcin \u00bb. Traces de restauration au titre. Quelques taches en bordure de premi\u00e8res pages. Sinon int\u00e9rieur globalement propre, insol\u00e9, rousseurs l\u00e9g\u00e8res. Mouillures l\u00e9g\u00e8res. Petit travail de vers dans les marges int\u00e9rieures de plusieurs feuillets. La reliure est en excellent \u00e9tat. Tr\u00e8s beau volume, bien ferme.<\/p>","protected":false},"excerpt":{"rendered":"<p>Calligraphia oratoria linguae graecae, ad proprietatem, elegantiam et copiam Graeci sermonis parandam utilissima, A Ioanne Posselio concinnata, nunc denuo ab eodem recognita, atque amplius tertia parte aucta. Cum indice multo, quam anteafuit, locupletiore Johanne Plosselio &#8211; Antonii de Harsy In-8, rel plein v\u00e9lin rigide moderne, \u00e0 dos long orn\u00e9 d\u2019une pi\u00e8ce de titre en maroquin &#8230; <a title=\"Calligraphia oratoria linguae graecae &#8211; Johanne Plosselio\" class=\"read-more\" href=\"https:\/\/www.livresentre2actions.fr\/en\/product\/calligraphia-oratoria-linguae-graecae-johanne-plosselio\/\" aria-label=\"Read more about Calligraphia oratoria linguae graecae &#8211; Johanne Plosselio\">Read more<\/a><\/p>","protected":false},"featured_media":10133,"template":"","meta":{"_eb_attr":""},"product_brand":[],"product_cat":[35,72],"product_tag":[94],"class_list":{"0":"post-10132","1":"product","2":"type-product","3":"status-publish","4":"has-post-thumbnail","6":"product_cat-jusquau-xviiemesiecle","7":"product_cat-divers","8":"product_tag-provenance","9":"sales-flash-overlay","10":"woocommerce-text-align-center","11":"woocommerce-image-align-center","12":"wc-has-gallery","14":"first","15":"instock","16":"taxable","17":"shipping-taxable","18":"purchasable","19":"product-type-simple"},"aioseo_notices":[],"_links":{"self":[{"href":"https:\/\/www.livresentre2actions.fr\/en\/wp-json\/wp\/v2\/product\/10132","targetHints":{"allow":["GET"]}}],"collection":[{"href":"https:\/\/www.livresentre2actions.fr\/en\/wp-json\/wp\/v2\/product"}],"about":[{"href":"https:\/\/www.livresentre2actions.fr\/en\/wp-json\/wp\/v2\/types\/product"}],"wp:featuredmedia":[{"embeddable":true,"href":"https:\/\/www.livresentre2actions.fr\/en\/wp-json\/wp\/v2\/media\/10133"}],"wp:attachment":[{"href":"https:\/\/www.livresentre2actions.fr\/en\/wp-json\/wp\/v2\/media?parent=10132"}],"wp:term":[{"taxonomy":"product_brand","embeddable":true,"href":"https:\/\/www.livresentre2actions.fr\/en\/wp-json\/wp\/v2\/product_brand?post=10132"},{"taxonomy":"product_cat","embeddable":true,"href":"https:\/\/www.livresentre2actions.fr\/en\/wp-json\/wp\/v2\/product_cat?post=10132"},{"taxonomy":"product_tag","embeddable":true,"href":"https:\/\/www.livresentre2actions.fr\/en\/wp-json\/wp\/v2\/product_tag?post=10132"}],"curies":[{"name":"wp","href":"https:\/\/api.w.org\/{rel}","templated":true}]}}