{"id":10075,"date":"2025-01-13T15:24:16","date_gmt":"2025-01-13T14:24:16","guid":{"rendered":"https:\/\/www.livresentre2actions.fr\/?post_type=product&#038;p=10075"},"modified":"2025-08-27T12:24:50","modified_gmt":"2025-08-27T10:24:50","slug":"la-veritable-connoissance-de-soy-mesmeavec-les-pratiques-dhumilite-quon-en-doit-tirer","status":"publish","type":"product","link":"https:\/\/www.livresentre2actions.fr\/en\/product\/la-veritable-connoissance-de-soy-mesmeavec-les-pratiques-dhumilite-quon-en-doit-tirer\/","title":{"rendered":"La v\u00e9ritable connoissance de soy-mesme,avec les pratiques d\u2019humilit\u00e9 qu\u2019on en doit tirer"},"content":{"rendered":"<p>Paulus Segneri &#8211; Chez Robert Pepie<\/p>\n<p>Pleine basane marbr\u00e9e, dos \u00e0 nerfs, orn\u00e9 de fleurons et liser\u00e9s aux caissons et d\u2019une pi\u00e8ce de titre en maroquin, tranches jasp\u00e9es rouges, champs orn\u00e9s, signet vert, 150 x 88, 142p. 1691. Avec sa table. Rare premi\u00e8re \u00e9dition fran\u00e7aise. Comprend : Introduction ; Table et privil\u00e8ge, 34p. Puis le texte : pp. 3-141. Lettrines, cul-de-lampe, ent\u00eates \u00e0 guirlande. Int\u00e9rieur tr\u00e8 bon, avec quelques traces de l\u00e9g\u00e8res mouillures en marge en d\u00e9but et fin de volume. Champs et coins frott\u00e9s. Plats bons avec quelques \u00a0\u00e9pidermures. Mors frott\u00e9s, mors inf\u00e9rieur plus fortement. Dos frott\u00e9 avec \u00e9pidermures en coiffe, queue et nerf ; et petits manques en pi\u00e8ce de titre. Pr\u00eatre j\u00e9suite, italien, pr\u00e9dicateur et missionnaire, Paulus Segneri est un \u00e9crivain asc\u00e9tique dont les travaux selon brunet, sont tr\u00e8s estim\u00e9s en Italie et ont \u00e9t\u00e9 fr\u00e9quemment r\u00e9\u00e9dit\u00e9s.<\/p>","protected":false},"excerpt":{"rendered":"<p>Paulus Segneri &#8211; Chez Robert Pepie Pleine basane marbr\u00e9e, dos \u00e0 nerfs, orn\u00e9 de fleurons et liser\u00e9s aux caissons et d\u2019une pi\u00e8ce de titre en maroquin, tranches jasp\u00e9es rouges, champs orn\u00e9s, signet vert, 150 x 88, 142p. 1691. Avec sa table. Rare premi\u00e8re \u00e9dition fran\u00e7aise. Comprend : Introduction ; Table et privil\u00e8ge, 34p. Puis le &#8230; <a title=\"La v\u00e9ritable connoissance de soy-mesme,avec les pratiques d\u2019humilit\u00e9 qu\u2019on en doit tirer\" class=\"read-more\" href=\"https:\/\/www.livresentre2actions.fr\/en\/product\/la-veritable-connoissance-de-soy-mesmeavec-les-pratiques-dhumilite-quon-en-doit-tirer\/\" aria-label=\"Read more about La v\u00e9ritable connoissance de soy-mesme,avec les pratiques d\u2019humilit\u00e9 qu\u2019on en doit tirer\">Read more<\/a><\/p>","protected":false},"featured_media":10076,"template":"","meta":{"_eb_attr":""},"product_brand":[],"product_cat":[35,68],"product_tag":[],"class_list":{"0":"post-10075","1":"product","2":"type-product","3":"status-publish","4":"has-post-thumbnail","6":"product_cat-jusquau-xviiemesiecle","7":"product_cat-religion-spiritualite","8":"sales-flash-overlay","9":"woocommerce-text-align-center","10":"woocommerce-image-align-center","11":"wc-has-gallery","13":"first","14":"instock","15":"taxable","16":"shipping-taxable","17":"purchasable","18":"product-type-simple"},"aioseo_notices":[],"_links":{"self":[{"href":"https:\/\/www.livresentre2actions.fr\/en\/wp-json\/wp\/v2\/product\/10075","targetHints":{"allow":["GET"]}}],"collection":[{"href":"https:\/\/www.livresentre2actions.fr\/en\/wp-json\/wp\/v2\/product"}],"about":[{"href":"https:\/\/www.livresentre2actions.fr\/en\/wp-json\/wp\/v2\/types\/product"}],"wp:featuredmedia":[{"embeddable":true,"href":"https:\/\/www.livresentre2actions.fr\/en\/wp-json\/wp\/v2\/media\/10076"}],"wp:attachment":[{"href":"https:\/\/www.livresentre2actions.fr\/en\/wp-json\/wp\/v2\/media?parent=10075"}],"wp:term":[{"taxonomy":"product_brand","embeddable":true,"href":"https:\/\/www.livresentre2actions.fr\/en\/wp-json\/wp\/v2\/product_brand?post=10075"},{"taxonomy":"product_cat","embeddable":true,"href":"https:\/\/www.livresentre2actions.fr\/en\/wp-json\/wp\/v2\/product_cat?post=10075"},{"taxonomy":"product_tag","embeddable":true,"href":"https:\/\/www.livresentre2actions.fr\/en\/wp-json\/wp\/v2\/product_tag?post=10075"}],"curies":[{"name":"wp","href":"https:\/\/api.w.org\/{rel}","templated":true}]}}