{"id":10025,"date":"2025-01-07T16:41:04","date_gmt":"2025-01-07T15:41:04","guid":{"rendered":"https:\/\/www.livresentre2actions.fr\/?post_type=product&#038;p=10025"},"modified":"2025-05-05T07:24:45","modified_gmt":"2025-05-05T05:24:45","slug":"excavation-of-a-post-medieval-settlement-at-rough-point-killybegs-county-donegal","status":"publish","type":"product","link":"https:\/\/www.livresentre2actions.fr\/en\/product\/excavation-of-a-post-medieval-settlement-at-rough-point-killybegs-county-donegal\/","title":{"rendered":"Excavation of a Post-Medieval Settlement at Rough Point, Killybegs, County Donegal"},"content":{"rendered":"<p>Frank Coyne et Tracy Collins<\/p>\n<p>Aegis &#8211; Aegis archeology reports 2. Broch\u00e9, 240 x 170, 67p. 2004. Except\u00e9 un tampon et un ex-libris en page de titre, tr\u00e8s bon exemplaire, propre, int\u00e8gre, bien ferme.<\/p>","protected":false},"excerpt":{"rendered":"<p>Frank Coyne et Tracy Collins Aegis &#8211; Aegis archeology reports 2. Broch\u00e9, 240 x 170, 67p. 2004. Except\u00e9 un tampon et un ex-libris en page de titre, tr\u00e8s bon exemplaire, propre, int\u00e8gre, bien ferme.<\/p>","protected":false},"featured_media":10026,"template":"","meta":{"_eb_attr":""},"product_brand":[],"product_cat":[37,73],"product_tag":[],"class_list":{"0":"post-10025","1":"product","2":"type-product","3":"status-publish","4":"has-post-thumbnail","6":"product_cat-a-partir-du-xxeme-siecle","7":"product_cat-histoires-et-recits-de-voyage","8":"sales-flash-overlay","9":"woocommerce-text-align-center","10":"woocommerce-image-align-center","11":"wc-has-gallery","13":"first","14":"instock","15":"taxable","16":"shipping-taxable","17":"purchasable","18":"product-type-simple"},"aioseo_notices":[],"_links":{"self":[{"href":"https:\/\/www.livresentre2actions.fr\/en\/wp-json\/wp\/v2\/product\/10025","targetHints":{"allow":["GET"]}}],"collection":[{"href":"https:\/\/www.livresentre2actions.fr\/en\/wp-json\/wp\/v2\/product"}],"about":[{"href":"https:\/\/www.livresentre2actions.fr\/en\/wp-json\/wp\/v2\/types\/product"}],"wp:featuredmedia":[{"embeddable":true,"href":"https:\/\/www.livresentre2actions.fr\/en\/wp-json\/wp\/v2\/media\/10026"}],"wp:attachment":[{"href":"https:\/\/www.livresentre2actions.fr\/en\/wp-json\/wp\/v2\/media?parent=10025"}],"wp:term":[{"taxonomy":"product_brand","embeddable":true,"href":"https:\/\/www.livresentre2actions.fr\/en\/wp-json\/wp\/v2\/product_brand?post=10025"},{"taxonomy":"product_cat","embeddable":true,"href":"https:\/\/www.livresentre2actions.fr\/en\/wp-json\/wp\/v2\/product_cat?post=10025"},{"taxonomy":"product_tag","embeddable":true,"href":"https:\/\/www.livresentre2actions.fr\/en\/wp-json\/wp\/v2\/product_tag?post=10025"}],"curies":[{"name":"wp","href":"https:\/\/api.w.org\/{rel}","templated":true}]}}