{"id":10012,"date":"2025-01-05T17:06:17","date_gmt":"2025-01-05T16:06:17","guid":{"rendered":"https:\/\/www.livresentre2actions.fr\/?post_type=product&#038;p=10012"},"modified":"2025-08-27T12:28:51","modified_gmt":"2025-08-27T10:28:51","slug":"histoire-de-la-bastille","status":"publish","type":"product","link":"https:\/\/www.livresentre2actions.fr\/en\/product\/histoire-de-la-bastille\/","title":{"rendered":"Histoire de la Bastille"},"content":{"rendered":"<p>Anonyme &#8211; Typographie Gaittet<\/p>\n<p>Demi-veau brun \u00e0 dos long orn\u00e9 du titre et de doubles liser\u00e9s, reliure \u00e9tiquet\u00e9e P. Thomassin, Lille. 289 x 200, 775p. Hors table. Sans date ( ca 1840-1850). Nombreuses illustrations sign\u00e9es Quichon, Robineau, Ed. Coppin, Bisson-Cottard, Charloi, Pauquet\u2026 Textes r\u00e9gl\u00e9s sur deux colonnes. Ex-libris tamponn\u00e9 en garde et en premi\u00e8re page. Int\u00e9rieur propre, rousseurs marginales, tranches avec rousseurs. Coins, et champs frott\u00e9s mais bons. Reliure en bon \u00e9tat, avec \u00e9pidermures en coiffe, queue, morts. Bel exemplaire bien ferme.<\/p>","protected":false},"excerpt":{"rendered":"<p>Anonyme &#8211; Typographie Gaittet Demi-veau brun \u00e0 dos long orn\u00e9 du titre et de doubles liser\u00e9s, reliure \u00e9tiquet\u00e9e P. Thomassin, Lille. 289 x 200, 775p. Hors table. Sans date ( ca 1840-1850). Nombreuses illustrations sign\u00e9es Quichon, Robineau, Ed. Coppin, Bisson-Cottard, Charloi, Pauquet\u2026 Textes r\u00e9gl\u00e9s sur deux colonnes. Ex-libris tamponn\u00e9 en garde et en premi\u00e8re page. &#8230; <a title=\"Histoire de la Bastille\" class=\"read-more\" href=\"https:\/\/www.livresentre2actions.fr\/en\/product\/histoire-de-la-bastille\/\" aria-label=\"Read more about Histoire de la Bastille\">Read more<\/a><\/p>","protected":false},"featured_media":10013,"template":"","meta":{"_eb_attr":""},"product_brand":[],"product_cat":[36,73],"product_tag":[86],"class_list":{"0":"post-10012","1":"product","2":"type-product","3":"status-publish","4":"has-post-thumbnail","6":"product_cat-entre-le-xviiieme-et-le-xixeme-siecle","7":"product_cat-histoires-et-recits-de-voyage","8":"product_tag-illustre","9":"sales-flash-overlay","10":"woocommerce-text-align-center","11":"woocommerce-image-align-center","12":"wc-has-gallery","14":"first","15":"instock","16":"taxable","17":"shipping-taxable","18":"purchasable","19":"product-type-simple"},"aioseo_notices":[],"_links":{"self":[{"href":"https:\/\/www.livresentre2actions.fr\/en\/wp-json\/wp\/v2\/product\/10012","targetHints":{"allow":["GET"]}}],"collection":[{"href":"https:\/\/www.livresentre2actions.fr\/en\/wp-json\/wp\/v2\/product"}],"about":[{"href":"https:\/\/www.livresentre2actions.fr\/en\/wp-json\/wp\/v2\/types\/product"}],"wp:featuredmedia":[{"embeddable":true,"href":"https:\/\/www.livresentre2actions.fr\/en\/wp-json\/wp\/v2\/media\/10013"}],"wp:attachment":[{"href":"https:\/\/www.livresentre2actions.fr\/en\/wp-json\/wp\/v2\/media?parent=10012"}],"wp:term":[{"taxonomy":"product_brand","embeddable":true,"href":"https:\/\/www.livresentre2actions.fr\/en\/wp-json\/wp\/v2\/product_brand?post=10012"},{"taxonomy":"product_cat","embeddable":true,"href":"https:\/\/www.livresentre2actions.fr\/en\/wp-json\/wp\/v2\/product_cat?post=10012"},{"taxonomy":"product_tag","embeddable":true,"href":"https:\/\/www.livresentre2actions.fr\/en\/wp-json\/wp\/v2\/product_tag?post=10012"}],"curies":[{"name":"wp","href":"https:\/\/api.w.org\/{rel}","templated":true}]}}