{"id":7966,"date":"2024-12-02T16:03:22","date_gmt":"2024-12-02T15:03:22","guid":{"rendered":"http:\/\/localhost\/livresentre2actions\/?page_id=7966"},"modified":"2025-05-29T14:05:17","modified_gmt":"2025-05-29T12:05:17","slug":"livraison-et-retours","status":"publish","type":"page","link":"https:\/\/www.livresentre2actions.fr\/en\/livraison-et-retours\/","title":{"rendered":"Delivery and returns"},"content":{"rendered":"<p class=\"has-small-font-size\">*Delivery and returns are handled by La Poste. For more information than what is described below, please refer to their website https:\/\/www.laposte.fr.<\/p>\n\n\n\n<h3 class=\"gb-headline gb-headline-23a7ee9d gb-headline-text\">Delivery mode<\/h3>\n\n\n\n<p class=\"translation-block\">By default, our books are sent by <strong>Collissimo against signature<\/strong>. Indeed, given the quality and value of our books, this service seems to us to offer the best guarantee for our customers. However, for an amount <strong>less than or equal to \u20ac100<\/strong>, you have the possibility to choose a shipment by <strong><a href=\"https:\/\/www.laposte.fr\/colissimo\" target=\"_blank\" rel=\"noopener\" title=\"\">Collisimo standard<\/a><\/strong> on the order validation page.<\/p>\n\n\n\n<p class=\"translation-block\">If you would like to benefit from a <strong>signature-free delivery for a purchase amount greater than \u20ac100 or a delivery to a collection point<\/strong>, please contact us on 07 83 59 46 38 or via <a href=\"https:\/\/www.livresentre2actions.fr\/en\/contact\/\" target=\"_blank\" rel=\"noopener\" title=\"Contact\">our contact form<\/a> <strong>before confirming your order<\/strong>.<\/p>\n\n\n\n<h3 class=\"gb-headline gb-headline-479306f0 gb-headline-text\">Shipping costs<\/h3>\n\n\n\n<p class=\"translation-block\">The shipping costs applied correspond to the <strong>Collissimo<\/strong> <strong>2025<\/strong> offer to which is added <strong>a flat rate of \u20ac6 for delivery against signature<\/strong> (automatic for purchases over \u20ac100). The <strong>Collissimo<\/strong> <strong>2025<\/strong> rates are as follows:<\/p>\n\n\n\n<div class=\"wp-block-columns uag-hide-mob is-layout-flex wp-container-core-columns-is-layout-9d6595d7 wp-block-columns-is-layout-flex\">\n<div class=\"wp-block-column uag-hide-mob is-layout-flow wp-block-column-is-layout-flow\" style=\"flex-basis:15.06%\"><div class=\"gb-container gb-container-518a4f65\">\n\n<h6 class=\"gb-headline gb-headline-e1eaf4a4 gb-headline-text\">Weight until...<\/h6>\n\n\n\n<div class=\"wp-block-group is-vertical is-layout-flex wp-container-core-group-is-layout-8cf370e7 wp-block-group-is-layout-flex\">\n<p>250g<\/p>\n\n\n\n<p>500g<\/p>\n\n\n\n<p>750g<\/p>\n\n\n\n<p>1kg<\/p>\n\n\n\n<p>2kg<\/p>\n\n\n\n<p>5kg<\/p>\n\n\n\n<p>10kg<\/p>\n\n\n\n<p>15kg<\/p>\n\n\n\n<p>30kg<\/p>\n<\/div>\n\n<\/div><\/div>\n\n\n\n<div class=\"wp-block-column uag-hide-mob is-layout-flow wp-block-column-is-layout-flow\" style=\"flex-basis:17.07%\"><div class=\"gb-container gb-container-6fd12428\">\n\n<h6 class=\"gb-headline gb-headline-cf14b1c3 gb-headline-text\"><em>To Metropolitan France, Andorra, Monaco<\/em><\/h6>\n\n\n\n<div class=\"wp-block-group is-vertical is-layout-flex wp-container-core-group-is-layout-8cf370e7 wp-block-group-is-layout-flex\">\n<p>5,25\u20ac<\/p>\n\n\n\n<p>7,35\u20ac<\/p>\n\n\n\n<p>8,65\u20ac<\/p>\n\n\n\n<p>9,40\u20ac<\/p>\n\n\n\n<p>10,70\u20ac<\/p>\n\n\n\n<p>16,60\u20ac<\/p>\n\n\n\n<p>24,20\u20ac<\/p>\n\n\n\n<p>30,55\u20ac<\/p>\n\n\n\n<p>37,85\u20ac<\/p>\n<\/div>\n\n<\/div><\/div>\n\n\n\n<div class=\"wp-block-column is-layout-flow wp-block-column-is-layout-flow\" style=\"flex-basis:17.07%\"><div class=\"gb-container gb-container-6bb9d61e\">\n\n<h6 class=\"gb-headline gb-headline-ce3a6e65 gb-headline-text translation-block\"><em>To<\/em>France Overseas 1 (<em><em>Guadeloupe, Martinique, Guyana, Reunion, Mayotte, Saint-Pierre-et-Miquelon, Saint-Martin, Saint-Barth\u00e9lemy<\/em><\/em>)<\/h6>\n\n\n\n<div class=\"wp-block-group is-vertical is-layout-flex wp-container-core-group-is-layout-8cf370e7 wp-block-group-is-layout-flex\">\n<p>&#8211;<\/p>\n\n\n\n<p>12,65\u20ac<\/p>\n\n\n\n<p>&#8211;<\/p>\n\n\n\n<p>20,00\u20ac<\/p>\n\n\n\n<p>27,25\u20ac<\/p>\n\n\n\n<p>40,95\u20ac<\/p>\n\n\n\n<p>65,60\u20ac<\/p>\n\n\n\n<p>137,05<\/p>\n\n\n\n<p>150,55\u20ac<\/p>\n<\/div>\n\n<\/div><\/div>\n\n\n\n<div class=\"wp-block-column is-layout-flow wp-block-column-is-layout-flow\" style=\"flex-basis:17.07%\"><div class=\"gb-container gb-container-528e4bae\">\n\n<h6 class=\"gb-headline gb-headline-87a7f6cd gb-headline-text translation-block\"><em>To<\/em>France Outre Mer 2 (<em>New Caledonia, French Polynesia, Wallis and Futuna, French Southern and Antarctic Lands<\/em>)<\/h6>\n\n\n\n<div class=\"wp-block-group is-vertical is-layout-flex wp-container-core-group-is-layout-8cf370e7 wp-block-group-is-layout-flex\">\n<p>&#8211;<\/p>\n\n\n\n<p>12,85\u20ac<\/p>\n\n\n\n<p>&#8211;<\/p>\n\n\n\n<p>19,95\u20ac<\/p>\n\n\n\n<p>35,25\u20ac<\/p>\n\n\n\n<p>58,90\u20ac<\/p>\n\n\n\n<p>115,35\u20ac<\/p>\n\n\n\n<p>263,15\u20ac<\/p>\n\n\n\n<p>302,35\u20ac<\/p>\n<\/div>\n\n<\/div><\/div>\n\n\n\n<div class=\"wp-block-column is-layout-flow wp-block-column-is-layout-flow\" style=\"flex-basis:17%\"><div class=\"gb-container gb-container-961e8a72\">\n\n<h6 class=\"gb-headline gb-headline-07d5e1f6 gb-headline-text\">To the EU, Switzerland, Liechtenstein, San Marino and the Vatican<\/h6>\n\n\n\n<div class=\"wp-block-group is-vertical is-layout-flex wp-container-core-group-is-layout-8cf370e7 wp-block-group-is-layout-flex\">\n<p>&#8211;<\/p>\n\n\n\n<p>14,85\u20ac<\/p>\n\n\n\n<p>&#8211;<\/p>\n\n\n\n<p>18,45\u20ac<\/p>\n\n\n\n<p>20,90\u20ac<\/p>\n\n\n\n<p>26,80\u20ac<\/p>\n\n\n\n<p>44,20\u20ac<\/p>\n\n\n\n<p>64,80\u20ac<\/p>\n\n\n\n<p>84,00\u20ac<\/p>\n<\/div>\n\n<\/div><\/div>\n\n\n\n<div class=\"wp-block-column is-layout-flow wp-block-column-is-layout-flow\" style=\"flex-basis:17.07%\"><div class=\"gb-container gb-container-6fd8ac5d\">\n\n<h6 class=\"gb-headline gb-headline-b4dcf0cf gb-headline-text\">To United Kingdom<\/h6>\n\n\n\n<div class=\"wp-block-group is-vertical is-layout-flex wp-container-core-group-is-layout-8cf370e7 wp-block-group-is-layout-flex\">\n<p>&#8211;<\/p>\n\n\n\n<p>17,85\u20ac<\/p>\n\n\n\n<p>&#8211;<\/p>\n\n\n\n<p>21,45\u20ac<\/p>\n\n\n\n<p>23,90\u20ac<\/p>\n\n\n\n<p>29,80\u20ac<\/p>\n\n\n\n<p>47,20\u20ac<\/p>\n\n\n\n<p>67,80\u20ac<\/p>\n\n\n\n<p>87,00\u20ac<\/p>\n<\/div>\n\n<\/div><\/div>\n\n\n\n<div class=\"wp-block-column is-layout-flow wp-block-column-is-layout-flow\" style=\"flex-basis:17.07%\"><div class=\"gb-container gb-container-01784a42\">\n\n<h6 class=\"gb-headline gb-headline-36a0a415 gb-headline-text translation-block\">To <em>Eastern Europe (outside EU, Switzerland and Russia), Norway and Maghreb<\/em><\/h6>\n\n\n\n<div class=\"wp-block-group is-vertical is-layout-flex wp-container-core-group-is-layout-8cf370e7 wp-block-group-is-layout-flex\">\n<p>&#8211;<\/p>\n\n\n\n<p>22,70\u20ac<\/p>\n\n\n\n<p>&#8211;<\/p>\n\n\n\n<p>27,10\u20ac<\/p>\n\n\n\n<p>29,65\u20ac<\/p>\n\n\n\n<p>38,00\u20ac<\/p>\n\n\n\n<p>63,00\u20ac<\/p>\n\n\n\n<p>85,50\u20ac<\/p>\n\n\n\n<p>104,50\u20ac<\/p>\n<\/div>\n\n<\/div><\/div>\n\n\n\n<div class=\"wp-block-column is-layout-flow wp-block-column-is-layout-flow\" style=\"flex-basis:17.07%\"><div class=\"gb-container gb-container-8230d81a\">\n\n<h6 class=\"gb-headline gb-headline-88302a52 gb-headline-text translation-block\">To <em>Other destinations (outside EU and Switzerland)<\/em><\/h6>\n\n\n\n<div class=\"wp-block-group is-vertical is-layout-flex wp-container-core-group-is-layout-8cf370e7 wp-block-group-is-layout-flex\">\n<p>&#8211;<\/p>\n\n\n\n<p>33,50\u20ac<\/p>\n\n\n\n<p>&#8211;<\/p>\n\n\n\n<p>37,30\u20ac<\/p>\n\n\n\n<p>51,40\u20ac<\/p>\n\n\n\n<p>75,00\u20ac<\/p>\n\n\n\n<p>142,00\u20ac<\/p>\n\n\n\n<p>201,00\u20ac<\/p>\n\n\n\n<p>245,00\u20ac<\/p>\n<\/div>\n\n<\/div><\/div>\n<\/div>\n\n\n\n<div class=\"wp-block-columns uag-hide-desktop uag-hide-tab is-layout-flex wp-container-core-columns-is-layout-9d6595d7 wp-block-columns-is-layout-flex\">\n<div class=\"wp-block-column is-layout-flow wp-block-column-is-layout-flow\" style=\"flex-basis:16.65%\"><div class=\"gb-container gb-container-ec6c8457\">\n\n<h5 class=\"gb-headline gb-headline-17cb9184 gb-headline-text\"><em>To Metropolitan France, Andorra, Monaco<\/em><\/h5>\n\n\n\n<div class=\"wp-block-columns is-not-stacked-on-mobile is-layout-flex wp-container-core-columns-is-layout-9d6595d7 wp-block-columns-is-layout-flex\">\n<div class=\"wp-block-column is-layout-flow wp-block-column-is-layout-flow\">\n<div class=\"wp-block-group is-vertical is-content-justification-center is-layout-flex wp-container-core-group-is-layout-4b2eccd6 wp-block-group-is-layout-flex\">\n<p>250g<\/p>\n\n\n\n<p>500g<\/p>\n\n\n\n<p>750g<\/p>\n\n\n\n<p>1kg<\/p>\n\n\n\n<p>2kg<\/p>\n\n\n\n<p>5kg<\/p>\n\n\n\n<p>10kg<\/p>\n\n\n\n<p>15kg<\/p>\n\n\n\n<p>30kg<\/p>\n<\/div>\n<\/div>\n\n\n\n<div class=\"wp-block-column is-layout-flow wp-block-column-is-layout-flow\">\n<div class=\"wp-block-group is-vertical is-content-justification-center is-layout-flex wp-container-core-group-is-layout-4b2eccd6 wp-block-group-is-layout-flex\">\n<p>5,25\u20ac<\/p>\n\n\n\n<p>7,35\u20ac<\/p>\n\n\n\n<p>8,65\u20ac<\/p>\n\n\n\n<p>9,40\u20ac<\/p>\n\n\n\n<p>10,70\u20ac<\/p>\n\n\n\n<p>16,60\u20ac<\/p>\n\n\n\n<p>24,20\u20ac<\/p>\n\n\n\n<p>30,55\u20ac<\/p>\n\n\n\n<p>37,85\u20ac<\/p>\n<\/div>\n<\/div>\n<\/div>\n\n<\/div><\/div>\n\n\n\n<div class=\"wp-block-column is-layout-flow wp-block-column-is-layout-flow\" style=\"flex-basis:16.72%\"><div class=\"gb-container gb-container-9e454577\">\n\n<h5 class=\"gb-headline gb-headline-2e371009 gb-headline-text translation-block\"><em>To<\/em>France Overseas 1 (<em><em>Guadeloupe, Martinique, Guyana, Reunion, Mayotte, Saint-Pierre-et-Miquelon, Saint-Martin, Saint-Barth\u00e9lemy<\/em><\/em>)<\/h5>\n\n\n\n<div class=\"wp-block-columns is-not-stacked-on-mobile is-layout-flex wp-container-core-columns-is-layout-9d6595d7 wp-block-columns-is-layout-flex\">\n<div class=\"wp-block-column is-layout-flow wp-block-column-is-layout-flow\">\n<div class=\"wp-block-group is-vertical is-content-justification-center is-layout-flex wp-container-core-group-is-layout-4b2eccd6 wp-block-group-is-layout-flex\">\n<p>250g<\/p>\n\n\n\n<p>500g<\/p>\n\n\n\n<p>750g<\/p>\n\n\n\n<p>1kg<\/p>\n\n\n\n<p>2kg<\/p>\n\n\n\n<p>5kg<\/p>\n\n\n\n<p>10kg<\/p>\n\n\n\n<p>15kg<\/p>\n\n\n\n<p>30kg<\/p>\n<\/div>\n<\/div>\n\n\n\n<div class=\"wp-block-column is-layout-flow wp-block-column-is-layout-flow\">\n<div class=\"wp-block-group is-vertical is-content-justification-center is-layout-flex wp-container-core-group-is-layout-4b2eccd6 wp-block-group-is-layout-flex\">\n<p>&#8211;<\/p>\n\n\n\n<p>12,65\u20ac<\/p>\n\n\n\n<p>&#8211;<\/p>\n\n\n\n<p>20,00\u20ac<\/p>\n\n\n\n<p>27,25\u20ac<\/p>\n\n\n\n<p>40,95\u20ac<\/p>\n\n\n\n<p>65,60\u20ac<\/p>\n\n\n\n<p>137,05<\/p>\n\n\n\n<p>150,55\u20ac<\/p>\n<\/div>\n<\/div>\n<\/div>\n\n<\/div><\/div>\n\n\n\n<div class=\"wp-block-column uag-hide-desktop uag-hide-tab is-layout-flow wp-block-column-is-layout-flow\" style=\"flex-basis:16.65%\"><div class=\"gb-container gb-container-6ed19235\">\n\n<h5 class=\"gb-headline gb-headline-ff304c0a gb-headline-text translation-block\"><em>To<\/em>France Outre Mer 2 (<em>New Caledonia, French Polynesia, Wallis and Futuna, French Southern and Antarctic Lands<\/em>)<\/h5>\n\n\n\n<div class=\"wp-block-columns is-not-stacked-on-mobile is-layout-flex wp-container-core-columns-is-layout-9d6595d7 wp-block-columns-is-layout-flex\">\n<div class=\"wp-block-column is-layout-flow wp-block-column-is-layout-flow\">\n<div class=\"wp-block-group is-vertical is-content-justification-center is-layout-flex wp-container-core-group-is-layout-4b2eccd6 wp-block-group-is-layout-flex\">\n<p>250g<\/p>\n\n\n\n<p>500g<\/p>\n\n\n\n<p>750g<\/p>\n\n\n\n<p>1kg<\/p>\n\n\n\n<p>2kg<\/p>\n\n\n\n<p>5kg<\/p>\n\n\n\n<p>10kg<\/p>\n\n\n\n<p>15kg<\/p>\n\n\n\n<p>30kg<\/p>\n<\/div>\n<\/div>\n\n\n\n<div class=\"wp-block-column is-layout-flow wp-block-column-is-layout-flow\">\n<div class=\"wp-block-group is-vertical is-content-justification-center is-layout-flex wp-container-core-group-is-layout-4b2eccd6 wp-block-group-is-layout-flex\">\n<p>&#8211;<\/p>\n\n\n\n<p>12,85\u20ac<\/p>\n\n\n\n<p>&#8211;<\/p>\n\n\n\n<p>19,95\u20ac<\/p>\n\n\n\n<p>35,25\u20ac<\/p>\n\n\n\n<p>58,90\u20ac<\/p>\n\n\n\n<p>115,35\u20ac<\/p>\n\n\n\n<p>263,15\u20ac<\/p>\n\n\n\n<p>302,35\u20ac<\/p>\n<\/div>\n<\/div>\n<\/div>\n\n<\/div><\/div>\n\n\n\n<div class=\"wp-block-column is-layout-flow wp-block-column-is-layout-flow\" style=\"flex-basis:17%\"><div class=\"gb-container gb-container-4b0cc15f\">\n\n<h5 class=\"gb-headline gb-headline-43b9e416 gb-headline-text\">To the EU, Switzerland, Liechtenstein, San Marino and the Vatican<\/h5>\n\n\n\n<div class=\"wp-block-columns is-not-stacked-on-mobile is-layout-flex wp-container-core-columns-is-layout-9d6595d7 wp-block-columns-is-layout-flex\">\n<div class=\"wp-block-column is-layout-flow wp-block-column-is-layout-flow\">\n<div class=\"wp-block-group is-vertical is-content-justification-center is-layout-flex wp-container-core-group-is-layout-4b2eccd6 wp-block-group-is-layout-flex\">\n<p>250g<\/p>\n\n\n\n<p>500g<\/p>\n\n\n\n<p>750g<\/p>\n\n\n\n<p>1kg<\/p>\n\n\n\n<p>2kg<\/p>\n\n\n\n<p>5kg<\/p>\n\n\n\n<p>10kg<\/p>\n\n\n\n<p>15kg<\/p>\n\n\n\n<p>30kg<\/p>\n<\/div>\n<\/div>\n\n\n\n<div class=\"wp-block-column is-layout-flow wp-block-column-is-layout-flow\">\n<div class=\"wp-block-group is-vertical is-content-justification-center is-layout-flex wp-container-core-group-is-layout-4b2eccd6 wp-block-group-is-layout-flex\">\n<p>&#8211;<\/p>\n\n\n\n<p>14,85\u20ac<\/p>\n\n\n\n<p>&#8211;<\/p>\n\n\n\n<p>18,45\u20ac<\/p>\n\n\n\n<p>20,90\u20ac<\/p>\n\n\n\n<p>26,80\u20ac<\/p>\n\n\n\n<p>44,20\u20ac<\/p>\n\n\n\n<p>64,80\u20ac<\/p>\n\n\n\n<p>84,00\u20ac<\/p>\n<\/div>\n<\/div>\n<\/div>\n\n<\/div><\/div>\n\n\n\n<div class=\"wp-block-column is-layout-flow wp-block-column-is-layout-flow\" style=\"flex-basis:16.65%\"><div class=\"gb-container gb-container-24e0b319\">\n\n<h5 class=\"gb-headline gb-headline-2eb6a254 gb-headline-text\">To United Kingdom<\/h5>\n\n\n\n<div class=\"wp-block-columns is-not-stacked-on-mobile is-layout-flex wp-container-core-columns-is-layout-9d6595d7 wp-block-columns-is-layout-flex\">\n<div class=\"wp-block-column is-layout-flow wp-block-column-is-layout-flow\">\n<div class=\"wp-block-group is-vertical is-content-justification-center is-layout-flex wp-container-core-group-is-layout-4b2eccd6 wp-block-group-is-layout-flex\">\n<p>250g<\/p>\n\n\n\n<p>500g<\/p>\n\n\n\n<p>750g<\/p>\n\n\n\n<p>1kg<\/p>\n\n\n\n<p>2kg<\/p>\n\n\n\n<p>5kg<\/p>\n\n\n\n<p>10kg<\/p>\n\n\n\n<p>15kg<\/p>\n\n\n\n<p>30kg<\/p>\n<\/div>\n<\/div>\n\n\n\n<div class=\"wp-block-column is-layout-flow wp-block-column-is-layout-flow\">\n<div class=\"wp-block-group is-vertical is-content-justification-center is-layout-flex wp-container-core-group-is-layout-4b2eccd6 wp-block-group-is-layout-flex\">\n<p>&#8211;<\/p>\n\n\n\n<p>17,85\u20ac<\/p>\n\n\n\n<p>&#8211;<\/p>\n\n\n\n<p>21,45\u20ac<\/p>\n\n\n\n<p>23,90\u20ac<\/p>\n\n\n\n<p>29,80\u20ac<\/p>\n\n\n\n<p>47,20\u20ac<\/p>\n\n\n\n<p>67,80\u20ac<\/p>\n\n\n\n<p>87,00\u20ac<\/p>\n<\/div>\n<\/div>\n<\/div>\n\n<\/div><\/div>\n\n\n\n<div class=\"wp-block-column is-layout-flow wp-block-column-is-layout-flow\" style=\"flex-basis:16.65%\"><div class=\"gb-container gb-container-69e0cdf2\">\n\n<h5 class=\"gb-headline gb-headline-6840956e gb-headline-text translation-block\">To <em>Eastern Europe (outside EU, Switzerland and Russia), Norway and Maghreb<\/em><\/h5>\n\n\n\n<div class=\"wp-block-columns is-not-stacked-on-mobile is-layout-flex wp-container-core-columns-is-layout-9d6595d7 wp-block-columns-is-layout-flex\">\n<div class=\"wp-block-column is-layout-flow wp-block-column-is-layout-flow\">\n<div class=\"wp-block-group is-vertical is-content-justification-center is-layout-flex wp-container-core-group-is-layout-4b2eccd6 wp-block-group-is-layout-flex\">\n<p>250g<\/p>\n\n\n\n<p>500g<\/p>\n\n\n\n<p>750g<\/p>\n\n\n\n<p>1kg<\/p>\n\n\n\n<p>2kg<\/p>\n\n\n\n<p>5kg<\/p>\n\n\n\n<p>10kg<\/p>\n\n\n\n<p>15kg<\/p>\n\n\n\n<p>30kg<\/p>\n<\/div>\n<\/div>\n\n\n\n<div class=\"wp-block-column is-layout-flow wp-block-column-is-layout-flow\">\n<div class=\"wp-block-group is-vertical is-content-justification-center is-layout-flex wp-container-core-group-is-layout-4b2eccd6 wp-block-group-is-layout-flex\">\n<p>&#8211;<\/p>\n\n\n\n<p>22,70\u20ac<\/p>\n\n\n\n<p>&#8211;<\/p>\n\n\n\n<p>27,10\u20ac<\/p>\n\n\n\n<p>29,65\u20ac<\/p>\n\n\n\n<p>38,00\u20ac<\/p>\n\n\n\n<p>63,00\u20ac<\/p>\n\n\n\n<p>85,50\u20ac<\/p>\n\n\n\n<p>104,50\u20ac<\/p>\n<\/div>\n<\/div>\n<\/div>\n\n<\/div><\/div>\n\n\n\n<div class=\"wp-block-column is-layout-flow wp-block-column-is-layout-flow\" style=\"flex-basis:16.65%\"><div class=\"gb-container gb-container-98a25eb8\">\n\n<h5 class=\"gb-headline gb-headline-fedd3123 gb-headline-text translation-block\">To <em>Other destinations (outside EU and Switzerland)<\/em><\/h5>\n\n\n\n<div class=\"wp-block-columns is-not-stacked-on-mobile is-layout-flex wp-container-core-columns-is-layout-9d6595d7 wp-block-columns-is-layout-flex\">\n<div class=\"wp-block-column is-layout-flow wp-block-column-is-layout-flow\">\n<div class=\"wp-block-group is-vertical is-content-justification-center is-layout-flex wp-container-core-group-is-layout-4b2eccd6 wp-block-group-is-layout-flex\">\n<p>250g<\/p>\n\n\n\n<p>500g<\/p>\n\n\n\n<p>750g<\/p>\n\n\n\n<p>1kg<\/p>\n\n\n\n<p>2kg<\/p>\n\n\n\n<p>5kg<\/p>\n\n\n\n<p>10kg<\/p>\n\n\n\n<p>15kg<\/p>\n\n\n\n<p>30kg<\/p>\n<\/div>\n<\/div>\n\n\n\n<div class=\"wp-block-column is-layout-flow wp-block-column-is-layout-flow\">\n<div class=\"wp-block-group is-vertical is-content-justification-center is-layout-flex wp-container-core-group-is-layout-4b2eccd6 wp-block-group-is-layout-flex\">\n<p>&#8211;<\/p>\n\n\n\n<p>33,50\u20ac<\/p>\n\n\n\n<p>&#8211;<\/p>\n\n\n\n<p>37,30\u20ac<\/p>\n\n\n\n<p>51,40\u20ac<\/p>\n\n\n\n<p>75,00\u20ac<\/p>\n\n\n\n<p>142,00\u20ac<\/p>\n\n\n\n<p>201,00\u20ac<\/p>\n\n\n\n<p>245,00\u20ac<\/p>\n<\/div>\n<\/div>\n<\/div>\n\n<\/div><\/div>\n<\/div>\n\n\n\n<hr class=\"wp-block-separator has-alpha-channel-opacity\"\/>\n\n\n\n<h3 class=\"gb-headline gb-headline-25514958 gb-headline-text\">Delivery times<\/h3>\n\n\n\n<p class=\"translation-block\">According to the information provided on <a href=\"https:\/\/www.laposte.fr\/\" title=\"\" target=\"_self\">laposte.fr<\/a> , here are the <strong>Collissimo<\/strong> delivery times in 2025:<\/p>\n\n\n\n<ul class=\"wp-block-list\">\n<li>In mainland France, Principalities of Monaco and Andorra: 48 to 72 hours (2 to 3 working days) for home delivery.<\/li>\n\n\n\n<li class=\"translation-block\">For international shipments: 4 to 8 working days, except for remote countries where delivery times may vary (see <a href=\"https:\/\/www.collissimo.fr\" target=\"_blank\" rel=\"noopener\" title=\"\">colissimo.fr<\/a> for specific information).<\/li>\n\n\n\n<li>For bulky shipments: 10 working days for collection from the post office, after this period the package will be returned to the sender.<\/li>\n<\/ul>\n\n\n\n<p>It is important to note that these times are indicative and may vary depending on various factors, including the order being taken, the time the package is dropped off and public holidays. You can track the progress of your package online using the parcel number provided when it was sent.<\/p>\n\n\n\n<hr class=\"wp-block-separator has-alpha-channel-opacity\"\/>\n\n\n\n<h3 class=\"gb-headline gb-headline-2ba1ad0c gb-headline-text\">Returns<\/h3>\n\n\n\n<p>Order returns are permitted under certain conditions. In the event that a purchased item is not suitable upon receipt, we authorize the purchaser of said product to return it to us at their own expense, using the same delivery service that we used to send it to them.<\/p>\n\n\n\n<p>Vous disposez d&rsquo;un d\u00e9lai de 30 jours, suite \u00e0 la r\u00e9ception du ou des articles achet\u00e9(s), pour effectuer votre retour.<\/p>\n\n\n\n<p>A full refund will then be made after receipt of the return and checking the condition of the item(s). If this condition is identical to that which was in it at the time of the order, the refund will be triggered.<\/p>\n\n\n\n<p>We therefore ask that the book be sent in careful, solid packaging and under protection that guarantees it a damage-free journey (e.g. original packaging, cardboard packaging with bubble wrap, etc.). Otherwise, we will not be able to accept the refund.<\/p>","protected":false},"excerpt":{"rendered":"<p>*La livraison ainsi que les retours sont r\u00e9alis\u00e9s par les services de La poste. Pour des informations compl\u00e9mentaires \u00e0 celles d\u00e9crites ci-dessous, merci de vous r\u00e9f\u00e9rer \u00e0 leur site web https:\/\/www.laposte.fr. Mode de livraison Par d\u00e9faut, nos livres sont envoy\u00e9s en Collissimo contre signature. En effet, \u00e9tant donn\u00e9 la qualit\u00e9 et la valeur de nos &#8230; <a title=\"Delivery and returns\" class=\"read-more\" href=\"https:\/\/www.livresentre2actions.fr\/en\/livraison-et-retours\/\" aria-label=\"Read more about Livraison et retours*\">Read more<\/a><\/p>","protected":false},"author":1,"featured_media":0,"parent":0,"menu_order":0,"comment_status":"closed","ping_status":"closed","template":"","meta":{"_eb_attr":"","footnotes":""},"class_list":["post-7966","page","type-page","status-publish"],"aioseo_notices":[],"_links":{"self":[{"href":"https:\/\/www.livresentre2actions.fr\/en\/wp-json\/wp\/v2\/pages\/7966","targetHints":{"allow":["GET"]}}],"collection":[{"href":"https:\/\/www.livresentre2actions.fr\/en\/wp-json\/wp\/v2\/pages"}],"about":[{"href":"https:\/\/www.livresentre2actions.fr\/en\/wp-json\/wp\/v2\/types\/page"}],"author":[{"embeddable":true,"href":"https:\/\/www.livresentre2actions.fr\/en\/wp-json\/wp\/v2\/users\/1"}],"replies":[{"embeddable":true,"href":"https:\/\/www.livresentre2actions.fr\/en\/wp-json\/wp\/v2\/comments?post=7966"}],"version-history":[{"count":0,"href":"https:\/\/www.livresentre2actions.fr\/en\/wp-json\/wp\/v2\/pages\/7966\/revisions"}],"wp:attachment":[{"href":"https:\/\/www.livresentre2actions.fr\/en\/wp-json\/wp\/v2\/media?parent=7966"}],"curies":[{"name":"wp","href":"https:\/\/api.w.org\/{rel}","templated":true}]}}