{"id":5761,"date":"2024-10-17T17:18:05","date_gmt":"2024-10-17T15:18:05","guid":{"rendered":"http:\/\/localhost\/livresentre2actions\/?page_id=5761"},"modified":"2024-12-15T16:39:20","modified_gmt":"2024-12-15T15:39:20","slug":"mentions-legalescgu-et-confidentialite","status":"publish","type":"page","link":"https:\/\/www.livresentre2actions.fr\/en\/mentions-legalescgu-et-confidentialite\/","title":{"rendered":"Legal notices"},"content":{"rendered":"<h2 class=\"gb-headline gb-headline-ab009d43 gb-headline-text\">Legal notices, general conditions of use and privacy policy<\/h2>\n\n\n\n<h3 class=\"wp-block-heading\">Who are we ?<\/h3>\n\n\n\n<p>The publication of the site livresentre2actions.fr is provided by the company ENTRE DEUX ACTIONS registered with the RCS of ARRAS under number 48533700000031, whose head office is located at 31, rue BRULOIS CHEVALIER 62232 VENDIN-LES-BETHUNE, Metropolitan France.<\/p>\n\n\n\n<p>The host of the site livresentre2actions.fr is the company OVH, located at 2 rue Kellermann \u2013 59100 Roubaix \u2013 France.<\/p>\n\n\n\n<h3 class=\"gb-headline gb-headline-c43260af gb-headline-text\">Website access<\/h3>\n\n\n\n<p>The site livresentre2actions.fr provides free access to the following services:<\/p>\n\n\n\n<ul class=\"wp-block-list\">\n<li>Old books sale<\/li>\n<\/ul>\n\n\n\n<p>The site is accessible free of charge from anywhere by any user with Internet access. All costs necessary for access to the services (computer equipment, Internet connection, etc.) are the responsibility of the user.<\/p>\n\n\n\n<p>Access to services dedicated to members is via a username and password.<\/p>\n\n\n\n<p>For maintenance or other reasons, access to the site may be interrupted or suspended by the publisher without notice or justification.<\/p>\n\n\n\n<h3 class=\"wp-block-heading\">Responsability<\/h3>\n\n\n\n<p class=\"translation-block\">The company ENTRE DEUX ACTIONS, in the distance selling process, is only bound by an obligation of means. Its liability cannot be incurred for damage resulting from the use of the Internet network such as loss of data, intrusion, viruses, service interruption, or other involuntary problems.<\/p>\n\n\n\n<h3 class=\"wp-block-heading\">Intellectual property<\/h3>\n\n\n\n<p class=\"translation-block\">All elements of the site https:\/\/www.livresentre2actions.fr are and remain the intellectual and exclusive property of the company ENTRE DEUX ACTIONS<em>.<\/em> No one is authorized to reproduce, exploit, or use for any purpose whatsoever, even partially, elements of the site whether in the form of photo, logo, visual or text.<\/p>\n\n\n\n<h3 class=\"wp-block-heading\">Personal data<\/h3>\n\n\n\n<p>For the creation of the User account, the collection of information at the time of registration on the site is necessary and mandatory. In accordance with Law No. 78-17 of January 6 relating to information technology, files and freedoms, the collection and processing of personal information is carried out with respect for privacy.<\/p>\n\n\n\n<p>According to the Franch Data Protection Act of 6 January 1978, Articles 39 and 40, the User has the right to access, rectify, delete and oppose his\/her personal data. The exercise of this right is carried out by:<\/p>\n\n\n\n<ul class=\"wp-block-list\">\n<li>the contact form<\/li>\n\n\n\n<li class=\"translation-block\">Send a letter to the following address: ENTRE DEUX ACTIONS, 31 Brulois Chevalier 62232 VENDIN-LES-BETHUNE.<\/li>\n<\/ul>\n\n\n\n<p>When visitors leave comments on our site we collect the data shown in the comments form, as well as the visitor\u2019s IP address and browser user agent string to help spam detection.<\/p>\n\n\n\n<h3 class=\"wp-block-heading\">Use and transmission of your personal data<\/h3>\n\n\n\n<p>If you request a password reset, your IP address will be included in the reset email.<\/p>\n\n\n\n<h3 class=\"wp-block-heading\">Storage durations of your data<\/h3>\n\n\n\n<p>If you leave a comment, the comment and its metadata are retained indefinitely. This is so we can recognize and approve any follow-up comments automatically instead of holding them in a moderation queue.<\/p>\n\n\n\n<p>For accounts that register on our website (if any), we also store the personal information they provide in their user profile. All accounts can see, edit, or delete their personal information at any time (except they cannot change their username). Website administrators can also see and edit that information.<\/p>\n\n\n\n<h3 class=\"gb-headline gb-headline-8a636c30 gb-headline-text\">Comments<\/h3>\n\n\n\n<p>An anonymized string created from your email address (also called a hash) may be provided to the Gravatar service to see if you are using it. The Gravatar service privacy policy is available here: https:\/\/automattic.com\/privacy\/. After approval of your comment, your profile picture is visible to the public in the context of your comment.<\/p>\n\n\n\n<h3 class=\"wp-block-heading\">Medias<\/h3>\n\n\n\n<p>If you upload images to the website, you should avoid uploading images with embedded location data (EXIF GPS) included. Visitors to the website can download and extract any location data from images on the website.<\/p>\n\n\n\n<h3 class=\"wp-block-heading\">Cookies<\/h3>\n\n\n\n<p><strong class=\"privacy-policy-tutorial\"> <\/strong>If you leave a comment on our site you may opt-in to saving your name, email address and website in cookies. These are for your convenience so that you do not have to fill in your details again when you leave another comment. These cookies will last for one year.<\/p>\n\n\n\n<p>If you visit our login page, we will set a temporary cookie to determine if your browser accepts cookies. This cookie contains no personal data and is discarded when you close your browser.<\/p>\n\n\n\n<p>When you log in, we will also set up several cookies to save your login information and your screen display choices. Login cookies last for two days, and screen options cookies last for a year. If you select \u201cRemember Me\u201d, your login will persist for two weeks. If you log out of your account, the login cookies will be removed.<\/p>\n\n\n\n<p>By editing or publishing a post, an additional cookie will be saved in your browser. This cookie includes no personal data and simply indicates the post ID of the post you just edited. It expires after 1 day.<\/p>\n\n\n\n<h3 class=\"wp-block-heading\">Embedded content from other sites<\/h3>\n\n\n\n<p>Articles on this site may include embedded content (e.g. videos, images, articles, etc.). Embedded content from other websites behaves in the exact same way as if the visitor has visited the other website.<\/p>\n\n\n\n<p>These websites may collect data about you, use cookies, embed additional third-party tracking, and monitor your interaction with that embedded content, including tracking your interaction with the embedded content if you have an account and are logged in to that website.<\/p>","protected":false},"excerpt":{"rendered":"<p>Mentions l\u00e9gales, conditions g\u00e9n\u00e9rales d&rsquo;utilisation et politique de confidentialit\u00e9 Qui sommes-nous&nbsp;? L\u2019\u00e9dition du site livresentre2actions.fr est assur\u00e9e par la soci\u00e9t\u00e9 ENTRE DEUX ACTIONS inscrite au RCS d&rsquo;ARRAS sous le num\u00e9ro 48533700000031, dont le si\u00e8ge social est situ\u00e9 au 31, rue BRULOIS CHEVALIER 62232 VENDIN-LES-BETHUNE, France M\u00e9tropolitaine. L\u2019h\u00e9bergeur du site livresentre2actions.fr est la soci\u00e9t\u00e9 OVH, sise &#8230; <a title=\"Legal notices\" class=\"read-more\" href=\"https:\/\/www.livresentre2actions.fr\/en\/mentions-legalescgu-et-confidentialite\/\" aria-label=\"Read more about Mentions l\u00e9gales, CGU et confidentialit\u00e9\">Read more<\/a><\/p>","protected":false},"author":1,"featured_media":0,"parent":0,"menu_order":0,"comment_status":"closed","ping_status":"closed","template":"","meta":{"_eb_attr":"","footnotes":""},"class_list":["post-5761","page","type-page","status-publish"],"aioseo_notices":[],"_links":{"self":[{"href":"https:\/\/www.livresentre2actions.fr\/en\/wp-json\/wp\/v2\/pages\/5761","targetHints":{"allow":["GET"]}}],"collection":[{"href":"https:\/\/www.livresentre2actions.fr\/en\/wp-json\/wp\/v2\/pages"}],"about":[{"href":"https:\/\/www.livresentre2actions.fr\/en\/wp-json\/wp\/v2\/types\/page"}],"author":[{"embeddable":true,"href":"https:\/\/www.livresentre2actions.fr\/en\/wp-json\/wp\/v2\/users\/1"}],"replies":[{"embeddable":true,"href":"https:\/\/www.livresentre2actions.fr\/en\/wp-json\/wp\/v2\/comments?post=5761"}],"version-history":[{"count":0,"href":"https:\/\/www.livresentre2actions.fr\/en\/wp-json\/wp\/v2\/pages\/5761\/revisions"}],"wp:attachment":[{"href":"https:\/\/www.livresentre2actions.fr\/en\/wp-json\/wp\/v2\/media?parent=5761"}],"curies":[{"name":"wp","href":"https:\/\/api.w.org\/{rel}","templated":true}]}}